{"id":188612,"date":"2024-10-02T12:20:49","date_gmt":"2024-10-02T11:20:49","guid":{"rendered":"https:\/\/notenbeurs.nl\/suedliche-fruechte\/"},"modified":"2024-10-23T08:36:27","modified_gmt":"2024-10-23T07:36:27","slug":"suedliche-fruechte","status":"publish","type":"page","link":"https:\/\/notenbeurs.nl\/de\/produktgruppen\/suedliche-fruechte\/","title":{"rendered":"S\u00fcdliche Fr\u00fcchte"},"content":{"rendered":"<p><strong>Gesunde<\/strong><\/p>\n<p>S\u00fcdfr\u00fcchte sind schmackhaft und gesund und haben viele Vorteile f\u00fcr Ihren K\u00f6rper. Sie sind vollgepackt mit Vitaminen und Mineralien (Kalzium). Der Vitamin-B-Komplex ist besonders gut vertreten.<\/p>\n<p>&nbsp;<\/p>\n<p>B-Vitamine werden ben\u00f6tigt, um Zucker, Fette und Proteine zu speichern und abzubauen. Da unser K\u00f6rper B-Vitamine nicht selbst herstellen kann m\u00fcssen wir sie \u00fcber die Nahrung aufnehmen.<\/p>\n<p>&nbsp;<\/p>\n<p>Au\u00dferdem sind S\u00fcdfr\u00fcchte reich an Ballaststoffen, was sie zu einem perfekten Snack macht. Ballaststoffe sorgen f\u00fcr ein S\u00e4ttigungsgef\u00fchl und sind gut f\u00fcr den Stuhlgang (Ballaststoffe f\u00f6rdern eine gesunde Darmt\u00e4tigkeit) und die Verdauung. Kurzum, ein leckerer und gesunder Snack!<\/p>\n<p>&nbsp;<\/p>\n<p>M\u00f6chten Sie mehr \u00fcber unsere S\u00fcdfr\u00fcchte erfahren? Dann wenden Sie sich an unseren Verkaufsinnendienst! Sie freuen sich auf ein Gespr\u00e4ch mit Ihnen.<\/p>\n","protected":false},"excerpt":{"rendered":"<p>Gesunde S\u00fcdfr\u00fcchte sind schmackhaft und gesund und haben viele Vorteile f\u00fcr Ihren K\u00f6rper. Sie sind vollgepackt mit Vitaminen und Mineralien (Kalzium). Der Vitamin-B-Komplex ist besonders gut vertreten. &nbsp; B-Vitamine werden ben\u00f6tigt, um Zucker, Fette und Proteine zu speichern und abzubauen. Da unser K\u00f6rper B-Vitamine nicht selbst herstellen kann m\u00fcssen wir sie \u00fcber die Nahrung aufnehmen. [&hellip;]<\/p>\n","protected":false},"author":7,"featured_media":188614,"parent":188774,"menu_order":0,"comment_status":"closed","ping_status":"closed","template":"","meta":{"footnotes":""},"class_list":["post-188612","page","type-page","status-publish","has-post-thumbnail","hentry"],"yoast_head":"<!-- This site is optimized with the Yoast SEO plugin v26.9 - https:\/\/yoast.com\/product\/yoast-seo-wordpress\/ -->\n<title>S\u00fcdliche Fr\u00fcchte - De NotenBeurs<\/title>\n<meta name=\"description\" content=\"S\u00fcdfr\u00fcchte sind schmackhaft und gesund und haben viele Vorteile f\u00fcr Ihren K\u00f6rper. Sie sind vollgepackt mit Vitaminen und Mineralien (Kalzium). Der Vitamin-B-Komplex ist besonders gut vertreten.\" \/>\n<meta name=\"robots\" content=\"index, follow, max-snippet:-1, max-image-preview:large, max-video-preview:-1\" \/>\n<link rel=\"canonical\" href=\"https:\/\/notenbeurs.nl\/de\/produktgruppen\/suedliche-fruechte\/\" \/>\n<meta property=\"og:locale\" content=\"de_DE\" \/>\n<meta property=\"og:type\" content=\"article\" \/>\n<meta property=\"og:title\" content=\"S\u00fcdliche Fr\u00fcchte - De NotenBeurs\" \/>\n<meta property=\"og:description\" content=\"S\u00fcdfr\u00fcchte sind schmackhaft und gesund und haben viele Vorteile f\u00fcr Ihren K\u00f6rper. Sie sind vollgepackt mit Vitaminen und Mineralien (Kalzium). Der Vitamin-B-Komplex ist besonders gut vertreten.\" \/>\n<meta property=\"og:url\" content=\"https:\/\/notenbeurs.nl\/de\/produktgruppen\/suedliche-fruechte\/\" \/>\n<meta property=\"og:site_name\" content=\"De NotenBeurs\" \/>\n<meta property=\"article:publisher\" content=\"https:\/\/www.facebook.com\/deNotenbeurs\/\" \/>\n<meta property=\"article:modified_time\" content=\"2024-10-23T07:36:27+00:00\" \/>\n<meta property=\"og:image\" content=\"https:\/\/notenbeurs.nl\/wp-content\/uploads\/2024\/06\/noten-zuidvruchten-comp-landscape.jpg\" \/>\n\t<meta property=\"og:image:width\" content=\"2540\" \/>\n\t<meta property=\"og:image:height\" content=\"1693\" \/>\n\t<meta property=\"og:image:type\" content=\"image\/jpeg\" \/>\n<meta name=\"twitter:label1\" content=\"Gesch\u00e4tzte Lesezeit\" \/>\n\t<meta name=\"twitter:data1\" content=\"1\u00a0Minute\" \/>\n<script type=\"application\/ld+json\" class=\"yoast-schema-graph\">{\"@context\":\"https:\/\/schema.org\",\"@graph\":[{\"@type\":\"WebPage\",\"@id\":\"https:\/\/notenbeurs.nl\/de\/produktgruppen\/suedliche-fruechte\/\",\"url\":\"https:\/\/notenbeurs.nl\/de\/produktgruppen\/suedliche-fruechte\/\",\"name\":\"S\u00fcdliche Fr\u00fcchte - De NotenBeurs\",\"isPartOf\":{\"@id\":\"https:\/\/notenbeurs.nl\/de\/#website\"},\"primaryImageOfPage\":{\"@id\":\"https:\/\/notenbeurs.nl\/de\/produktgruppen\/suedliche-fruechte\/#primaryimage\"},\"image\":{\"@id\":\"https:\/\/notenbeurs.nl\/de\/produktgruppen\/suedliche-fruechte\/#primaryimage\"},\"thumbnailUrl\":\"https:\/\/notenbeurs.nl\/wp-content\/uploads\/2024\/06\/noten-zuidvruchten-comp-landscape.jpg\",\"datePublished\":\"2024-10-02T11:20:49+00:00\",\"dateModified\":\"2024-10-23T07:36:27+00:00\",\"description\":\"S\u00fcdfr\u00fcchte sind schmackhaft und gesund und haben viele Vorteile f\u00fcr Ihren K\u00f6rper. Sie sind vollgepackt mit Vitaminen und Mineralien (Kalzium). Der Vitamin-B-Komplex ist besonders gut vertreten.\",\"breadcrumb\":{\"@id\":\"https:\/\/notenbeurs.nl\/de\/produktgruppen\/suedliche-fruechte\/#breadcrumb\"},\"inLanguage\":\"de\",\"potentialAction\":[{\"@type\":\"ReadAction\",\"target\":[\"https:\/\/notenbeurs.nl\/de\/produktgruppen\/suedliche-fruechte\/\"]}]},{\"@type\":\"ImageObject\",\"inLanguage\":\"de\",\"@id\":\"https:\/\/notenbeurs.nl\/de\/produktgruppen\/suedliche-fruechte\/#primaryimage\",\"url\":\"https:\/\/notenbeurs.nl\/wp-content\/uploads\/2024\/06\/noten-zuidvruchten-comp-landscape.jpg\",\"contentUrl\":\"https:\/\/notenbeurs.nl\/wp-content\/uploads\/2024\/06\/noten-zuidvruchten-comp-landscape.jpg\",\"width\":2540,\"height\":1693},{\"@type\":\"BreadcrumbList\",\"@id\":\"https:\/\/notenbeurs.nl\/de\/produktgruppen\/suedliche-fruechte\/#breadcrumb\",\"itemListElement\":[{\"@type\":\"ListItem\",\"position\":1,\"name\":\"Home\",\"item\":\"https:\/\/notenbeurs.nl\/de\/\"},{\"@type\":\"ListItem\",\"position\":2,\"name\":\"Produktgruppen\",\"item\":\"https:\/\/notenbeurs.nl\/de\/produktgruppen\/\"},{\"@type\":\"ListItem\",\"position\":3,\"name\":\"S\u00fcdliche Fr\u00fcchte\"}]},{\"@type\":\"WebSite\",\"@id\":\"https:\/\/notenbeurs.nl\/de\/#website\",\"url\":\"https:\/\/notenbeurs.nl\/de\/\",\"name\":\"De NotenBeurs\",\"description\":\"Totaal Groothandel in pinda&#039;s, noten en zuidvruchten\",\"publisher\":{\"@id\":\"https:\/\/notenbeurs.nl\/de\/#organization\"},\"potentialAction\":[{\"@type\":\"SearchAction\",\"target\":{\"@type\":\"EntryPoint\",\"urlTemplate\":\"https:\/\/notenbeurs.nl\/de\/?s={search_term_string}\"},\"query-input\":{\"@type\":\"PropertyValueSpecification\",\"valueRequired\":true,\"valueName\":\"search_term_string\"}}],\"inLanguage\":\"de\"},{\"@type\":\"Organization\",\"@id\":\"https:\/\/notenbeurs.nl\/de\/#organization\",\"name\":\"de NotenBeurs\",\"url\":\"https:\/\/notenbeurs.nl\/de\/\",\"logo\":{\"@type\":\"ImageObject\",\"inLanguage\":\"de\",\"@id\":\"https:\/\/notenbeurs.nl\/de\/#\/schema\/logo\/image\/\",\"url\":\"https:\/\/notenbeurs.nl\/wp-content\/uploads\/2024\/04\/DNB-premium-logo-400px-new-1.png\",\"contentUrl\":\"https:\/\/notenbeurs.nl\/wp-content\/uploads\/2024\/04\/DNB-premium-logo-400px-new-1.png\",\"width\":480,\"height\":400,\"caption\":\"de NotenBeurs\"},\"image\":{\"@id\":\"https:\/\/notenbeurs.nl\/de\/#\/schema\/logo\/image\/\"},\"sameAs\":[\"https:\/\/www.facebook.com\/deNotenbeurs\/\",\"https:\/\/nl.linkedin.com\/company\/denotenbeurs\"]}]}<\/script>\n<!-- \/ Yoast SEO plugin. -->","yoast_head_json":{"title":"S\u00fcdliche Fr\u00fcchte - De NotenBeurs","description":"S\u00fcdfr\u00fcchte sind schmackhaft und gesund und haben viele Vorteile f\u00fcr Ihren K\u00f6rper. Sie sind vollgepackt mit Vitaminen und Mineralien (Kalzium). Der Vitamin-B-Komplex ist besonders gut vertreten.","robots":{"index":"index","follow":"follow","max-snippet":"max-snippet:-1","max-image-preview":"max-image-preview:large","max-video-preview":"max-video-preview:-1"},"canonical":"https:\/\/notenbeurs.nl\/de\/produktgruppen\/suedliche-fruechte\/","og_locale":"de_DE","og_type":"article","og_title":"S\u00fcdliche Fr\u00fcchte - De NotenBeurs","og_description":"S\u00fcdfr\u00fcchte sind schmackhaft und gesund und haben viele Vorteile f\u00fcr Ihren K\u00f6rper. Sie sind vollgepackt mit Vitaminen und Mineralien (Kalzium). Der Vitamin-B-Komplex ist besonders gut vertreten.","og_url":"https:\/\/notenbeurs.nl\/de\/produktgruppen\/suedliche-fruechte\/","og_site_name":"De NotenBeurs","article_publisher":"https:\/\/www.facebook.com\/deNotenbeurs\/","article_modified_time":"2024-10-23T07:36:27+00:00","og_image":[{"width":2540,"height":1693,"url":"https:\/\/notenbeurs.nl\/wp-content\/uploads\/2024\/06\/noten-zuidvruchten-comp-landscape.jpg","type":"image\/jpeg"}],"twitter_misc":{"Gesch\u00e4tzte Lesezeit":"1\u00a0Minute"},"schema":{"@context":"https:\/\/schema.org","@graph":[{"@type":"WebPage","@id":"https:\/\/notenbeurs.nl\/de\/produktgruppen\/suedliche-fruechte\/","url":"https:\/\/notenbeurs.nl\/de\/produktgruppen\/suedliche-fruechte\/","name":"S\u00fcdliche Fr\u00fcchte - De NotenBeurs","isPartOf":{"@id":"https:\/\/notenbeurs.nl\/de\/#website"},"primaryImageOfPage":{"@id":"https:\/\/notenbeurs.nl\/de\/produktgruppen\/suedliche-fruechte\/#primaryimage"},"image":{"@id":"https:\/\/notenbeurs.nl\/de\/produktgruppen\/suedliche-fruechte\/#primaryimage"},"thumbnailUrl":"https:\/\/notenbeurs.nl\/wp-content\/uploads\/2024\/06\/noten-zuidvruchten-comp-landscape.jpg","datePublished":"2024-10-02T11:20:49+00:00","dateModified":"2024-10-23T07:36:27+00:00","description":"S\u00fcdfr\u00fcchte sind schmackhaft und gesund und haben viele Vorteile f\u00fcr Ihren K\u00f6rper. Sie sind vollgepackt mit Vitaminen und Mineralien (Kalzium). Der Vitamin-B-Komplex ist besonders gut vertreten.","breadcrumb":{"@id":"https:\/\/notenbeurs.nl\/de\/produktgruppen\/suedliche-fruechte\/#breadcrumb"},"inLanguage":"de","potentialAction":[{"@type":"ReadAction","target":["https:\/\/notenbeurs.nl\/de\/produktgruppen\/suedliche-fruechte\/"]}]},{"@type":"ImageObject","inLanguage":"de","@id":"https:\/\/notenbeurs.nl\/de\/produktgruppen\/suedliche-fruechte\/#primaryimage","url":"https:\/\/notenbeurs.nl\/wp-content\/uploads\/2024\/06\/noten-zuidvruchten-comp-landscape.jpg","contentUrl":"https:\/\/notenbeurs.nl\/wp-content\/uploads\/2024\/06\/noten-zuidvruchten-comp-landscape.jpg","width":2540,"height":1693},{"@type":"BreadcrumbList","@id":"https:\/\/notenbeurs.nl\/de\/produktgruppen\/suedliche-fruechte\/#breadcrumb","itemListElement":[{"@type":"ListItem","position":1,"name":"Home","item":"https:\/\/notenbeurs.nl\/de\/"},{"@type":"ListItem","position":2,"name":"Produktgruppen","item":"https:\/\/notenbeurs.nl\/de\/produktgruppen\/"},{"@type":"ListItem","position":3,"name":"S\u00fcdliche Fr\u00fcchte"}]},{"@type":"WebSite","@id":"https:\/\/notenbeurs.nl\/de\/#website","url":"https:\/\/notenbeurs.nl\/de\/","name":"De NotenBeurs","description":"Totaal Groothandel in pinda&#039;s, noten en zuidvruchten","publisher":{"@id":"https:\/\/notenbeurs.nl\/de\/#organization"},"potentialAction":[{"@type":"SearchAction","target":{"@type":"EntryPoint","urlTemplate":"https:\/\/notenbeurs.nl\/de\/?s={search_term_string}"},"query-input":{"@type":"PropertyValueSpecification","valueRequired":true,"valueName":"search_term_string"}}],"inLanguage":"de"},{"@type":"Organization","@id":"https:\/\/notenbeurs.nl\/de\/#organization","name":"de NotenBeurs","url":"https:\/\/notenbeurs.nl\/de\/","logo":{"@type":"ImageObject","inLanguage":"de","@id":"https:\/\/notenbeurs.nl\/de\/#\/schema\/logo\/image\/","url":"https:\/\/notenbeurs.nl\/wp-content\/uploads\/2024\/04\/DNB-premium-logo-400px-new-1.png","contentUrl":"https:\/\/notenbeurs.nl\/wp-content\/uploads\/2024\/04\/DNB-premium-logo-400px-new-1.png","width":480,"height":400,"caption":"de NotenBeurs"},"image":{"@id":"https:\/\/notenbeurs.nl\/de\/#\/schema\/logo\/image\/"},"sameAs":["https:\/\/www.facebook.com\/deNotenbeurs\/","https:\/\/nl.linkedin.com\/company\/denotenbeurs"]}]}},"_links":{"self":[{"href":"https:\/\/notenbeurs.nl\/de\/wp-json\/wp\/v2\/pages\/188612","targetHints":{"allow":["GET"]}}],"collection":[{"href":"https:\/\/notenbeurs.nl\/de\/wp-json\/wp\/v2\/pages"}],"about":[{"href":"https:\/\/notenbeurs.nl\/de\/wp-json\/wp\/v2\/types\/page"}],"author":[{"embeddable":true,"href":"https:\/\/notenbeurs.nl\/de\/wp-json\/wp\/v2\/users\/7"}],"replies":[{"embeddable":true,"href":"https:\/\/notenbeurs.nl\/de\/wp-json\/wp\/v2\/comments?post=188612"}],"version-history":[{"count":5,"href":"https:\/\/notenbeurs.nl\/de\/wp-json\/wp\/v2\/pages\/188612\/revisions"}],"predecessor-version":[{"id":188784,"href":"https:\/\/notenbeurs.nl\/de\/wp-json\/wp\/v2\/pages\/188612\/revisions\/188784"}],"up":[{"embeddable":true,"href":"https:\/\/notenbeurs.nl\/de\/wp-json\/wp\/v2\/pages\/188774"}],"wp:featuredmedia":[{"embeddable":true,"href":"https:\/\/notenbeurs.nl\/de\/wp-json\/wp\/v2\/media\/188614"}],"wp:attachment":[{"href":"https:\/\/notenbeurs.nl\/de\/wp-json\/wp\/v2\/media?parent=188612"}],"curies":[{"name":"wp","href":"https:\/\/api.w.org\/{rel}","templated":true}]}}