{"id":188619,"date":"2024-10-02T12:20:51","date_gmt":"2024-10-02T11:20:51","guid":{"rendered":"https:\/\/notenbeurs.nl\/nuesse-online-kaufen\/"},"modified":"2024-10-28T15:11:54","modified_gmt":"2024-10-28T14:11:54","slug":"nuesse-online-kaufen","status":"publish","type":"page","link":"https:\/\/notenbeurs.nl\/de\/nuesse-online-kaufen\/","title":{"rendered":"N\u00fcsse online kaufen"},"content":{"rendered":"<p>&nbsp;<\/p>\n<p>&nbsp;<\/p>\n<p>&nbsp;<\/p>\n<div class='avia-iframe-wrap'>\n<blockquote class=\"wp-embedded-content\" data-secret=\"ydZd2yZl1S\"><p><a href=\"https:\/\/notenbeurs.nl\/de\/faq-der-notenbeurs-webshop\/\">FAQ De NotenBeurs webshop<\/a><\/p><\/blockquote>\n<p><iframe loading=\"lazy\" class=\"wp-embedded-content\" sandbox=\"allow-scripts\" security=\"restricted\" style=\"position: absolute; clip: rect(1px, 1px, 1px, 1px);\" title=\"&#8222;FAQ De NotenBeurs webshop&#8220; &#8212; De NotenBeurs\" src=\"https:\/\/notenbeurs.nl\/de\/faq-der-notenbeurs-webshop\/embed\/#?secret=c6onHq6XCX#?secret=ydZd2yZl1S\" data-secret=\"ydZd2yZl1S\" width=\"600\" height=\"338\" frameborder=\"0\" marginwidth=\"0\" marginheight=\"0\" scrolling=\"no\"><\/iframe><\/div>\n<p>Bestellen Sie die leckersten N\u00fcsse, Trockenfr\u00fcchte und Schokolade zu g\u00fcnstigen Preisen online bei De NotenBeurs &#8211; Entdecken Sie unsere Produktpalette.<\/p>\n","protected":false},"excerpt":{"rendered":"<p>&nbsp; &nbsp; &nbsp; FAQ De NotenBeurs webshop Bestellen Sie die leckersten N\u00fcsse, Trockenfr\u00fcchte und Schokolade zu g\u00fcnstigen Preisen online bei De NotenBeurs &#8211; Entdecken Sie unsere Produktpalette.<\/p>\n","protected":false},"author":7,"featured_media":0,"parent":0,"menu_order":0,"comment_status":"closed","ping_status":"closed","template":"","meta":{"footnotes":""},"class_list":["post-188619","page","type-page","status-publish","hentry"],"yoast_head":"<!-- This site is optimized with the Yoast SEO plugin v26.9 - https:\/\/yoast.com\/product\/yoast-seo-wordpress\/ -->\n<title>N\u00fcsse online kaufen - De NotenBeurs<\/title>\n<meta name=\"description\" content=\"Bestellen Sie die leckersten N\u00fcsse, Trockenfr\u00fcchte und Schokolade zu g\u00fcnstigen Preisen online bei De NotenBeurs - Entdecken Sie unsere Produktpalette.\" \/>\n<meta name=\"robots\" content=\"index, follow, max-snippet:-1, max-image-preview:large, max-video-preview:-1\" \/>\n<link rel=\"canonical\" href=\"https:\/\/notenbeurs.nl\/de\/nuesse-online-kaufen\/\" \/>\n<meta property=\"og:locale\" content=\"de_DE\" \/>\n<meta property=\"og:type\" content=\"article\" \/>\n<meta property=\"og:title\" content=\"N\u00fcsse online kaufen - De NotenBeurs\" \/>\n<meta property=\"og:description\" content=\"Bestellen Sie die leckersten N\u00fcsse, Trockenfr\u00fcchte und Schokolade zu g\u00fcnstigen Preisen online bei De NotenBeurs - Entdecken Sie unsere Produktpalette.\" \/>\n<meta property=\"og:url\" content=\"https:\/\/notenbeurs.nl\/de\/nuesse-online-kaufen\/\" \/>\n<meta property=\"og:site_name\" content=\"De NotenBeurs\" \/>\n<meta property=\"article:publisher\" content=\"https:\/\/www.facebook.com\/deNotenbeurs\/\" \/>\n<meta property=\"article:modified_time\" content=\"2024-10-28T14:11:54+00:00\" \/>\n<script type=\"application\/ld+json\" class=\"yoast-schema-graph\">{\"@context\":\"https:\/\/schema.org\",\"@graph\":[{\"@type\":\"WebPage\",\"@id\":\"https:\/\/notenbeurs.nl\/de\/nuesse-online-kaufen\/\",\"url\":\"https:\/\/notenbeurs.nl\/de\/nuesse-online-kaufen\/\",\"name\":\"N\u00fcsse online kaufen - De NotenBeurs\",\"isPartOf\":{\"@id\":\"https:\/\/notenbeurs.nl\/de\/#website\"},\"datePublished\":\"2024-10-02T11:20:51+00:00\",\"dateModified\":\"2024-10-28T14:11:54+00:00\",\"description\":\"Bestellen Sie die leckersten N\u00fcsse, Trockenfr\u00fcchte und Schokolade zu g\u00fcnstigen Preisen online bei De NotenBeurs - Entdecken Sie unsere Produktpalette.\",\"breadcrumb\":{\"@id\":\"https:\/\/notenbeurs.nl\/de\/nuesse-online-kaufen\/#breadcrumb\"},\"inLanguage\":\"de\",\"potentialAction\":[{\"@type\":\"ReadAction\",\"target\":[\"https:\/\/notenbeurs.nl\/de\/nuesse-online-kaufen\/\"]}]},{\"@type\":\"BreadcrumbList\",\"@id\":\"https:\/\/notenbeurs.nl\/de\/nuesse-online-kaufen\/#breadcrumb\",\"itemListElement\":[{\"@type\":\"ListItem\",\"position\":1,\"name\":\"Home\",\"item\":\"https:\/\/notenbeurs.nl\/de\/\"},{\"@type\":\"ListItem\",\"position\":2,\"name\":\"N\u00fcsse online kaufen\"}]},{\"@type\":\"WebSite\",\"@id\":\"https:\/\/notenbeurs.nl\/de\/#website\",\"url\":\"https:\/\/notenbeurs.nl\/de\/\",\"name\":\"De NotenBeurs\",\"description\":\"Totaal Groothandel in pinda&#039;s, noten en zuidvruchten\",\"publisher\":{\"@id\":\"https:\/\/notenbeurs.nl\/de\/#organization\"},\"potentialAction\":[{\"@type\":\"SearchAction\",\"target\":{\"@type\":\"EntryPoint\",\"urlTemplate\":\"https:\/\/notenbeurs.nl\/de\/?s={search_term_string}\"},\"query-input\":{\"@type\":\"PropertyValueSpecification\",\"valueRequired\":true,\"valueName\":\"search_term_string\"}}],\"inLanguage\":\"de\"},{\"@type\":\"Organization\",\"@id\":\"https:\/\/notenbeurs.nl\/de\/#organization\",\"name\":\"de NotenBeurs\",\"url\":\"https:\/\/notenbeurs.nl\/de\/\",\"logo\":{\"@type\":\"ImageObject\",\"inLanguage\":\"de\",\"@id\":\"https:\/\/notenbeurs.nl\/de\/#\/schema\/logo\/image\/\",\"url\":\"https:\/\/notenbeurs.nl\/wp-content\/uploads\/2024\/04\/DNB-premium-logo-400px-new-1.png\",\"contentUrl\":\"https:\/\/notenbeurs.nl\/wp-content\/uploads\/2024\/04\/DNB-premium-logo-400px-new-1.png\",\"width\":480,\"height\":400,\"caption\":\"de NotenBeurs\"},\"image\":{\"@id\":\"https:\/\/notenbeurs.nl\/de\/#\/schema\/logo\/image\/\"},\"sameAs\":[\"https:\/\/www.facebook.com\/deNotenbeurs\/\",\"https:\/\/nl.linkedin.com\/company\/denotenbeurs\"]}]}<\/script>\n<!-- \/ Yoast SEO plugin. -->","yoast_head_json":{"title":"N\u00fcsse online kaufen - De NotenBeurs","description":"Bestellen Sie die leckersten N\u00fcsse, Trockenfr\u00fcchte und Schokolade zu g\u00fcnstigen Preisen online bei De NotenBeurs - Entdecken Sie unsere Produktpalette.","robots":{"index":"index","follow":"follow","max-snippet":"max-snippet:-1","max-image-preview":"max-image-preview:large","max-video-preview":"max-video-preview:-1"},"canonical":"https:\/\/notenbeurs.nl\/de\/nuesse-online-kaufen\/","og_locale":"de_DE","og_type":"article","og_title":"N\u00fcsse online kaufen - De NotenBeurs","og_description":"Bestellen Sie die leckersten N\u00fcsse, Trockenfr\u00fcchte und Schokolade zu g\u00fcnstigen Preisen online bei De NotenBeurs - Entdecken Sie unsere Produktpalette.","og_url":"https:\/\/notenbeurs.nl\/de\/nuesse-online-kaufen\/","og_site_name":"De NotenBeurs","article_publisher":"https:\/\/www.facebook.com\/deNotenbeurs\/","article_modified_time":"2024-10-28T14:11:54+00:00","schema":{"@context":"https:\/\/schema.org","@graph":[{"@type":"WebPage","@id":"https:\/\/notenbeurs.nl\/de\/nuesse-online-kaufen\/","url":"https:\/\/notenbeurs.nl\/de\/nuesse-online-kaufen\/","name":"N\u00fcsse online kaufen - De NotenBeurs","isPartOf":{"@id":"https:\/\/notenbeurs.nl\/de\/#website"},"datePublished":"2024-10-02T11:20:51+00:00","dateModified":"2024-10-28T14:11:54+00:00","description":"Bestellen Sie die leckersten N\u00fcsse, Trockenfr\u00fcchte und Schokolade zu g\u00fcnstigen Preisen online bei De NotenBeurs - Entdecken Sie unsere Produktpalette.","breadcrumb":{"@id":"https:\/\/notenbeurs.nl\/de\/nuesse-online-kaufen\/#breadcrumb"},"inLanguage":"de","potentialAction":[{"@type":"ReadAction","target":["https:\/\/notenbeurs.nl\/de\/nuesse-online-kaufen\/"]}]},{"@type":"BreadcrumbList","@id":"https:\/\/notenbeurs.nl\/de\/nuesse-online-kaufen\/#breadcrumb","itemListElement":[{"@type":"ListItem","position":1,"name":"Home","item":"https:\/\/notenbeurs.nl\/de\/"},{"@type":"ListItem","position":2,"name":"N\u00fcsse online kaufen"}]},{"@type":"WebSite","@id":"https:\/\/notenbeurs.nl\/de\/#website","url":"https:\/\/notenbeurs.nl\/de\/","name":"De NotenBeurs","description":"Totaal Groothandel in pinda&#039;s, noten en zuidvruchten","publisher":{"@id":"https:\/\/notenbeurs.nl\/de\/#organization"},"potentialAction":[{"@type":"SearchAction","target":{"@type":"EntryPoint","urlTemplate":"https:\/\/notenbeurs.nl\/de\/?s={search_term_string}"},"query-input":{"@type":"PropertyValueSpecification","valueRequired":true,"valueName":"search_term_string"}}],"inLanguage":"de"},{"@type":"Organization","@id":"https:\/\/notenbeurs.nl\/de\/#organization","name":"de NotenBeurs","url":"https:\/\/notenbeurs.nl\/de\/","logo":{"@type":"ImageObject","inLanguage":"de","@id":"https:\/\/notenbeurs.nl\/de\/#\/schema\/logo\/image\/","url":"https:\/\/notenbeurs.nl\/wp-content\/uploads\/2024\/04\/DNB-premium-logo-400px-new-1.png","contentUrl":"https:\/\/notenbeurs.nl\/wp-content\/uploads\/2024\/04\/DNB-premium-logo-400px-new-1.png","width":480,"height":400,"caption":"de NotenBeurs"},"image":{"@id":"https:\/\/notenbeurs.nl\/de\/#\/schema\/logo\/image\/"},"sameAs":["https:\/\/www.facebook.com\/deNotenbeurs\/","https:\/\/nl.linkedin.com\/company\/denotenbeurs"]}]}},"_links":{"self":[{"href":"https:\/\/notenbeurs.nl\/de\/wp-json\/wp\/v2\/pages\/188619","targetHints":{"allow":["GET"]}}],"collection":[{"href":"https:\/\/notenbeurs.nl\/de\/wp-json\/wp\/v2\/pages"}],"about":[{"href":"https:\/\/notenbeurs.nl\/de\/wp-json\/wp\/v2\/types\/page"}],"author":[{"embeddable":true,"href":"https:\/\/notenbeurs.nl\/de\/wp-json\/wp\/v2\/users\/7"}],"replies":[{"embeddable":true,"href":"https:\/\/notenbeurs.nl\/de\/wp-json\/wp\/v2\/comments?post=188619"}],"version-history":[{"count":4,"href":"https:\/\/notenbeurs.nl\/de\/wp-json\/wp\/v2\/pages\/188619\/revisions"}],"predecessor-version":[{"id":189094,"href":"https:\/\/notenbeurs.nl\/de\/wp-json\/wp\/v2\/pages\/188619\/revisions\/189094"}],"wp:attachment":[{"href":"https:\/\/notenbeurs.nl\/de\/wp-json\/wp\/v2\/media?parent=188619"}],"curies":[{"name":"wp","href":"https:\/\/api.w.org\/{rel}","templated":true}]}}