{"id":188633,"date":"2024-10-22T15:09:42","date_gmt":"2024-10-22T14:09:42","guid":{"rendered":"https:\/\/notenbeurs.nl\/?page_id=188633"},"modified":"2024-10-23T08:36:24","modified_gmt":"2024-10-23T07:36:24","slug":"mandeln","status":"publish","type":"page","link":"https:\/\/notenbeurs.nl\/de\/mandeln\/","title":{"rendered":"Mandeln"},"content":{"rendered":"<h1>Mandeln<\/h1>\n<p>&nbsp;<\/p>\n<p><strong>Eigenschaften<\/strong><\/p>\n<p>Mandeln sind sehr gesund und enthalten viele Ballaststoffe und Vitamin E. Mandeln sind arm an ges\u00e4ttigten Fetten und reich an gesunden unges\u00e4ttigten Fetten. Sie sorgen au\u00dferdem f\u00fcr eine gute Darmfunktion. Mandeln haben auch eine positive Wirkung auf den Cholesterinspiegel und den Blutdruck. Sie sind reich an Kalium.<\/p>\n<p>&nbsp;<\/p>\n<p><strong>Herkunft<\/strong><\/p>\n<p>Mandeln wachsen in allen L\u00e4ndern entlang des Mittelmeers, vor allem Spanien ist ein bekanntes Land, in dem diese Nuss w\u00e4chst. Sie wachsen auch in gro\u00dfen Mengen in Amerika, die im Welthandel den gr\u00f6\u00dften Anteil von etwa 70\/80 % ausmachen.<\/p>\n<p>&nbsp;<\/p>\n<p><strong>Verwendung<\/strong><\/p>\n<p>Die Mandel ist eine der bekanntesten N\u00fcsse und wird u.a. h\u00e4ufig in vegetarischen Gerichten, M\u00fcsliriegeln, Kuchen und bei Currygerichten verwendet. Denken Sie an gehobelte Mandeln, gehackte Mandeln, ger\u00f6stete Mandeln und Mandelmus. Nat\u00fcrlich auch k\u00f6stlich zum Verzehr aus der Hand als gesunder Snack.<\/p>\n<p>&nbsp;<\/p>\n<p><strong>Ideal f\u00fcr Vegetarier wegen des Kalziums <\/strong><\/p>\n<p>Alle N\u00fcsse enthalten Kalzium. Einige enthalten nur wenig, w\u00e4hrend andere reich daran sind. Mandeln und Paran\u00fcsse sind die besten, wenn es um Kalzium geht. Kalzium ist ein unverzichtbarer Mineralstoff, der f\u00fcr die Bildung von Knochen und Z\u00e4hnen und f\u00fcr die Informations\u00fcbertragung durch die Nerven ben\u00f6tigt wird.<\/p>\n<p>&nbsp;<\/p>\n<p><strong>F\u00fcr weitere Informationen wenden Sie sich an unser Verkaufspersonal.<\/strong><\/p>\n<p>Rufen Sie an unter <a href=\"tel:0031180637063\">+31180 63 70 63<\/a> oder schreiben Sie eine E-Mail an <a href=\"mailto:orders@notenbeurs.nl\" target=\"_blank\" rel=\"noopener\">orders@notenbeurs.nl<\/a><\/p>\n","protected":false},"excerpt":{"rendered":"<p>Mandeln &nbsp; Eigenschaften Mandeln sind sehr gesund und enthalten viele Ballaststoffe und Vitamin E. Mandeln sind arm an ges\u00e4ttigten Fetten und reich an gesunden unges\u00e4ttigten Fetten. Sie sorgen au\u00dferdem f\u00fcr eine gute Darmfunktion. Mandeln haben auch eine positive Wirkung auf den Cholesterinspiegel und den Blutdruck. Sie sind reich an Kalium. &nbsp; Herkunft Mandeln wachsen in [&hellip;]<\/p>\n","protected":false},"author":7,"featured_media":188635,"parent":0,"menu_order":0,"comment_status":"closed","ping_status":"closed","template":"","meta":{"footnotes":""},"class_list":["post-188633","page","type-page","status-publish","has-post-thumbnail","hentry"],"yoast_head":"<!-- This site is optimized with the Yoast SEO plugin v26.9 - https:\/\/yoast.com\/product\/yoast-seo-wordpress\/ -->\n<title>Amandelen - De NotenBeurs<\/title>\n<meta name=\"description\" content=\"Mandeln wachsen in allen L\u00e4ndern entlang des Mittelmeers, vor allem Spanien ist ein bekanntes Land, in dem diese Nuss w\u00e4chst. Sie werden auch in gro\u00dfen Mengen in Amerika angebaut, wo sie den gr\u00f6\u00dften Anteil am Welthandel haben (ca. 70\/80 %). Es gibt etwa 25 Mandelsorten, die alle an einem Mandelbaum wachsen. Eine Mandel ist eine Nuss, die sich im Inneren einer Frucht verbirgt, die ein wenig wie ein sehr kleiner Pfirsich aussieht. Sind Mandeln gesund f\u00fcr Sie? Mandeln sind sehr gesund und enthalten viele Ballaststoffe und Vitamin E. Sie sorgen au\u00dferdem f\u00fcr eine gute Darmfunktion.\" \/>\n<meta name=\"robots\" content=\"index, follow, max-snippet:-1, max-image-preview:large, max-video-preview:-1\" \/>\n<link rel=\"canonical\" href=\"https:\/\/notenbeurs.nl\/de\/mandeln\/\" \/>\n<meta property=\"og:locale\" content=\"de_DE\" \/>\n<meta property=\"og:type\" content=\"article\" \/>\n<meta property=\"og:title\" content=\"Amandelen - De NotenBeurs\" \/>\n<meta property=\"og:description\" content=\"Mandeln wachsen in allen L\u00e4ndern entlang des Mittelmeers, vor allem Spanien ist ein bekanntes Land, in dem diese Nuss w\u00e4chst. Sie werden auch in gro\u00dfen Mengen in Amerika angebaut, wo sie den gr\u00f6\u00dften Anteil am Welthandel haben (ca. 70\/80 %). Es gibt etwa 25 Mandelsorten, die alle an einem Mandelbaum wachsen. Eine Mandel ist eine Nuss, die sich im Inneren einer Frucht verbirgt, die ein wenig wie ein sehr kleiner Pfirsich aussieht. Sind Mandeln gesund f\u00fcr Sie? Mandeln sind sehr gesund und enthalten viele Ballaststoffe und Vitamin E. Sie sorgen au\u00dferdem f\u00fcr eine gute Darmfunktion.\" \/>\n<meta property=\"og:url\" content=\"https:\/\/notenbeurs.nl\/de\/mandeln\/\" \/>\n<meta property=\"og:site_name\" content=\"De NotenBeurs\" \/>\n<meta property=\"article:publisher\" content=\"https:\/\/www.facebook.com\/deNotenbeurs\/\" \/>\n<meta property=\"article:modified_time\" content=\"2024-10-23T07:36:24+00:00\" \/>\n<meta property=\"og:image\" content=\"https:\/\/notenbeurs.nl\/wp-content\/uploads\/2021\/03\/DNB377792-5.jpg\" \/>\n\t<meta property=\"og:image:width\" content=\"1300\" \/>\n\t<meta property=\"og:image:height\" content=\"1300\" \/>\n\t<meta property=\"og:image:type\" content=\"image\/jpeg\" \/>\n<meta name=\"twitter:label1\" content=\"Gesch\u00e4tzte Lesezeit\" \/>\n\t<meta name=\"twitter:data1\" content=\"1\u00a0Minute\" \/>\n<script type=\"application\/ld+json\" class=\"yoast-schema-graph\">{\"@context\":\"https:\/\/schema.org\",\"@graph\":[{\"@type\":\"WebPage\",\"@id\":\"https:\/\/notenbeurs.nl\/de\/mandeln\/\",\"url\":\"https:\/\/notenbeurs.nl\/de\/mandeln\/\",\"name\":\"Amandelen - De NotenBeurs\",\"isPartOf\":{\"@id\":\"https:\/\/notenbeurs.nl\/de\/#website\"},\"primaryImageOfPage\":{\"@id\":\"https:\/\/notenbeurs.nl\/de\/mandeln\/#primaryimage\"},\"image\":{\"@id\":\"https:\/\/notenbeurs.nl\/de\/mandeln\/#primaryimage\"},\"thumbnailUrl\":\"https:\/\/notenbeurs.nl\/wp-content\/uploads\/2021\/03\/DNB377792-5.jpg\",\"datePublished\":\"2024-10-22T14:09:42+00:00\",\"dateModified\":\"2024-10-23T07:36:24+00:00\",\"description\":\"Mandeln wachsen in allen L\u00e4ndern entlang des Mittelmeers, vor allem Spanien ist ein bekanntes Land, in dem diese Nuss w\u00e4chst. Sie werden auch in gro\u00dfen Mengen in Amerika angebaut, wo sie den gr\u00f6\u00dften Anteil am Welthandel haben (ca. 70\/80 %). Es gibt etwa 25 Mandelsorten, die alle an einem Mandelbaum wachsen. Eine Mandel ist eine Nuss, die sich im Inneren einer Frucht verbirgt, die ein wenig wie ein sehr kleiner Pfirsich aussieht. Sind Mandeln gesund f\u00fcr Sie? Mandeln sind sehr gesund und enthalten viele Ballaststoffe und Vitamin E. Sie sorgen au\u00dferdem f\u00fcr eine gute Darmfunktion.\",\"breadcrumb\":{\"@id\":\"https:\/\/notenbeurs.nl\/de\/mandeln\/#breadcrumb\"},\"inLanguage\":\"de\",\"potentialAction\":[{\"@type\":\"ReadAction\",\"target\":[\"https:\/\/notenbeurs.nl\/de\/mandeln\/\"]}]},{\"@type\":\"ImageObject\",\"inLanguage\":\"de\",\"@id\":\"https:\/\/notenbeurs.nl\/de\/mandeln\/#primaryimage\",\"url\":\"https:\/\/notenbeurs.nl\/wp-content\/uploads\/2021\/03\/DNB377792-5.jpg\",\"contentUrl\":\"https:\/\/notenbeurs.nl\/wp-content\/uploads\/2021\/03\/DNB377792-5.jpg\",\"width\":1300,\"height\":1300},{\"@type\":\"BreadcrumbList\",\"@id\":\"https:\/\/notenbeurs.nl\/de\/mandeln\/#breadcrumb\",\"itemListElement\":[{\"@type\":\"ListItem\",\"position\":1,\"name\":\"Home\",\"item\":\"https:\/\/notenbeurs.nl\/de\/\"},{\"@type\":\"ListItem\",\"position\":2,\"name\":\"Mandeln\"}]},{\"@type\":\"WebSite\",\"@id\":\"https:\/\/notenbeurs.nl\/de\/#website\",\"url\":\"https:\/\/notenbeurs.nl\/de\/\",\"name\":\"De NotenBeurs\",\"description\":\"Totaal Groothandel in pinda&#039;s, noten en zuidvruchten\",\"publisher\":{\"@id\":\"https:\/\/notenbeurs.nl\/de\/#organization\"},\"potentialAction\":[{\"@type\":\"SearchAction\",\"target\":{\"@type\":\"EntryPoint\",\"urlTemplate\":\"https:\/\/notenbeurs.nl\/de\/?s={search_term_string}\"},\"query-input\":{\"@type\":\"PropertyValueSpecification\",\"valueRequired\":true,\"valueName\":\"search_term_string\"}}],\"inLanguage\":\"de\"},{\"@type\":\"Organization\",\"@id\":\"https:\/\/notenbeurs.nl\/de\/#organization\",\"name\":\"de NotenBeurs\",\"url\":\"https:\/\/notenbeurs.nl\/de\/\",\"logo\":{\"@type\":\"ImageObject\",\"inLanguage\":\"de\",\"@id\":\"https:\/\/notenbeurs.nl\/de\/#\/schema\/logo\/image\/\",\"url\":\"https:\/\/notenbeurs.nl\/wp-content\/uploads\/2024\/04\/DNB-premium-logo-400px-new-1.png\",\"contentUrl\":\"https:\/\/notenbeurs.nl\/wp-content\/uploads\/2024\/04\/DNB-premium-logo-400px-new-1.png\",\"width\":480,\"height\":400,\"caption\":\"de NotenBeurs\"},\"image\":{\"@id\":\"https:\/\/notenbeurs.nl\/de\/#\/schema\/logo\/image\/\"},\"sameAs\":[\"https:\/\/www.facebook.com\/deNotenbeurs\/\",\"https:\/\/nl.linkedin.com\/company\/denotenbeurs\"]}]}<\/script>\n<!-- \/ Yoast SEO plugin. -->","yoast_head_json":{"title":"Amandelen - De NotenBeurs","description":"Mandeln wachsen in allen L\u00e4ndern entlang des Mittelmeers, vor allem Spanien ist ein bekanntes Land, in dem diese Nuss w\u00e4chst. Sie werden auch in gro\u00dfen Mengen in Amerika angebaut, wo sie den gr\u00f6\u00dften Anteil am Welthandel haben (ca. 70\/80 %). Es gibt etwa 25 Mandelsorten, die alle an einem Mandelbaum wachsen. Eine Mandel ist eine Nuss, die sich im Inneren einer Frucht verbirgt, die ein wenig wie ein sehr kleiner Pfirsich aussieht. Sind Mandeln gesund f\u00fcr Sie? Mandeln sind sehr gesund und enthalten viele Ballaststoffe und Vitamin E. Sie sorgen au\u00dferdem f\u00fcr eine gute Darmfunktion.","robots":{"index":"index","follow":"follow","max-snippet":"max-snippet:-1","max-image-preview":"max-image-preview:large","max-video-preview":"max-video-preview:-1"},"canonical":"https:\/\/notenbeurs.nl\/de\/mandeln\/","og_locale":"de_DE","og_type":"article","og_title":"Amandelen - De NotenBeurs","og_description":"Mandeln wachsen in allen L\u00e4ndern entlang des Mittelmeers, vor allem Spanien ist ein bekanntes Land, in dem diese Nuss w\u00e4chst. Sie werden auch in gro\u00dfen Mengen in Amerika angebaut, wo sie den gr\u00f6\u00dften Anteil am Welthandel haben (ca. 70\/80 %). Es gibt etwa 25 Mandelsorten, die alle an einem Mandelbaum wachsen. Eine Mandel ist eine Nuss, die sich im Inneren einer Frucht verbirgt, die ein wenig wie ein sehr kleiner Pfirsich aussieht. Sind Mandeln gesund f\u00fcr Sie? Mandeln sind sehr gesund und enthalten viele Ballaststoffe und Vitamin E. Sie sorgen au\u00dferdem f\u00fcr eine gute Darmfunktion.","og_url":"https:\/\/notenbeurs.nl\/de\/mandeln\/","og_site_name":"De NotenBeurs","article_publisher":"https:\/\/www.facebook.com\/deNotenbeurs\/","article_modified_time":"2024-10-23T07:36:24+00:00","og_image":[{"width":1300,"height":1300,"url":"https:\/\/notenbeurs.nl\/wp-content\/uploads\/2021\/03\/DNB377792-5.jpg","type":"image\/jpeg"}],"twitter_misc":{"Gesch\u00e4tzte Lesezeit":"1\u00a0Minute"},"schema":{"@context":"https:\/\/schema.org","@graph":[{"@type":"WebPage","@id":"https:\/\/notenbeurs.nl\/de\/mandeln\/","url":"https:\/\/notenbeurs.nl\/de\/mandeln\/","name":"Amandelen - De NotenBeurs","isPartOf":{"@id":"https:\/\/notenbeurs.nl\/de\/#website"},"primaryImageOfPage":{"@id":"https:\/\/notenbeurs.nl\/de\/mandeln\/#primaryimage"},"image":{"@id":"https:\/\/notenbeurs.nl\/de\/mandeln\/#primaryimage"},"thumbnailUrl":"https:\/\/notenbeurs.nl\/wp-content\/uploads\/2021\/03\/DNB377792-5.jpg","datePublished":"2024-10-22T14:09:42+00:00","dateModified":"2024-10-23T07:36:24+00:00","description":"Mandeln wachsen in allen L\u00e4ndern entlang des Mittelmeers, vor allem Spanien ist ein bekanntes Land, in dem diese Nuss w\u00e4chst. Sie werden auch in gro\u00dfen Mengen in Amerika angebaut, wo sie den gr\u00f6\u00dften Anteil am Welthandel haben (ca. 70\/80 %). Es gibt etwa 25 Mandelsorten, die alle an einem Mandelbaum wachsen. Eine Mandel ist eine Nuss, die sich im Inneren einer Frucht verbirgt, die ein wenig wie ein sehr kleiner Pfirsich aussieht. Sind Mandeln gesund f\u00fcr Sie? Mandeln sind sehr gesund und enthalten viele Ballaststoffe und Vitamin E. Sie sorgen au\u00dferdem f\u00fcr eine gute Darmfunktion.","breadcrumb":{"@id":"https:\/\/notenbeurs.nl\/de\/mandeln\/#breadcrumb"},"inLanguage":"de","potentialAction":[{"@type":"ReadAction","target":["https:\/\/notenbeurs.nl\/de\/mandeln\/"]}]},{"@type":"ImageObject","inLanguage":"de","@id":"https:\/\/notenbeurs.nl\/de\/mandeln\/#primaryimage","url":"https:\/\/notenbeurs.nl\/wp-content\/uploads\/2021\/03\/DNB377792-5.jpg","contentUrl":"https:\/\/notenbeurs.nl\/wp-content\/uploads\/2021\/03\/DNB377792-5.jpg","width":1300,"height":1300},{"@type":"BreadcrumbList","@id":"https:\/\/notenbeurs.nl\/de\/mandeln\/#breadcrumb","itemListElement":[{"@type":"ListItem","position":1,"name":"Home","item":"https:\/\/notenbeurs.nl\/de\/"},{"@type":"ListItem","position":2,"name":"Mandeln"}]},{"@type":"WebSite","@id":"https:\/\/notenbeurs.nl\/de\/#website","url":"https:\/\/notenbeurs.nl\/de\/","name":"De NotenBeurs","description":"Totaal Groothandel in pinda&#039;s, noten en zuidvruchten","publisher":{"@id":"https:\/\/notenbeurs.nl\/de\/#organization"},"potentialAction":[{"@type":"SearchAction","target":{"@type":"EntryPoint","urlTemplate":"https:\/\/notenbeurs.nl\/de\/?s={search_term_string}"},"query-input":{"@type":"PropertyValueSpecification","valueRequired":true,"valueName":"search_term_string"}}],"inLanguage":"de"},{"@type":"Organization","@id":"https:\/\/notenbeurs.nl\/de\/#organization","name":"de NotenBeurs","url":"https:\/\/notenbeurs.nl\/de\/","logo":{"@type":"ImageObject","inLanguage":"de","@id":"https:\/\/notenbeurs.nl\/de\/#\/schema\/logo\/image\/","url":"https:\/\/notenbeurs.nl\/wp-content\/uploads\/2024\/04\/DNB-premium-logo-400px-new-1.png","contentUrl":"https:\/\/notenbeurs.nl\/wp-content\/uploads\/2024\/04\/DNB-premium-logo-400px-new-1.png","width":480,"height":400,"caption":"de NotenBeurs"},"image":{"@id":"https:\/\/notenbeurs.nl\/de\/#\/schema\/logo\/image\/"},"sameAs":["https:\/\/www.facebook.com\/deNotenbeurs\/","https:\/\/nl.linkedin.com\/company\/denotenbeurs"]}]}},"_links":{"self":[{"href":"https:\/\/notenbeurs.nl\/de\/wp-json\/wp\/v2\/pages\/188633","targetHints":{"allow":["GET"]}}],"collection":[{"href":"https:\/\/notenbeurs.nl\/de\/wp-json\/wp\/v2\/pages"}],"about":[{"href":"https:\/\/notenbeurs.nl\/de\/wp-json\/wp\/v2\/types\/page"}],"author":[{"embeddable":true,"href":"https:\/\/notenbeurs.nl\/de\/wp-json\/wp\/v2\/users\/7"}],"replies":[{"embeddable":true,"href":"https:\/\/notenbeurs.nl\/de\/wp-json\/wp\/v2\/comments?post=188633"}],"version-history":[{"count":2,"href":"https:\/\/notenbeurs.nl\/de\/wp-json\/wp\/v2\/pages\/188633\/revisions"}],"predecessor-version":[{"id":188815,"href":"https:\/\/notenbeurs.nl\/de\/wp-json\/wp\/v2\/pages\/188633\/revisions\/188815"}],"wp:featuredmedia":[{"embeddable":true,"href":"https:\/\/notenbeurs.nl\/de\/wp-json\/wp\/v2\/media\/188635"}],"wp:attachment":[{"href":"https:\/\/notenbeurs.nl\/de\/wp-json\/wp\/v2\/media?parent=188633"}],"curies":[{"name":"wp","href":"https:\/\/api.w.org\/{rel}","templated":true}]}}