{"id":188636,"date":"2024-10-23T08:36:19","date_gmt":"2024-10-23T07:36:19","guid":{"rendered":"https:\/\/notenbeurs.nl\/?page_id=188636"},"modified":"2025-07-01T09:19:47","modified_gmt":"2025-07-01T08:19:47","slug":"contact-de-notenbeurs","status":"publish","type":"page","link":"https:\/\/notenbeurs.nl\/de\/contact-de-notenbeurs\/","title":{"rendered":"Contact De NotenBeurs"},"content":{"rendered":"","protected":false},"excerpt":{"rendered":"","protected":false},"author":7,"featured_media":0,"parent":0,"menu_order":0,"comment_status":"closed","ping_status":"open","template":"","meta":{"footnotes":""},"class_list":["post-188636","page","type-page","status-publish","hentry"],"yoast_head":"<!-- This site is optimized with the Yoast SEO plugin v26.9 - https:\/\/yoast.com\/product\/yoast-seo-wordpress\/ -->\n<title>Contact De NotenBeurs<\/title>\n<meta name=\"description\" content=\"Geben Sie unten Ihre Daten ein, stellen Sie Ihre Frage und wir werden uns so schnell wie m\u00f6glich mit Ihnen in Verbindung setzen. Als Privatperson k\u00f6nnen Sie uns leider nicht kontaktieren. De NotenBeurs ist ein Gro\u00dfh\u00e4ndler, der sich auf den Business-to-Business-Verkauf an Unternehmen im Lebensmittelbereich konzentriert. Wir haben einen Mindestbestellwert.\" \/>\n<meta name=\"robots\" content=\"index, follow, max-snippet:-1, max-image-preview:large, max-video-preview:-1\" \/>\n<link rel=\"canonical\" href=\"https:\/\/notenbeurs.nl\/de\/contact-de-notenbeurs\/\" \/>\n<meta property=\"og:locale\" content=\"de_DE\" \/>\n<meta property=\"og:type\" content=\"article\" \/>\n<meta property=\"og:title\" content=\"Contact De NotenBeurs\" \/>\n<meta property=\"og:description\" content=\"Geben Sie unten Ihre Daten ein, stellen Sie Ihre Frage und wir werden uns so schnell wie m\u00f6glich mit Ihnen in Verbindung setzen. Als Privatperson k\u00f6nnen Sie uns leider nicht kontaktieren. De NotenBeurs ist ein Gro\u00dfh\u00e4ndler, der sich auf den Business-to-Business-Verkauf an Unternehmen im Lebensmittelbereich konzentriert. Wir haben einen Mindestbestellwert.\" \/>\n<meta property=\"og:url\" content=\"https:\/\/notenbeurs.nl\/de\/contact-de-notenbeurs\/\" \/>\n<meta property=\"og:site_name\" content=\"De NotenBeurs\" \/>\n<meta property=\"article:publisher\" content=\"https:\/\/www.facebook.com\/deNotenbeurs\/\" \/>\n<meta property=\"article:modified_time\" content=\"2025-07-01T08:19:47+00:00\" \/>\n<script type=\"application\/ld+json\" class=\"yoast-schema-graph\">{\"@context\":\"https:\/\/schema.org\",\"@graph\":[{\"@type\":\"WebPage\",\"@id\":\"https:\/\/notenbeurs.nl\/de\/contact-de-notenbeurs\/\",\"url\":\"https:\/\/notenbeurs.nl\/de\/contact-de-notenbeurs\/\",\"name\":\"Contact De NotenBeurs\",\"isPartOf\":{\"@id\":\"https:\/\/notenbeurs.nl\/de\/#website\"},\"datePublished\":\"2024-10-23T07:36:19+00:00\",\"dateModified\":\"2025-07-01T08:19:47+00:00\",\"description\":\"Geben Sie unten Ihre Daten ein, stellen Sie Ihre Frage und wir werden uns so schnell wie m\u00f6glich mit Ihnen in Verbindung setzen. Als Privatperson k\u00f6nnen Sie uns leider nicht kontaktieren. De NotenBeurs ist ein Gro\u00dfh\u00e4ndler, der sich auf den Business-to-Business-Verkauf an Unternehmen im Lebensmittelbereich konzentriert. Wir haben einen Mindestbestellwert.\",\"breadcrumb\":{\"@id\":\"https:\/\/notenbeurs.nl\/de\/contact-de-notenbeurs\/#breadcrumb\"},\"inLanguage\":\"de\",\"potentialAction\":[{\"@type\":\"ReadAction\",\"target\":[\"https:\/\/notenbeurs.nl\/de\/contact-de-notenbeurs\/\"]}]},{\"@type\":\"BreadcrumbList\",\"@id\":\"https:\/\/notenbeurs.nl\/de\/contact-de-notenbeurs\/#breadcrumb\",\"itemListElement\":[{\"@type\":\"ListItem\",\"position\":1,\"name\":\"Home\",\"item\":\"https:\/\/notenbeurs.nl\/de\/\"},{\"@type\":\"ListItem\",\"position\":2,\"name\":\"Contact De NotenBeurs\"}]},{\"@type\":\"WebSite\",\"@id\":\"https:\/\/notenbeurs.nl\/de\/#website\",\"url\":\"https:\/\/notenbeurs.nl\/de\/\",\"name\":\"De NotenBeurs\",\"description\":\"Totaal Groothandel in pinda&#039;s, noten en zuidvruchten\",\"publisher\":{\"@id\":\"https:\/\/notenbeurs.nl\/de\/#organization\"},\"potentialAction\":[{\"@type\":\"SearchAction\",\"target\":{\"@type\":\"EntryPoint\",\"urlTemplate\":\"https:\/\/notenbeurs.nl\/de\/?s={search_term_string}\"},\"query-input\":{\"@type\":\"PropertyValueSpecification\",\"valueRequired\":true,\"valueName\":\"search_term_string\"}}],\"inLanguage\":\"de\"},{\"@type\":\"Organization\",\"@id\":\"https:\/\/notenbeurs.nl\/de\/#organization\",\"name\":\"de NotenBeurs\",\"url\":\"https:\/\/notenbeurs.nl\/de\/\",\"logo\":{\"@type\":\"ImageObject\",\"inLanguage\":\"de\",\"@id\":\"https:\/\/notenbeurs.nl\/de\/#\/schema\/logo\/image\/\",\"url\":\"https:\/\/notenbeurs.nl\/wp-content\/uploads\/2024\/04\/DNB-premium-logo-400px-new-1.png\",\"contentUrl\":\"https:\/\/notenbeurs.nl\/wp-content\/uploads\/2024\/04\/DNB-premium-logo-400px-new-1.png\",\"width\":480,\"height\":400,\"caption\":\"de NotenBeurs\"},\"image\":{\"@id\":\"https:\/\/notenbeurs.nl\/de\/#\/schema\/logo\/image\/\"},\"sameAs\":[\"https:\/\/www.facebook.com\/deNotenbeurs\/\",\"https:\/\/nl.linkedin.com\/company\/denotenbeurs\"]}]}<\/script>\n<!-- \/ Yoast SEO plugin. -->","yoast_head_json":{"title":"Contact De NotenBeurs","description":"Geben Sie unten Ihre Daten ein, stellen Sie Ihre Frage und wir werden uns so schnell wie m\u00f6glich mit Ihnen in Verbindung setzen. Als Privatperson k\u00f6nnen Sie uns leider nicht kontaktieren. De NotenBeurs ist ein Gro\u00dfh\u00e4ndler, der sich auf den Business-to-Business-Verkauf an Unternehmen im Lebensmittelbereich konzentriert. Wir haben einen Mindestbestellwert.","robots":{"index":"index","follow":"follow","max-snippet":"max-snippet:-1","max-image-preview":"max-image-preview:large","max-video-preview":"max-video-preview:-1"},"canonical":"https:\/\/notenbeurs.nl\/de\/contact-de-notenbeurs\/","og_locale":"de_DE","og_type":"article","og_title":"Contact De NotenBeurs","og_description":"Geben Sie unten Ihre Daten ein, stellen Sie Ihre Frage und wir werden uns so schnell wie m\u00f6glich mit Ihnen in Verbindung setzen. Als Privatperson k\u00f6nnen Sie uns leider nicht kontaktieren. De NotenBeurs ist ein Gro\u00dfh\u00e4ndler, der sich auf den Business-to-Business-Verkauf an Unternehmen im Lebensmittelbereich konzentriert. Wir haben einen Mindestbestellwert.","og_url":"https:\/\/notenbeurs.nl\/de\/contact-de-notenbeurs\/","og_site_name":"De NotenBeurs","article_publisher":"https:\/\/www.facebook.com\/deNotenbeurs\/","article_modified_time":"2025-07-01T08:19:47+00:00","schema":{"@context":"https:\/\/schema.org","@graph":[{"@type":"WebPage","@id":"https:\/\/notenbeurs.nl\/de\/contact-de-notenbeurs\/","url":"https:\/\/notenbeurs.nl\/de\/contact-de-notenbeurs\/","name":"Contact De NotenBeurs","isPartOf":{"@id":"https:\/\/notenbeurs.nl\/de\/#website"},"datePublished":"2024-10-23T07:36:19+00:00","dateModified":"2025-07-01T08:19:47+00:00","description":"Geben Sie unten Ihre Daten ein, stellen Sie Ihre Frage und wir werden uns so schnell wie m\u00f6glich mit Ihnen in Verbindung setzen. Als Privatperson k\u00f6nnen Sie uns leider nicht kontaktieren. De NotenBeurs ist ein Gro\u00dfh\u00e4ndler, der sich auf den Business-to-Business-Verkauf an Unternehmen im Lebensmittelbereich konzentriert. Wir haben einen Mindestbestellwert.","breadcrumb":{"@id":"https:\/\/notenbeurs.nl\/de\/contact-de-notenbeurs\/#breadcrumb"},"inLanguage":"de","potentialAction":[{"@type":"ReadAction","target":["https:\/\/notenbeurs.nl\/de\/contact-de-notenbeurs\/"]}]},{"@type":"BreadcrumbList","@id":"https:\/\/notenbeurs.nl\/de\/contact-de-notenbeurs\/#breadcrumb","itemListElement":[{"@type":"ListItem","position":1,"name":"Home","item":"https:\/\/notenbeurs.nl\/de\/"},{"@type":"ListItem","position":2,"name":"Contact De NotenBeurs"}]},{"@type":"WebSite","@id":"https:\/\/notenbeurs.nl\/de\/#website","url":"https:\/\/notenbeurs.nl\/de\/","name":"De NotenBeurs","description":"Totaal Groothandel in pinda&#039;s, noten en zuidvruchten","publisher":{"@id":"https:\/\/notenbeurs.nl\/de\/#organization"},"potentialAction":[{"@type":"SearchAction","target":{"@type":"EntryPoint","urlTemplate":"https:\/\/notenbeurs.nl\/de\/?s={search_term_string}"},"query-input":{"@type":"PropertyValueSpecification","valueRequired":true,"valueName":"search_term_string"}}],"inLanguage":"de"},{"@type":"Organization","@id":"https:\/\/notenbeurs.nl\/de\/#organization","name":"de NotenBeurs","url":"https:\/\/notenbeurs.nl\/de\/","logo":{"@type":"ImageObject","inLanguage":"de","@id":"https:\/\/notenbeurs.nl\/de\/#\/schema\/logo\/image\/","url":"https:\/\/notenbeurs.nl\/wp-content\/uploads\/2024\/04\/DNB-premium-logo-400px-new-1.png","contentUrl":"https:\/\/notenbeurs.nl\/wp-content\/uploads\/2024\/04\/DNB-premium-logo-400px-new-1.png","width":480,"height":400,"caption":"de NotenBeurs"},"image":{"@id":"https:\/\/notenbeurs.nl\/de\/#\/schema\/logo\/image\/"},"sameAs":["https:\/\/www.facebook.com\/deNotenbeurs\/","https:\/\/nl.linkedin.com\/company\/denotenbeurs"]}]}},"_links":{"self":[{"href":"https:\/\/notenbeurs.nl\/de\/wp-json\/wp\/v2\/pages\/188636","targetHints":{"allow":["GET"]}}],"collection":[{"href":"https:\/\/notenbeurs.nl\/de\/wp-json\/wp\/v2\/pages"}],"about":[{"href":"https:\/\/notenbeurs.nl\/de\/wp-json\/wp\/v2\/types\/page"}],"author":[{"embeddable":true,"href":"https:\/\/notenbeurs.nl\/de\/wp-json\/wp\/v2\/users\/7"}],"replies":[{"embeddable":true,"href":"https:\/\/notenbeurs.nl\/de\/wp-json\/wp\/v2\/comments?post=188636"}],"version-history":[{"count":15,"href":"https:\/\/notenbeurs.nl\/de\/wp-json\/wp\/v2\/pages\/188636\/revisions"}],"predecessor-version":[{"id":189999,"href":"https:\/\/notenbeurs.nl\/de\/wp-json\/wp\/v2\/pages\/188636\/revisions\/189999"}],"wp:attachment":[{"href":"https:\/\/notenbeurs.nl\/de\/wp-json\/wp\/v2\/media?parent=188636"}],"curies":[{"name":"wp","href":"https:\/\/api.w.org\/{rel}","templated":true}]}}