{"id":188642,"date":"2024-10-23T08:36:24","date_gmt":"2024-10-23T07:36:24","guid":{"rendered":"https:\/\/notenbeurs.nl\/?page_id=188642"},"modified":"2024-10-28T10:32:48","modified_gmt":"2024-10-28T09:32:48","slug":"nachhaltigkeit","status":"publish","type":"page","link":"https:\/\/notenbeurs.nl\/de\/nachhaltigkeit\/","title":{"rendered":"Nachhaltigkeit"},"content":{"rendered":"<div class='flex_column av-b9ja5gw-269b5e67f3c7f3a3e0ee418009c9782f av_one_half  avia-builder-el-0  el_before_av_one_half  avia-builder-el-first  first flex_column_div '     ><h1>Die NotenBeurs-Projekte f\u00fcr nachhaltige Zusammenarbeit<\/h1>\n<p>Unsere Philosophie kennt nur Gewinner. Von Anfang bis Ende der Wertsch\u00f6pfungskette erh\u00e4lt jeder seinen fairen Anteil, vom Landwirt bis zum Endverbraucher. Die Landwirte am Anfang der Kette erhalten eine Pr\u00e4mie auf den regul\u00e4ren Preis ihres Produkts, und dabei arbeiten wir, wo immer m\u00f6glich, zusammen, um eine bessere Zukunft vor Ort zu schaffen. Im Folgenden finden Sie einige unserer nachhaltigen Kooperationsprojekte. <br class=\"avia-permanent-lb\" \/><\/p><\/div>\n<div class='flex_column av-5ytfdbk-fb64449e7409ad252d31439924895343 av_one_half  avia-builder-el-1  el_after_av_one_half  el_before_av_portfolio  avia-builder-el-last  flex_column_div '     ><blockquote>\n<p>Wir sind w\u00e4hlerisch bei der Auswahl unserer Partner &#8211; schlie\u00dflich m\u00fcssen unsere Philosophien zusammenpassen &#8211; und wir sorgen auch f\u00fcr faire Produkte zu fairen Preisen f\u00fcr unsere Kunden und Endverbraucher. Mit dieser Philosophie bauen wir solide Wertsch\u00f6pfungsketten mit Partnern auf, mit denen wir gemeinsam sch\u00f6ne nachhaltige Projekte schaffen.<\/p>\n<\/blockquote><\/div>\n<p>&nbsp;<\/p>\n<p>&nbsp;<\/p>\n<h3 style=\"text-align: left;\">Nachhaltige Projekte<\/h3>\n<p style=\"text-align: left;\"><div  id=\"av-sc-portfolio-1\"  class=\"av-portfolio-grid-sorting-container\"><div class='sort_width_container  av-sort-yes' data-portfolio-id='1' ><div id='js_sort_items' ><div class='sort_by_cat hidden'><a href=\"#\" data-filter=\"all_sort\" class=\"all_sort_button active_sort\"><span class=\"inner_sort_button\"><span>Alle<\/span><small class=\"av-cat-count\"> 1 <\/small><\/span><\/a><span class=\"text-sep nachhaltig_sort_sep\">\/<\/span><a href=\"#\" data-filter=\"nachhaltig_sort\" class=\"nachhaltig_sort_button\" ><span class=\"inner_sort_button\"><span>nachhaltig<\/span><small class=\"av-cat-count\"> 1 <\/small><\/span><\/a><\/div><\/div><\/div><div  class=' grid-sort-container isotope   no_margin-container with-excerpt-container grid-total-odd grid-col-3 grid-links-' data-portfolio-id='1'><div data-ajax-id='188605' class=' grid-entry flex_column isotope-item all_sort no_margin post-entry post-entry-188605 grid-entry-overview grid-loop-1 grid-parity-odd  post-entry-last  nachhaltig_sort  av_one_third first default_av_fullwidth '><article class='main_color inner-entry'  itemscope=\"itemscope\" itemtype=\"https:\/\/schema.org\/CreativeWork\" ><a href=\"https:\/\/notenbeurs.nl\/de\/portfolio-item\/mehr-geld-fuer-cashew-bauern-in-tansania\/\" title='Mehr Geld f\u00fcr Cashew-Bauern in Tansania'  data-rel='grid-1' class='grid-image avia-hover-fx'> <img decoding=\"async\" width=\"495\" height=\"400\" src=\"https:\/\/notenbeurs.nl\/wp-content\/uploads\/2023\/06\/Amama-cashew-employees-495x400.jpg\" class=\"wp-image-188607 avia-img-lazy-loading-not-188607 attachment-portfolio size-portfolio wp-post-image\" alt=\"\" srcset=\"https:\/\/notenbeurs.nl\/wp-content\/uploads\/2023\/06\/Amama-cashew-employees-495x400.jpg 495w, https:\/\/notenbeurs.nl\/wp-content\/uploads\/2023\/06\/Amama-cashew-employees-845x684.jpg 845w\" sizes=\"(max-width: 495px) 100vw, 495px\" \/><\/a><div class='grid-content'><div class='avia-arrow'><\/div><header class=\"entry-content-header\"><h3 class='grid-entry-title entry-title '  itemprop=\"headline\" ><a href='https:\/\/notenbeurs.nl\/de\/portfolio-item\/mehr-geld-fuer-cashew-bauern-in-tansania\/' title='Mehr Geld f\u00fcr Cashew-Bauern in Tansania'>Mehr Geld f\u00fcr Cashew-Bauern in Tansania<\/a><\/h3><\/header><\/div><footer class=\"entry-footer\"><\/footer><\/article><\/div><\/div><\/div>   <!--   class=\"av-portfolio-grid-sorting-container\"  --><\/p>\n<p>&nbsp;<\/p>\n","protected":false},"excerpt":{"rendered":"<p>&nbsp; &nbsp; Nachhaltige Projekte &nbsp;<\/p>\n","protected":false},"author":7,"featured_media":0,"parent":0,"menu_order":0,"comment_status":"closed","ping_status":"closed","template":"","meta":{"footnotes":""},"class_list":["post-188642","page","type-page","status-publish","hentry"],"yoast_head":"<!-- This site is optimized with the Yoast SEO plugin v26.9 - https:\/\/yoast.com\/product\/yoast-seo-wordpress\/ -->\n<title>Duurzamen noten - De NotenBeurs<\/title>\n<meta name=\"description\" content=\"Cashew ist eines der wichtigsten Exportg\u00fcter Tansanias. Im Land selbst bleibt jedoch nur wenig Wert erhalten, und die Nuss reist oft \u00fcber lange Umwege nach Europa. Wir sind der Meinung, dass wir es besser machen k\u00f6nnen, und haben deshalb unsere eigene Fabrik in Tansania gekauft. Dieser Schritt passt gut zu unserer Philosophie, denn er erm\u00f6glicht es uns, eng mit den Urspr\u00fcngen verbunden zu sein und einen echten Einfluss auszu\u00fcben.\" \/>\n<meta name=\"robots\" content=\"index, follow, max-snippet:-1, max-image-preview:large, max-video-preview:-1\" \/>\n<link rel=\"canonical\" href=\"https:\/\/notenbeurs.nl\/de\/nachhaltigkeit\/\" \/>\n<meta property=\"og:locale\" content=\"de_DE\" \/>\n<meta property=\"og:type\" content=\"article\" \/>\n<meta property=\"og:title\" content=\"Duurzamen noten - De NotenBeurs\" \/>\n<meta property=\"og:description\" content=\"Cashew ist eines der wichtigsten Exportg\u00fcter Tansanias. Im Land selbst bleibt jedoch nur wenig Wert erhalten, und die Nuss reist oft \u00fcber lange Umwege nach Europa. Wir sind der Meinung, dass wir es besser machen k\u00f6nnen, und haben deshalb unsere eigene Fabrik in Tansania gekauft. Dieser Schritt passt gut zu unserer Philosophie, denn er erm\u00f6glicht es uns, eng mit den Urspr\u00fcngen verbunden zu sein und einen echten Einfluss auszu\u00fcben.\" \/>\n<meta property=\"og:url\" content=\"https:\/\/notenbeurs.nl\/de\/nachhaltigkeit\/\" \/>\n<meta property=\"og:site_name\" content=\"De NotenBeurs\" \/>\n<meta property=\"article:publisher\" content=\"https:\/\/www.facebook.com\/deNotenbeurs\/\" \/>\n<meta property=\"article:modified_time\" content=\"2024-10-28T09:32:48+00:00\" \/>\n<meta name=\"twitter:label1\" content=\"Gesch\u00e4tzte Lesezeit\" \/>\n\t<meta name=\"twitter:data1\" content=\"1\u00a0Minute\" \/>\n<script type=\"application\/ld+json\" class=\"yoast-schema-graph\">{\"@context\":\"https:\/\/schema.org\",\"@graph\":[{\"@type\":\"WebPage\",\"@id\":\"https:\/\/notenbeurs.nl\/de\/nachhaltigkeit\/\",\"url\":\"https:\/\/notenbeurs.nl\/de\/nachhaltigkeit\/\",\"name\":\"Duurzamen noten - De NotenBeurs\",\"isPartOf\":{\"@id\":\"https:\/\/notenbeurs.nl\/de\/#website\"},\"datePublished\":\"2024-10-23T07:36:24+00:00\",\"dateModified\":\"2024-10-28T09:32:48+00:00\",\"description\":\"Cashew ist eines der wichtigsten Exportg\u00fcter Tansanias. Im Land selbst bleibt jedoch nur wenig Wert erhalten, und die Nuss reist oft \u00fcber lange Umwege nach Europa. Wir sind der Meinung, dass wir es besser machen k\u00f6nnen, und haben deshalb unsere eigene Fabrik in Tansania gekauft. Dieser Schritt passt gut zu unserer Philosophie, denn er erm\u00f6glicht es uns, eng mit den Urspr\u00fcngen verbunden zu sein und einen echten Einfluss auszu\u00fcben.\",\"breadcrumb\":{\"@id\":\"https:\/\/notenbeurs.nl\/de\/nachhaltigkeit\/#breadcrumb\"},\"inLanguage\":\"de\",\"potentialAction\":[{\"@type\":\"ReadAction\",\"target\":[\"https:\/\/notenbeurs.nl\/de\/nachhaltigkeit\/\"]}]},{\"@type\":\"BreadcrumbList\",\"@id\":\"https:\/\/notenbeurs.nl\/de\/nachhaltigkeit\/#breadcrumb\",\"itemListElement\":[{\"@type\":\"ListItem\",\"position\":1,\"name\":\"Home\",\"item\":\"https:\/\/notenbeurs.nl\/de\/\"},{\"@type\":\"ListItem\",\"position\":2,\"name\":\"Nachhaltigkeit\"}]},{\"@type\":\"WebSite\",\"@id\":\"https:\/\/notenbeurs.nl\/de\/#website\",\"url\":\"https:\/\/notenbeurs.nl\/de\/\",\"name\":\"De NotenBeurs\",\"description\":\"Totaal Groothandel in pinda&#039;s, noten en zuidvruchten\",\"publisher\":{\"@id\":\"https:\/\/notenbeurs.nl\/de\/#organization\"},\"potentialAction\":[{\"@type\":\"SearchAction\",\"target\":{\"@type\":\"EntryPoint\",\"urlTemplate\":\"https:\/\/notenbeurs.nl\/de\/?s={search_term_string}\"},\"query-input\":{\"@type\":\"PropertyValueSpecification\",\"valueRequired\":true,\"valueName\":\"search_term_string\"}}],\"inLanguage\":\"de\"},{\"@type\":\"Organization\",\"@id\":\"https:\/\/notenbeurs.nl\/de\/#organization\",\"name\":\"de NotenBeurs\",\"url\":\"https:\/\/notenbeurs.nl\/de\/\",\"logo\":{\"@type\":\"ImageObject\",\"inLanguage\":\"de\",\"@id\":\"https:\/\/notenbeurs.nl\/de\/#\/schema\/logo\/image\/\",\"url\":\"https:\/\/notenbeurs.nl\/wp-content\/uploads\/2024\/04\/DNB-premium-logo-400px-new-1.png\",\"contentUrl\":\"https:\/\/notenbeurs.nl\/wp-content\/uploads\/2024\/04\/DNB-premium-logo-400px-new-1.png\",\"width\":480,\"height\":400,\"caption\":\"de NotenBeurs\"},\"image\":{\"@id\":\"https:\/\/notenbeurs.nl\/de\/#\/schema\/logo\/image\/\"},\"sameAs\":[\"https:\/\/www.facebook.com\/deNotenbeurs\/\",\"https:\/\/nl.linkedin.com\/company\/denotenbeurs\"]}]}<\/script>\n<!-- \/ Yoast SEO plugin. -->","yoast_head_json":{"title":"Duurzamen noten - De NotenBeurs","description":"Cashew ist eines der wichtigsten Exportg\u00fcter Tansanias. Im Land selbst bleibt jedoch nur wenig Wert erhalten, und die Nuss reist oft \u00fcber lange Umwege nach Europa. Wir sind der Meinung, dass wir es besser machen k\u00f6nnen, und haben deshalb unsere eigene Fabrik in Tansania gekauft. Dieser Schritt passt gut zu unserer Philosophie, denn er erm\u00f6glicht es uns, eng mit den Urspr\u00fcngen verbunden zu sein und einen echten Einfluss auszu\u00fcben.","robots":{"index":"index","follow":"follow","max-snippet":"max-snippet:-1","max-image-preview":"max-image-preview:large","max-video-preview":"max-video-preview:-1"},"canonical":"https:\/\/notenbeurs.nl\/de\/nachhaltigkeit\/","og_locale":"de_DE","og_type":"article","og_title":"Duurzamen noten - De NotenBeurs","og_description":"Cashew ist eines der wichtigsten Exportg\u00fcter Tansanias. Im Land selbst bleibt jedoch nur wenig Wert erhalten, und die Nuss reist oft \u00fcber lange Umwege nach Europa. Wir sind der Meinung, dass wir es besser machen k\u00f6nnen, und haben deshalb unsere eigene Fabrik in Tansania gekauft. Dieser Schritt passt gut zu unserer Philosophie, denn er erm\u00f6glicht es uns, eng mit den Urspr\u00fcngen verbunden zu sein und einen echten Einfluss auszu\u00fcben.","og_url":"https:\/\/notenbeurs.nl\/de\/nachhaltigkeit\/","og_site_name":"De NotenBeurs","article_publisher":"https:\/\/www.facebook.com\/deNotenbeurs\/","article_modified_time":"2024-10-28T09:32:48+00:00","twitter_misc":{"Gesch\u00e4tzte Lesezeit":"1\u00a0Minute"},"schema":{"@context":"https:\/\/schema.org","@graph":[{"@type":"WebPage","@id":"https:\/\/notenbeurs.nl\/de\/nachhaltigkeit\/","url":"https:\/\/notenbeurs.nl\/de\/nachhaltigkeit\/","name":"Duurzamen noten - De NotenBeurs","isPartOf":{"@id":"https:\/\/notenbeurs.nl\/de\/#website"},"datePublished":"2024-10-23T07:36:24+00:00","dateModified":"2024-10-28T09:32:48+00:00","description":"Cashew ist eines der wichtigsten Exportg\u00fcter Tansanias. Im Land selbst bleibt jedoch nur wenig Wert erhalten, und die Nuss reist oft \u00fcber lange Umwege nach Europa. Wir sind der Meinung, dass wir es besser machen k\u00f6nnen, und haben deshalb unsere eigene Fabrik in Tansania gekauft. Dieser Schritt passt gut zu unserer Philosophie, denn er erm\u00f6glicht es uns, eng mit den Urspr\u00fcngen verbunden zu sein und einen echten Einfluss auszu\u00fcben.","breadcrumb":{"@id":"https:\/\/notenbeurs.nl\/de\/nachhaltigkeit\/#breadcrumb"},"inLanguage":"de","potentialAction":[{"@type":"ReadAction","target":["https:\/\/notenbeurs.nl\/de\/nachhaltigkeit\/"]}]},{"@type":"BreadcrumbList","@id":"https:\/\/notenbeurs.nl\/de\/nachhaltigkeit\/#breadcrumb","itemListElement":[{"@type":"ListItem","position":1,"name":"Home","item":"https:\/\/notenbeurs.nl\/de\/"},{"@type":"ListItem","position":2,"name":"Nachhaltigkeit"}]},{"@type":"WebSite","@id":"https:\/\/notenbeurs.nl\/de\/#website","url":"https:\/\/notenbeurs.nl\/de\/","name":"De NotenBeurs","description":"Totaal Groothandel in pinda&#039;s, noten en zuidvruchten","publisher":{"@id":"https:\/\/notenbeurs.nl\/de\/#organization"},"potentialAction":[{"@type":"SearchAction","target":{"@type":"EntryPoint","urlTemplate":"https:\/\/notenbeurs.nl\/de\/?s={search_term_string}"},"query-input":{"@type":"PropertyValueSpecification","valueRequired":true,"valueName":"search_term_string"}}],"inLanguage":"de"},{"@type":"Organization","@id":"https:\/\/notenbeurs.nl\/de\/#organization","name":"de NotenBeurs","url":"https:\/\/notenbeurs.nl\/de\/","logo":{"@type":"ImageObject","inLanguage":"de","@id":"https:\/\/notenbeurs.nl\/de\/#\/schema\/logo\/image\/","url":"https:\/\/notenbeurs.nl\/wp-content\/uploads\/2024\/04\/DNB-premium-logo-400px-new-1.png","contentUrl":"https:\/\/notenbeurs.nl\/wp-content\/uploads\/2024\/04\/DNB-premium-logo-400px-new-1.png","width":480,"height":400,"caption":"de NotenBeurs"},"image":{"@id":"https:\/\/notenbeurs.nl\/de\/#\/schema\/logo\/image\/"},"sameAs":["https:\/\/www.facebook.com\/deNotenbeurs\/","https:\/\/nl.linkedin.com\/company\/denotenbeurs"]}]}},"_links":{"self":[{"href":"https:\/\/notenbeurs.nl\/de\/wp-json\/wp\/v2\/pages\/188642","targetHints":{"allow":["GET"]}}],"collection":[{"href":"https:\/\/notenbeurs.nl\/de\/wp-json\/wp\/v2\/pages"}],"about":[{"href":"https:\/\/notenbeurs.nl\/de\/wp-json\/wp\/v2\/types\/page"}],"author":[{"embeddable":true,"href":"https:\/\/notenbeurs.nl\/de\/wp-json\/wp\/v2\/users\/7"}],"replies":[{"embeddable":true,"href":"https:\/\/notenbeurs.nl\/de\/wp-json\/wp\/v2\/comments?post=188642"}],"version-history":[{"count":7,"href":"https:\/\/notenbeurs.nl\/de\/wp-json\/wp\/v2\/pages\/188642\/revisions"}],"predecessor-version":[{"id":189012,"href":"https:\/\/notenbeurs.nl\/de\/wp-json\/wp\/v2\/pages\/188642\/revisions\/189012"}],"wp:attachment":[{"href":"https:\/\/notenbeurs.nl\/de\/wp-json\/wp\/v2\/media?parent=188642"}],"curies":[{"name":"wp","href":"https:\/\/api.w.org\/{rel}","templated":true}]}}