{"id":188652,"date":"2024-10-23T08:35:52","date_gmt":"2024-10-23T07:35:52","guid":{"rendered":"https:\/\/notenbeurs.nl\/?page_id=188652"},"modified":"2024-10-23T08:35:52","modified_gmt":"2024-10-23T07:35:52","slug":"verpackung-von-nuessen","status":"publish","type":"page","link":"https:\/\/notenbeurs.nl\/de\/verpackung-von-nuessen\/","title":{"rendered":"Verpackung von n\u00fcssen"},"content":{"rendered":"<h1>Verpackung von n\u00fcssen<\/h1>\n<p>Sie suchen einen Verpacker f\u00fcr Ihre N\u00fcsse? Wir verf\u00fcgen \u00fcber eine eigene Verpackungsabteilung, in der Kunden ihre Produkte in Becher, S\u00e4cke oder Eimer verpacken lassen k\u00f6nnen. Wir bieten auch verpackte Produkte mit unseren eigenen Etiketten an. Dies kann Ihr eigenes Design sein oder wir k\u00f6nnen es von unserer Marketingabteilung f\u00fcr Sie entwerfen lassen. Fragen Sie unser Verkaufspersonal nach den M\u00f6glichkeiten.    <\/p>\n<p>&nbsp;<\/p>\n<p><strong>F\u00fcr weitere Informationen wenden Sie sich bitte an unser Verkaufspersonal.<\/strong><\/p>\n<p>bel <a href=\"tel:0031180637063\">+31180 63 70 63<\/a> of mail naar <a href=\"mailto:orders@notenbeurs.nl\" target=\"_blank\" rel=\"noopener\">orders@notenbeurs.nl<\/a><\/p>\n","protected":false},"excerpt":{"rendered":"<p>Verpackung von n\u00fcssen Sie suchen einen Verpacker f\u00fcr Ihre N\u00fcsse? Wir verf\u00fcgen \u00fcber eine eigene Verpackungsabteilung, in der Kunden ihre Produkte in Becher, S\u00e4cke oder Eimer verpacken lassen k\u00f6nnen. Wir bieten auch verpackte Produkte mit unseren eigenen Etiketten an. Dies kann Ihr eigenes Design sein oder wir k\u00f6nnen es von unserer Marketingabteilung f\u00fcr Sie entwerfen [&hellip;]<\/p>\n","protected":false},"author":7,"featured_media":0,"parent":0,"menu_order":0,"comment_status":"closed","ping_status":"closed","template":"","meta":{"footnotes":""},"class_list":["post-188652","page","type-page","status-publish","hentry"],"yoast_head":"<!-- This site is optimized with the Yoast SEO plugin v26.9 - https:\/\/yoast.com\/product\/yoast-seo-wordpress\/ -->\n<title>Verpackung von n\u00fcssen - De NotenBeurs<\/title>\n<meta name=\"description\" content=\"Suchen Sie einen Nussgro\u00dfh\u00e4ndler? Der NotenBeurs ist der Spezialist f\u00fcr (Nuss-)Spezialisten. Jeder Kunde verdient das Sortiment, das am besten zu ihm passt. Wir beraten Sie gerne nach Ma\u00df. Standardm\u00e4\u00dfig gibt es eine gro\u00dfe Auswahl f\u00fcr jeden Kunden. Von der ambulanten bis zur selbst\u00e4ndigen Organisation, von der Gastronomie und dem Gro\u00dfhandel bis zur Supermarktorganisation und dem Export.\" \/>\n<meta name=\"robots\" content=\"index, follow, max-snippet:-1, max-image-preview:large, max-video-preview:-1\" \/>\n<link rel=\"canonical\" href=\"https:\/\/notenbeurs.nl\/de\/verpackung-von-nuessen\/\" \/>\n<meta property=\"og:locale\" content=\"de_DE\" \/>\n<meta property=\"og:type\" content=\"article\" \/>\n<meta property=\"og:title\" content=\"Verpackung von n\u00fcssen - De NotenBeurs\" \/>\n<meta property=\"og:description\" content=\"Suchen Sie einen Nussgro\u00dfh\u00e4ndler? Der NotenBeurs ist der Spezialist f\u00fcr (Nuss-)Spezialisten. Jeder Kunde verdient das Sortiment, das am besten zu ihm passt. Wir beraten Sie gerne nach Ma\u00df. Standardm\u00e4\u00dfig gibt es eine gro\u00dfe Auswahl f\u00fcr jeden Kunden. Von der ambulanten bis zur selbst\u00e4ndigen Organisation, von der Gastronomie und dem Gro\u00dfhandel bis zur Supermarktorganisation und dem Export.\" \/>\n<meta property=\"og:url\" content=\"https:\/\/notenbeurs.nl\/de\/verpackung-von-nuessen\/\" \/>\n<meta property=\"og:site_name\" content=\"De NotenBeurs\" \/>\n<meta property=\"article:publisher\" content=\"https:\/\/www.facebook.com\/deNotenbeurs\/\" \/>\n<script type=\"application\/ld+json\" class=\"yoast-schema-graph\">{\"@context\":\"https:\/\/schema.org\",\"@graph\":[{\"@type\":\"WebPage\",\"@id\":\"https:\/\/notenbeurs.nl\/de\/verpackung-von-nuessen\/\",\"url\":\"https:\/\/notenbeurs.nl\/de\/verpackung-von-nuessen\/\",\"name\":\"Verpackung von n\u00fcssen - De NotenBeurs\",\"isPartOf\":{\"@id\":\"https:\/\/notenbeurs.nl\/de\/#website\"},\"datePublished\":\"2024-10-23T07:35:52+00:00\",\"description\":\"Suchen Sie einen Nussgro\u00dfh\u00e4ndler? Der NotenBeurs ist der Spezialist f\u00fcr (Nuss-)Spezialisten. Jeder Kunde verdient das Sortiment, das am besten zu ihm passt. Wir beraten Sie gerne nach Ma\u00df. Standardm\u00e4\u00dfig gibt es eine gro\u00dfe Auswahl f\u00fcr jeden Kunden. Von der ambulanten bis zur selbst\u00e4ndigen Organisation, von der Gastronomie und dem Gro\u00dfhandel bis zur Supermarktorganisation und dem Export.\",\"breadcrumb\":{\"@id\":\"https:\/\/notenbeurs.nl\/de\/verpackung-von-nuessen\/#breadcrumb\"},\"inLanguage\":\"de\",\"potentialAction\":[{\"@type\":\"ReadAction\",\"target\":[\"https:\/\/notenbeurs.nl\/de\/verpackung-von-nuessen\/\"]}]},{\"@type\":\"BreadcrumbList\",\"@id\":\"https:\/\/notenbeurs.nl\/de\/verpackung-von-nuessen\/#breadcrumb\",\"itemListElement\":[{\"@type\":\"ListItem\",\"position\":1,\"name\":\"Home\",\"item\":\"https:\/\/notenbeurs.nl\/de\/\"},{\"@type\":\"ListItem\",\"position\":2,\"name\":\"Verpackung von n\u00fcssen\"}]},{\"@type\":\"WebSite\",\"@id\":\"https:\/\/notenbeurs.nl\/de\/#website\",\"url\":\"https:\/\/notenbeurs.nl\/de\/\",\"name\":\"De NotenBeurs\",\"description\":\"Totaal Groothandel in pinda&#039;s, noten en zuidvruchten\",\"publisher\":{\"@id\":\"https:\/\/notenbeurs.nl\/de\/#organization\"},\"potentialAction\":[{\"@type\":\"SearchAction\",\"target\":{\"@type\":\"EntryPoint\",\"urlTemplate\":\"https:\/\/notenbeurs.nl\/de\/?s={search_term_string}\"},\"query-input\":{\"@type\":\"PropertyValueSpecification\",\"valueRequired\":true,\"valueName\":\"search_term_string\"}}],\"inLanguage\":\"de\"},{\"@type\":\"Organization\",\"@id\":\"https:\/\/notenbeurs.nl\/de\/#organization\",\"name\":\"de NotenBeurs\",\"url\":\"https:\/\/notenbeurs.nl\/de\/\",\"logo\":{\"@type\":\"ImageObject\",\"inLanguage\":\"de\",\"@id\":\"https:\/\/notenbeurs.nl\/de\/#\/schema\/logo\/image\/\",\"url\":\"https:\/\/notenbeurs.nl\/wp-content\/uploads\/2024\/04\/DNB-premium-logo-400px-new-1.png\",\"contentUrl\":\"https:\/\/notenbeurs.nl\/wp-content\/uploads\/2024\/04\/DNB-premium-logo-400px-new-1.png\",\"width\":480,\"height\":400,\"caption\":\"de NotenBeurs\"},\"image\":{\"@id\":\"https:\/\/notenbeurs.nl\/de\/#\/schema\/logo\/image\/\"},\"sameAs\":[\"https:\/\/www.facebook.com\/deNotenbeurs\/\",\"https:\/\/nl.linkedin.com\/company\/denotenbeurs\"]}]}<\/script>\n<!-- \/ Yoast SEO plugin. -->","yoast_head_json":{"title":"Verpackung von n\u00fcssen - De NotenBeurs","description":"Suchen Sie einen Nussgro\u00dfh\u00e4ndler? Der NotenBeurs ist der Spezialist f\u00fcr (Nuss-)Spezialisten. Jeder Kunde verdient das Sortiment, das am besten zu ihm passt. Wir beraten Sie gerne nach Ma\u00df. Standardm\u00e4\u00dfig gibt es eine gro\u00dfe Auswahl f\u00fcr jeden Kunden. Von der ambulanten bis zur selbst\u00e4ndigen Organisation, von der Gastronomie und dem Gro\u00dfhandel bis zur Supermarktorganisation und dem Export.","robots":{"index":"index","follow":"follow","max-snippet":"max-snippet:-1","max-image-preview":"max-image-preview:large","max-video-preview":"max-video-preview:-1"},"canonical":"https:\/\/notenbeurs.nl\/de\/verpackung-von-nuessen\/","og_locale":"de_DE","og_type":"article","og_title":"Verpackung von n\u00fcssen - De NotenBeurs","og_description":"Suchen Sie einen Nussgro\u00dfh\u00e4ndler? Der NotenBeurs ist der Spezialist f\u00fcr (Nuss-)Spezialisten. Jeder Kunde verdient das Sortiment, das am besten zu ihm passt. Wir beraten Sie gerne nach Ma\u00df. Standardm\u00e4\u00dfig gibt es eine gro\u00dfe Auswahl f\u00fcr jeden Kunden. Von der ambulanten bis zur selbst\u00e4ndigen Organisation, von der Gastronomie und dem Gro\u00dfhandel bis zur Supermarktorganisation und dem Export.","og_url":"https:\/\/notenbeurs.nl\/de\/verpackung-von-nuessen\/","og_site_name":"De NotenBeurs","article_publisher":"https:\/\/www.facebook.com\/deNotenbeurs\/","schema":{"@context":"https:\/\/schema.org","@graph":[{"@type":"WebPage","@id":"https:\/\/notenbeurs.nl\/de\/verpackung-von-nuessen\/","url":"https:\/\/notenbeurs.nl\/de\/verpackung-von-nuessen\/","name":"Verpackung von n\u00fcssen - De NotenBeurs","isPartOf":{"@id":"https:\/\/notenbeurs.nl\/de\/#website"},"datePublished":"2024-10-23T07:35:52+00:00","description":"Suchen Sie einen Nussgro\u00dfh\u00e4ndler? Der NotenBeurs ist der Spezialist f\u00fcr (Nuss-)Spezialisten. Jeder Kunde verdient das Sortiment, das am besten zu ihm passt. Wir beraten Sie gerne nach Ma\u00df. Standardm\u00e4\u00dfig gibt es eine gro\u00dfe Auswahl f\u00fcr jeden Kunden. Von der ambulanten bis zur selbst\u00e4ndigen Organisation, von der Gastronomie und dem Gro\u00dfhandel bis zur Supermarktorganisation und dem Export.","breadcrumb":{"@id":"https:\/\/notenbeurs.nl\/de\/verpackung-von-nuessen\/#breadcrumb"},"inLanguage":"de","potentialAction":[{"@type":"ReadAction","target":["https:\/\/notenbeurs.nl\/de\/verpackung-von-nuessen\/"]}]},{"@type":"BreadcrumbList","@id":"https:\/\/notenbeurs.nl\/de\/verpackung-von-nuessen\/#breadcrumb","itemListElement":[{"@type":"ListItem","position":1,"name":"Home","item":"https:\/\/notenbeurs.nl\/de\/"},{"@type":"ListItem","position":2,"name":"Verpackung von n\u00fcssen"}]},{"@type":"WebSite","@id":"https:\/\/notenbeurs.nl\/de\/#website","url":"https:\/\/notenbeurs.nl\/de\/","name":"De NotenBeurs","description":"Totaal Groothandel in pinda&#039;s, noten en zuidvruchten","publisher":{"@id":"https:\/\/notenbeurs.nl\/de\/#organization"},"potentialAction":[{"@type":"SearchAction","target":{"@type":"EntryPoint","urlTemplate":"https:\/\/notenbeurs.nl\/de\/?s={search_term_string}"},"query-input":{"@type":"PropertyValueSpecification","valueRequired":true,"valueName":"search_term_string"}}],"inLanguage":"de"},{"@type":"Organization","@id":"https:\/\/notenbeurs.nl\/de\/#organization","name":"de NotenBeurs","url":"https:\/\/notenbeurs.nl\/de\/","logo":{"@type":"ImageObject","inLanguage":"de","@id":"https:\/\/notenbeurs.nl\/de\/#\/schema\/logo\/image\/","url":"https:\/\/notenbeurs.nl\/wp-content\/uploads\/2024\/04\/DNB-premium-logo-400px-new-1.png","contentUrl":"https:\/\/notenbeurs.nl\/wp-content\/uploads\/2024\/04\/DNB-premium-logo-400px-new-1.png","width":480,"height":400,"caption":"de NotenBeurs"},"image":{"@id":"https:\/\/notenbeurs.nl\/de\/#\/schema\/logo\/image\/"},"sameAs":["https:\/\/www.facebook.com\/deNotenbeurs\/","https:\/\/nl.linkedin.com\/company\/denotenbeurs"]}]}},"_links":{"self":[{"href":"https:\/\/notenbeurs.nl\/de\/wp-json\/wp\/v2\/pages\/188652","targetHints":{"allow":["GET"]}}],"collection":[{"href":"https:\/\/notenbeurs.nl\/de\/wp-json\/wp\/v2\/pages"}],"about":[{"href":"https:\/\/notenbeurs.nl\/de\/wp-json\/wp\/v2\/types\/page"}],"author":[{"embeddable":true,"href":"https:\/\/notenbeurs.nl\/de\/wp-json\/wp\/v2\/users\/7"}],"replies":[{"embeddable":true,"href":"https:\/\/notenbeurs.nl\/de\/wp-json\/wp\/v2\/comments?post=188652"}],"version-history":[{"count":1,"href":"https:\/\/notenbeurs.nl\/de\/wp-json\/wp\/v2\/pages\/188652\/revisions"}],"predecessor-version":[{"id":188822,"href":"https:\/\/notenbeurs.nl\/de\/wp-json\/wp\/v2\/pages\/188652\/revisions\/188822"}],"wp:attachment":[{"href":"https:\/\/notenbeurs.nl\/de\/wp-json\/wp\/v2\/media?parent=188652"}],"curies":[{"name":"wp","href":"https:\/\/api.w.org\/{rel}","templated":true}]}}