{"id":188653,"date":"2024-10-22T14:56:11","date_gmt":"2024-10-22T13:56:11","guid":{"rendered":"https:\/\/notenbeurs.nl\/?page_id=188653"},"modified":"2024-10-23T08:36:26","modified_gmt":"2024-10-23T07:36:26","slug":"cashew","status":"publish","type":"page","link":"https:\/\/notenbeurs.nl\/de\/produktgruppen\/cashew\/","title":{"rendered":"Cashew"},"content":{"rendered":"<div id='layer_slider_1'  class='avia-layerslider main_color avia-shadow  avia-builder-el-0  el_before_av_two_third  avia-builder-el-first  container_wrap sidebar_right'  style='height: 351px;'  ><\/div><div id='after_layer_slider_1'  class='main_color av_default_container_wrap container_wrap sidebar_right'  ><div class='container av-section-cont-open' ><div class='template-page content  av-content-small alpha units'><div class='post-entry post-entry-type-page post-entry-188653'><div class='entry-content-wrapper clearfix'>\n<div class='flex_column av-lr6bco-bd219be5685ab306bf77e55a486a2da5 av_two_third  avia-builder-el-1  el_after_av_layerslider  el_before_av_one_third  avia-builder-el-first  first flex_column_div '     ><section  class='av_textblock_section av-ld3ubs-51bdf308ea62e0beefd3ba9199a0153b'  itemscope=\"itemscope\" itemtype=\"https:\/\/schema.org\/CreativeWork\" ><div class='avia_textblock'  itemprop=\"text\" ><h3><span style=\"color: #a78960;\">Cashewn\u00fcsse in Premiumqualit\u00e4t<\/span><\/h3>\n<\/div><\/section><br \/>\n\n<style type=\"text\/css\" data-created_by=\"avia_inline_auto\" id=\"style-css-av-iv1dxk-658f08c4335ef14abcfca4a1ca034537\">\n#top .hr.av-iv1dxk-658f08c4335ef14abcfca4a1ca034537{\nmargin-bottom:10px;\n}\n.hr.av-iv1dxk-658f08c4335ef14abcfca4a1ca034537 .hr-inner{\nwidth:100%;\nborder-color:#bcbcbb;\n}\n<\/style>\n<div  class='hr av-iv1dxk-658f08c4335ef14abcfca4a1ca034537 hr-custom  avia-builder-el-3  el_after_av_textblock  el_before_av_textblock  hr-center hr-icon-no'><span class='hr-inner inner-border-av-border-thin'><span class=\"hr-inner-style\"><\/span><\/span><\/div><br \/>\n<section  class='av_textblock_section av-hewo7c-49249f46289bd889899102c9802232cb'  itemscope=\"itemscope\" itemtype=\"https:\/\/schema.org\/CreativeWork\" ><div class='avia_textblock'  itemprop=\"text\" ><p>Wir w\u00e4hlen unsere Produkte mit Sorgfalt aus. De NotenBeurs ist sich Ihres Wunsches nach hoher und gleichbleibender Qualit\u00e4t bewusst. F\u00fcr Cashewn\u00fcsse gehen wir die Extrameile. Wir haben die h\u00f6chsten Qualit\u00e4tsanforderungen auf dem Markt versch\u00e4rft und nur die Cashews, die diese strengen Anforderungen erf\u00fcllen, werden unter dem Namen Premium Quality Cashews in der eigenen NotenBeurs-Verpackung angeboten. Diese Premium-Cashews sind im Vergleich zu anderen Cashews unverwechselbar. Sie garantieren u.a. einen besseren Geschmack, eine sch\u00f6ne F\u00e4rbung nach dem R\u00f6sten und weniger Bruch im Produkt.<\/p>\n<\/div><\/section><br \/>\n\n<style type=\"text\/css\" data-created_by=\"avia_inline_auto\" id=\"style-css-av-f7knug-90efe126f456d5002575b600f15619f2\">\n#top .hr.hr-invisible.av-f7knug-90efe126f456d5002575b600f15619f2{\nheight:20px;\n}\n<\/style>\n<div  class='hr av-f7knug-90efe126f456d5002575b600f15619f2 hr-invisible  avia-builder-el-5  el_after_av_textblock  el_before_av_contact '><span class='hr-inner '><span class=\"hr-inner-style\"><\/span><\/span><\/div><br \/>\n<form action=\"https:\/\/notenbeurs.nl\/de\/produktgruppen\/cashew\/\" method=\"post\"  class=\"avia_ajax_form av-form-labels-visible   avia-builder-el-6  el_after_av_hr  avia-builder-el-last   \" data-avia-form-id=\"1\" data-avia-redirect='' ><h3 class=''>Angebot und Informationsanfrage<\/h3><fieldset><p class='  first_form  form_element form_fullwidth' id='element_avia_1_1'><label for=\"avia_1_1\">Name <abbr class=\"required\" title=\"ben\u00f6tigt\">*<\/abbr><\/label> <input name=\"avia_1_1\" class=\"text_input is_empty\" type=\"text\" id=\"avia_1_1\" value=\"\" \/><\/p><p class='  first_form  form_element form_fullwidth' id='element_avia_2_1'><label for=\"avia_2_1\">Rufnummer <abbr class=\"required\" title=\"ben\u00f6tigt\">*<\/abbr><\/label> <input name=\"avia_2_1\" class=\"text_input is_number\" type=\"text\" id=\"avia_2_1\" value=\"\" \/><\/p><p class='  first_form  form_element form_fullwidth' id='element_avia_3_1'><label for=\"avia_3_1\">E-Mail <abbr class=\"required\" title=\"ben\u00f6tigt\">*<\/abbr><\/label> <input name=\"avia_3_1\" class=\"text_input is_email\" type=\"text\" id=\"avia_3_1\" value=\"\" \/><\/p><p class='  first_form  form_element form_fullwidth' id='element_avia_4_1'><label for=\"avia_4_1\">Betreff <abbr class=\"required\" title=\"ben\u00f6tigt\">*<\/abbr><\/label><select  name=\"avia_4_1\" class=\"select is_empty\" id=\"avia_4_1\"><option  value ='Informationen anfordern'>Informationen anfordern<\/option><option  value ='Angebot anfordern'>Angebot anfordern<\/option><\/select><\/p><p class='  first_form  form_element form_fullwidth av-last-visible-form-element' id='element_avia_5_1'><label for=\"avia_5_1\" class=\"textare_label hidden textare_label_avia_5_1\">Nachricht (fakultativ)<\/label><textarea  name=\"avia_5_1\" class=\"text_area \" cols=\"40\" rows=\"7\" id=\"avia_5_1\" ><\/textarea><\/p><p class=\"hidden\"><input type=\"text\" name=\"avia_6_1\" class=\"hidden \" id=\"avia_6_1\" value=\"\" \/><\/p><p class=\"form_element \"><input type=\"hidden\" value=\"1\" name=\"avia_generated_form1\" \/><input type=\"submit\" value=\"Versand\" class=\"button\"  data-sending-label=\"Sende\"\/><\/p><\/fieldset><\/form><div id=\"ajaxresponse_1\" class=\"ajaxresponse ajaxresponse_1 hidden\"><\/div><\/p><\/div><div class='flex_column av-414phk-41460e89dc32a5f1b616cb6324b21f11 av_one_third  avia-builder-el-7  el_after_av_two_third  avia-builder-el-last  flex_column_div '     ><style type=\"text\/css\" data-created_by=\"avia_inline_auto\" id=\"style-css-av-27zgh4-6b9aec4034afa780432042ff69ca1b5f\">\n.avia-image-container.av-27zgh4-6b9aec4034afa780432042ff69ca1b5f img.avia_image{\nbox-shadow:none;\n}\n.avia-image-container.av-27zgh4-6b9aec4034afa780432042ff69ca1b5f .av-image-caption-overlay-center{\ncolor:#ffffff;\n}\n<\/style>\n<div  class='avia-image-container av-27zgh4-6b9aec4034afa780432042ff69ca1b5f av-styling- avia-align-center  avia-builder-el-8  avia-builder-el-no-sibling '   itemprop=\"image\" itemscope=\"itemscope\" itemtype=\"https:\/\/schema.org\/ImageObject\" ><div class=\"avia-image-container-inner\"><div class=\"avia-image-overlay-wrap\"><img decoding=\"async\" class='wp-image- avia-img-lazy-loading-not- avia_image ' src=\"https:\/\/notenbeurs.nl\/wp-content\/uploads\/2015\/01\/Notenbeurs_uitgelicht_page_Cashew.jpg\" alt='' title=''   itemprop=\"thumbnailUrl\"  \/><\/div><\/div><\/div><\/div><\/p>\n","protected":false},"excerpt":{"rendered":"","protected":false},"author":7,"featured_media":0,"parent":188774,"menu_order":0,"comment_status":"closed","ping_status":"open","template":"","meta":{"footnotes":""},"class_list":["post-188653","page","type-page","status-publish","hentry"],"yoast_head":"<!-- This site is optimized with the Yoast SEO plugin v26.9 - https:\/\/yoast.com\/product\/yoast-seo-wordpress\/ -->\n<title>Cashew - De NotenBeurs<\/title>\n<meta name=\"description\" content=\"Wir w\u00e4hlen unsere Produkte mit Sorgfalt aus. De NotenBeurs ist sich Ihres Wunsches nach hoher und gleichbleibender Qualit\u00e4t bewusst. F\u00fcr Cashewn\u00fcsse gehen wir die Extrameile. Wir haben die h\u00f6chsten Qualit\u00e4tsanforderungen auf dem Markt versch\u00e4rft und nur die Cashews, die diese strengen Anforderungen erf\u00fcllen, werden unter dem Namen Premium Quality Cashews in der eigenen NotenBeurs-Verpackung angeboten. Diese Premium-Cashews sind im Vergleich zu anderen Cashews unverwechselbar. Sie garantieren u.a. einen besseren Geschmack, eine sch\u00f6ne F\u00e4rbung nach dem R\u00f6sten und weniger Bruch im Produkt.\" \/>\n<meta name=\"robots\" content=\"index, follow, max-snippet:-1, max-image-preview:large, max-video-preview:-1\" \/>\n<link rel=\"canonical\" href=\"https:\/\/notenbeurs.nl\/de\/produktgruppen\/cashew\/\" \/>\n<meta property=\"og:locale\" content=\"de_DE\" \/>\n<meta property=\"og:type\" content=\"article\" \/>\n<meta property=\"og:title\" content=\"Cashew - De NotenBeurs\" \/>\n<meta property=\"og:description\" content=\"Wir w\u00e4hlen unsere Produkte mit Sorgfalt aus. De NotenBeurs ist sich Ihres Wunsches nach hoher und gleichbleibender Qualit\u00e4t bewusst. F\u00fcr Cashewn\u00fcsse gehen wir die Extrameile. Wir haben die h\u00f6chsten Qualit\u00e4tsanforderungen auf dem Markt versch\u00e4rft und nur die Cashews, die diese strengen Anforderungen erf\u00fcllen, werden unter dem Namen Premium Quality Cashews in der eigenen NotenBeurs-Verpackung angeboten. Diese Premium-Cashews sind im Vergleich zu anderen Cashews unverwechselbar. Sie garantieren u.a. einen besseren Geschmack, eine sch\u00f6ne F\u00e4rbung nach dem R\u00f6sten und weniger Bruch im Produkt.\" \/>\n<meta property=\"og:url\" content=\"https:\/\/notenbeurs.nl\/de\/produktgruppen\/cashew\/\" \/>\n<meta property=\"og:site_name\" content=\"De NotenBeurs\" \/>\n<meta property=\"article:publisher\" content=\"https:\/\/www.facebook.com\/deNotenbeurs\/\" \/>\n<meta property=\"article:modified_time\" content=\"2024-10-23T07:36:26+00:00\" \/>\n<meta name=\"twitter:label1\" content=\"Gesch\u00e4tzte Lesezeit\" \/>\n\t<meta name=\"twitter:data1\" content=\"3\u00a0Minuten\" \/>\n<script type=\"application\/ld+json\" class=\"yoast-schema-graph\">{\"@context\":\"https:\/\/schema.org\",\"@graph\":[{\"@type\":\"WebPage\",\"@id\":\"https:\/\/notenbeurs.nl\/de\/produktgruppen\/cashew\/\",\"url\":\"https:\/\/notenbeurs.nl\/de\/produktgruppen\/cashew\/\",\"name\":\"Cashew - De NotenBeurs\",\"isPartOf\":{\"@id\":\"https:\/\/notenbeurs.nl\/de\/#website\"},\"datePublished\":\"2024-10-22T13:56:11+00:00\",\"dateModified\":\"2024-10-23T07:36:26+00:00\",\"description\":\"Wir w\u00e4hlen unsere Produkte mit Sorgfalt aus. De NotenBeurs ist sich Ihres Wunsches nach hoher und gleichbleibender Qualit\u00e4t bewusst. F\u00fcr Cashewn\u00fcsse gehen wir die Extrameile. Wir haben die h\u00f6chsten Qualit\u00e4tsanforderungen auf dem Markt versch\u00e4rft und nur die Cashews, die diese strengen Anforderungen erf\u00fcllen, werden unter dem Namen Premium Quality Cashews in der eigenen NotenBeurs-Verpackung angeboten. Diese Premium-Cashews sind im Vergleich zu anderen Cashews unverwechselbar. Sie garantieren u.a. einen besseren Geschmack, eine sch\u00f6ne F\u00e4rbung nach dem R\u00f6sten und weniger Bruch im Produkt.\",\"breadcrumb\":{\"@id\":\"https:\/\/notenbeurs.nl\/de\/produktgruppen\/cashew\/#breadcrumb\"},\"inLanguage\":\"de\",\"potentialAction\":[{\"@type\":\"ReadAction\",\"target\":[\"https:\/\/notenbeurs.nl\/de\/produktgruppen\/cashew\/\"]}]},{\"@type\":\"BreadcrumbList\",\"@id\":\"https:\/\/notenbeurs.nl\/de\/produktgruppen\/cashew\/#breadcrumb\",\"itemListElement\":[{\"@type\":\"ListItem\",\"position\":1,\"name\":\"Home\",\"item\":\"https:\/\/notenbeurs.nl\/de\/\"},{\"@type\":\"ListItem\",\"position\":2,\"name\":\"Produktgruppen\",\"item\":\"https:\/\/notenbeurs.nl\/de\/produktgruppen\/\"},{\"@type\":\"ListItem\",\"position\":3,\"name\":\"Cashew\"}]},{\"@type\":\"WebSite\",\"@id\":\"https:\/\/notenbeurs.nl\/de\/#website\",\"url\":\"https:\/\/notenbeurs.nl\/de\/\",\"name\":\"De NotenBeurs\",\"description\":\"Totaal Groothandel in pinda&#039;s, noten en zuidvruchten\",\"publisher\":{\"@id\":\"https:\/\/notenbeurs.nl\/de\/#organization\"},\"potentialAction\":[{\"@type\":\"SearchAction\",\"target\":{\"@type\":\"EntryPoint\",\"urlTemplate\":\"https:\/\/notenbeurs.nl\/de\/?s={search_term_string}\"},\"query-input\":{\"@type\":\"PropertyValueSpecification\",\"valueRequired\":true,\"valueName\":\"search_term_string\"}}],\"inLanguage\":\"de\"},{\"@type\":\"Organization\",\"@id\":\"https:\/\/notenbeurs.nl\/de\/#organization\",\"name\":\"de NotenBeurs\",\"url\":\"https:\/\/notenbeurs.nl\/de\/\",\"logo\":{\"@type\":\"ImageObject\",\"inLanguage\":\"de\",\"@id\":\"https:\/\/notenbeurs.nl\/de\/#\/schema\/logo\/image\/\",\"url\":\"https:\/\/notenbeurs.nl\/wp-content\/uploads\/2024\/04\/DNB-premium-logo-400px-new-1.png\",\"contentUrl\":\"https:\/\/notenbeurs.nl\/wp-content\/uploads\/2024\/04\/DNB-premium-logo-400px-new-1.png\",\"width\":480,\"height\":400,\"caption\":\"de NotenBeurs\"},\"image\":{\"@id\":\"https:\/\/notenbeurs.nl\/de\/#\/schema\/logo\/image\/\"},\"sameAs\":[\"https:\/\/www.facebook.com\/deNotenbeurs\/\",\"https:\/\/nl.linkedin.com\/company\/denotenbeurs\"]}]}<\/script>\n<!-- \/ Yoast SEO plugin. -->","yoast_head_json":{"title":"Cashew - De NotenBeurs","description":"Wir w\u00e4hlen unsere Produkte mit Sorgfalt aus. De NotenBeurs ist sich Ihres Wunsches nach hoher und gleichbleibender Qualit\u00e4t bewusst. F\u00fcr Cashewn\u00fcsse gehen wir die Extrameile. Wir haben die h\u00f6chsten Qualit\u00e4tsanforderungen auf dem Markt versch\u00e4rft und nur die Cashews, die diese strengen Anforderungen erf\u00fcllen, werden unter dem Namen Premium Quality Cashews in der eigenen NotenBeurs-Verpackung angeboten. Diese Premium-Cashews sind im Vergleich zu anderen Cashews unverwechselbar. Sie garantieren u.a. einen besseren Geschmack, eine sch\u00f6ne F\u00e4rbung nach dem R\u00f6sten und weniger Bruch im Produkt.","robots":{"index":"index","follow":"follow","max-snippet":"max-snippet:-1","max-image-preview":"max-image-preview:large","max-video-preview":"max-video-preview:-1"},"canonical":"https:\/\/notenbeurs.nl\/de\/produktgruppen\/cashew\/","og_locale":"de_DE","og_type":"article","og_title":"Cashew - De NotenBeurs","og_description":"Wir w\u00e4hlen unsere Produkte mit Sorgfalt aus. De NotenBeurs ist sich Ihres Wunsches nach hoher und gleichbleibender Qualit\u00e4t bewusst. F\u00fcr Cashewn\u00fcsse gehen wir die Extrameile. Wir haben die h\u00f6chsten Qualit\u00e4tsanforderungen auf dem Markt versch\u00e4rft und nur die Cashews, die diese strengen Anforderungen erf\u00fcllen, werden unter dem Namen Premium Quality Cashews in der eigenen NotenBeurs-Verpackung angeboten. Diese Premium-Cashews sind im Vergleich zu anderen Cashews unverwechselbar. Sie garantieren u.a. einen besseren Geschmack, eine sch\u00f6ne F\u00e4rbung nach dem R\u00f6sten und weniger Bruch im Produkt.","og_url":"https:\/\/notenbeurs.nl\/de\/produktgruppen\/cashew\/","og_site_name":"De NotenBeurs","article_publisher":"https:\/\/www.facebook.com\/deNotenbeurs\/","article_modified_time":"2024-10-23T07:36:26+00:00","twitter_misc":{"Gesch\u00e4tzte Lesezeit":"3\u00a0Minuten"},"schema":{"@context":"https:\/\/schema.org","@graph":[{"@type":"WebPage","@id":"https:\/\/notenbeurs.nl\/de\/produktgruppen\/cashew\/","url":"https:\/\/notenbeurs.nl\/de\/produktgruppen\/cashew\/","name":"Cashew - De NotenBeurs","isPartOf":{"@id":"https:\/\/notenbeurs.nl\/de\/#website"},"datePublished":"2024-10-22T13:56:11+00:00","dateModified":"2024-10-23T07:36:26+00:00","description":"Wir w\u00e4hlen unsere Produkte mit Sorgfalt aus. De NotenBeurs ist sich Ihres Wunsches nach hoher und gleichbleibender Qualit\u00e4t bewusst. F\u00fcr Cashewn\u00fcsse gehen wir die Extrameile. Wir haben die h\u00f6chsten Qualit\u00e4tsanforderungen auf dem Markt versch\u00e4rft und nur die Cashews, die diese strengen Anforderungen erf\u00fcllen, werden unter dem Namen Premium Quality Cashews in der eigenen NotenBeurs-Verpackung angeboten. Diese Premium-Cashews sind im Vergleich zu anderen Cashews unverwechselbar. Sie garantieren u.a. einen besseren Geschmack, eine sch\u00f6ne F\u00e4rbung nach dem R\u00f6sten und weniger Bruch im Produkt.","breadcrumb":{"@id":"https:\/\/notenbeurs.nl\/de\/produktgruppen\/cashew\/#breadcrumb"},"inLanguage":"de","potentialAction":[{"@type":"ReadAction","target":["https:\/\/notenbeurs.nl\/de\/produktgruppen\/cashew\/"]}]},{"@type":"BreadcrumbList","@id":"https:\/\/notenbeurs.nl\/de\/produktgruppen\/cashew\/#breadcrumb","itemListElement":[{"@type":"ListItem","position":1,"name":"Home","item":"https:\/\/notenbeurs.nl\/de\/"},{"@type":"ListItem","position":2,"name":"Produktgruppen","item":"https:\/\/notenbeurs.nl\/de\/produktgruppen\/"},{"@type":"ListItem","position":3,"name":"Cashew"}]},{"@type":"WebSite","@id":"https:\/\/notenbeurs.nl\/de\/#website","url":"https:\/\/notenbeurs.nl\/de\/","name":"De NotenBeurs","description":"Totaal Groothandel in pinda&#039;s, noten en zuidvruchten","publisher":{"@id":"https:\/\/notenbeurs.nl\/de\/#organization"},"potentialAction":[{"@type":"SearchAction","target":{"@type":"EntryPoint","urlTemplate":"https:\/\/notenbeurs.nl\/de\/?s={search_term_string}"},"query-input":{"@type":"PropertyValueSpecification","valueRequired":true,"valueName":"search_term_string"}}],"inLanguage":"de"},{"@type":"Organization","@id":"https:\/\/notenbeurs.nl\/de\/#organization","name":"de NotenBeurs","url":"https:\/\/notenbeurs.nl\/de\/","logo":{"@type":"ImageObject","inLanguage":"de","@id":"https:\/\/notenbeurs.nl\/de\/#\/schema\/logo\/image\/","url":"https:\/\/notenbeurs.nl\/wp-content\/uploads\/2024\/04\/DNB-premium-logo-400px-new-1.png","contentUrl":"https:\/\/notenbeurs.nl\/wp-content\/uploads\/2024\/04\/DNB-premium-logo-400px-new-1.png","width":480,"height":400,"caption":"de NotenBeurs"},"image":{"@id":"https:\/\/notenbeurs.nl\/de\/#\/schema\/logo\/image\/"},"sameAs":["https:\/\/www.facebook.com\/deNotenbeurs\/","https:\/\/nl.linkedin.com\/company\/denotenbeurs"]}]}},"_links":{"self":[{"href":"https:\/\/notenbeurs.nl\/de\/wp-json\/wp\/v2\/pages\/188653","targetHints":{"allow":["GET"]}}],"collection":[{"href":"https:\/\/notenbeurs.nl\/de\/wp-json\/wp\/v2\/pages"}],"about":[{"href":"https:\/\/notenbeurs.nl\/de\/wp-json\/wp\/v2\/types\/page"}],"author":[{"embeddable":true,"href":"https:\/\/notenbeurs.nl\/de\/wp-json\/wp\/v2\/users\/7"}],"replies":[{"embeddable":true,"href":"https:\/\/notenbeurs.nl\/de\/wp-json\/wp\/v2\/comments?post=188653"}],"version-history":[{"count":7,"href":"https:\/\/notenbeurs.nl\/de\/wp-json\/wp\/v2\/pages\/188653\/revisions"}],"predecessor-version":[{"id":188791,"href":"https:\/\/notenbeurs.nl\/de\/wp-json\/wp\/v2\/pages\/188653\/revisions\/188791"}],"up":[{"embeddable":true,"href":"https:\/\/notenbeurs.nl\/de\/wp-json\/wp\/v2\/pages\/188774"}],"wp:attachment":[{"href":"https:\/\/notenbeurs.nl\/de\/wp-json\/wp\/v2\/media?parent=188653"}],"curies":[{"name":"wp","href":"https:\/\/api.w.org\/{rel}","templated":true}]}}