{"id":188657,"date":"2024-10-15T11:56:49","date_gmt":"2024-10-15T10:56:49","guid":{"rendered":"https:\/\/notenbeurs.nl\/?page_id=188657"},"modified":"2024-10-28T15:12:04","modified_gmt":"2024-10-28T14:12:04","slug":"lieferant-von-nussen","status":"publish","type":"page","link":"https:\/\/notenbeurs.nl\/de\/lieferant-von-nussen\/","title":{"rendered":"Lieferant von N\u00fcssen"},"content":{"rendered":"<p><img decoding=\"async\" class=\"aligncenter wp-image-188660 size-full\" src=\"https:\/\/notenbeurs.nl\/wp-content\/uploads\/2024\/10\/landingspage-deutsch.jpg\" alt=\"\" width=\"2540\" height=\"795\" srcset=\"https:\/\/notenbeurs.nl\/wp-content\/uploads\/2024\/10\/landingspage-deutsch.jpg 2540w, https:\/\/notenbeurs.nl\/wp-content\/uploads\/2024\/10\/landingspage-deutsch-768x240.jpg 768w, https:\/\/notenbeurs.nl\/wp-content\/uploads\/2024\/10\/landingspage-deutsch-1536x481.jpg 1536w, https:\/\/notenbeurs.nl\/wp-content\/uploads\/2024\/10\/landingspage-deutsch-2048x641.jpg 2048w, https:\/\/notenbeurs.nl\/wp-content\/uploads\/2024\/10\/landingspage-deutsch-1500x469.jpg 1500w, https:\/\/notenbeurs.nl\/wp-content\/uploads\/2024\/10\/landingspage-deutsch-705x221.jpg 705w\" sizes=\"(max-width: 2540px) 100vw, 2540px\" \/><\/p>\n<p>Sie suchen ein Nussgesch\u00e4ft, einen Nusslieferanten, einen Nussgro\u00dfh\u00e4ndler? Bei De NotenBeurs sind Sie an der richtigen Adresse. Bei uns erhalten Sie Cashews, Waln\u00fcsse, Paran\u00fcsse, Pekann\u00fcsse, Erdn\u00fcsse und Pistazien. Aber wir liefern auch Samen und Kerne, Schokolade und Trockenfr\u00fcchte.<\/p>\n<p>F\u00fcr Fragen oder weitere Informationen wenden Sie sich bitte an unseren Vertriebsinnendienst.<\/p>\n<div  class='avia-button-wrap av-kx9dtd-2995e4f811e4a12933bf0d4c85ca1a02-wrap avia-button-center  avia-builder-el-0  avia-builder-el-no-sibling ' ><a href='https:\/\/notenbeurs.nl\/contact-notenbeurs\/'  class='avia-button av-kx9dtd-2995e4f811e4a12933bf0d4c85ca1a02 avia-icon_select-no avia-size-small avia-position-center avia-color-theme-color' ><span class='avia_iconbox_title' >CONTACT<\/span><\/a><\/div>\n","protected":false},"excerpt":{"rendered":"<p>Sie suchen ein Nussgesch\u00e4ft, einen Nusslieferanten, einen Nussgro\u00dfh\u00e4ndler? Bei De NotenBeurs sind Sie an der richtigen Adresse. Bei uns erhalten Sie Cashews, Waln\u00fcsse, Paran\u00fcsse, Pekann\u00fcsse, Erdn\u00fcsse und Pistazien. Aber wir liefern auch Samen und Kerne, Schokolade und Trockenfr\u00fcchte. F\u00fcr Fragen oder weitere Informationen wenden Sie sich bitte an unseren Vertriebsinnendienst.<\/p>\n","protected":false},"author":7,"featured_media":0,"parent":0,"menu_order":0,"comment_status":"closed","ping_status":"closed","template":"","meta":{"footnotes":""},"class_list":["post-188657","page","type-page","status-publish","hentry"],"yoast_head":"<!-- This site is optimized with the Yoast SEO plugin v26.9 - https:\/\/yoast.com\/product\/yoast-seo-wordpress\/ -->\n<title>Lieferant von N\u00fcssen - De NotenBeurs<\/title>\n<meta name=\"description\" content=\"Sie suchen ein Nussgesch\u00e4ft, einen Nusslieferanten, einen Nussgro\u00dfh\u00e4ndler? Bei De NotenBeurs sind Sie an der richtigen Adresse. Bei uns erhalten Sie Cashews, Waln\u00fcsse, Paran\u00fcsse, Pekann\u00fcsse, Erdn\u00fcsse und Pistazien. Aber wir liefern auch Samen und Kerne, Schokolade und Trockenfr\u00fcchte.\" \/>\n<meta name=\"robots\" content=\"index, follow, max-snippet:-1, max-image-preview:large, max-video-preview:-1\" \/>\n<link rel=\"canonical\" href=\"https:\/\/notenbeurs.nl\/de\/lieferant-von-nussen\/\" \/>\n<meta property=\"og:locale\" content=\"de_DE\" \/>\n<meta property=\"og:type\" content=\"article\" \/>\n<meta property=\"og:title\" content=\"Lieferant von N\u00fcssen - De NotenBeurs\" \/>\n<meta property=\"og:description\" content=\"Sie suchen ein Nussgesch\u00e4ft, einen Nusslieferanten, einen Nussgro\u00dfh\u00e4ndler? Bei De NotenBeurs sind Sie an der richtigen Adresse. Bei uns erhalten Sie Cashews, Waln\u00fcsse, Paran\u00fcsse, Pekann\u00fcsse, Erdn\u00fcsse und Pistazien. Aber wir liefern auch Samen und Kerne, Schokolade und Trockenfr\u00fcchte.\" \/>\n<meta property=\"og:url\" content=\"https:\/\/notenbeurs.nl\/de\/lieferant-von-nussen\/\" \/>\n<meta property=\"og:site_name\" content=\"De NotenBeurs\" \/>\n<meta property=\"article:publisher\" content=\"https:\/\/www.facebook.com\/deNotenbeurs\/\" \/>\n<meta property=\"article:modified_time\" content=\"2024-10-28T14:12:04+00:00\" \/>\n<meta property=\"og:image\" content=\"https:\/\/notenbeurs.nl\/wp-content\/uploads\/2024\/10\/landingspage-deutsch.jpg\" \/>\n<meta name=\"twitter:label1\" content=\"Gesch\u00e4tzte Lesezeit\" \/>\n\t<meta name=\"twitter:data1\" content=\"2\u00a0Minuten\" \/>\n<script type=\"application\/ld+json\" class=\"yoast-schema-graph\">{\"@context\":\"https:\/\/schema.org\",\"@graph\":[{\"@type\":\"WebPage\",\"@id\":\"https:\/\/notenbeurs.nl\/de\/lieferant-von-nussen\/\",\"url\":\"https:\/\/notenbeurs.nl\/de\/lieferant-von-nussen\/\",\"name\":\"Lieferant von N\u00fcssen - De NotenBeurs\",\"isPartOf\":{\"@id\":\"https:\/\/notenbeurs.nl\/de\/#website\"},\"primaryImageOfPage\":{\"@id\":\"https:\/\/notenbeurs.nl\/de\/lieferant-von-nussen\/#primaryimage\"},\"image\":{\"@id\":\"https:\/\/notenbeurs.nl\/de\/lieferant-von-nussen\/#primaryimage\"},\"thumbnailUrl\":\"https:\/\/notenbeurs.nl\/wp-content\/uploads\/2024\/10\/landingspage-deutsch.jpg\",\"datePublished\":\"2024-10-15T10:56:49+00:00\",\"dateModified\":\"2024-10-28T14:12:04+00:00\",\"description\":\"Sie suchen ein Nussgesch\u00e4ft, einen Nusslieferanten, einen Nussgro\u00dfh\u00e4ndler? Bei De NotenBeurs sind Sie an der richtigen Adresse. Bei uns erhalten Sie Cashews, Waln\u00fcsse, Paran\u00fcsse, Pekann\u00fcsse, Erdn\u00fcsse und Pistazien. Aber wir liefern auch Samen und Kerne, Schokolade und Trockenfr\u00fcchte.\",\"breadcrumb\":{\"@id\":\"https:\/\/notenbeurs.nl\/de\/lieferant-von-nussen\/#breadcrumb\"},\"inLanguage\":\"de\",\"potentialAction\":[{\"@type\":\"ReadAction\",\"target\":[\"https:\/\/notenbeurs.nl\/de\/lieferant-von-nussen\/\"]}]},{\"@type\":\"ImageObject\",\"inLanguage\":\"de\",\"@id\":\"https:\/\/notenbeurs.nl\/de\/lieferant-von-nussen\/#primaryimage\",\"url\":\"https:\/\/notenbeurs.nl\/wp-content\/uploads\/2024\/10\/landingspage-deutsch.jpg\",\"contentUrl\":\"https:\/\/notenbeurs.nl\/wp-content\/uploads\/2024\/10\/landingspage-deutsch.jpg\"},{\"@type\":\"BreadcrumbList\",\"@id\":\"https:\/\/notenbeurs.nl\/de\/lieferant-von-nussen\/#breadcrumb\",\"itemListElement\":[{\"@type\":\"ListItem\",\"position\":1,\"name\":\"Home\",\"item\":\"https:\/\/notenbeurs.nl\/de\/\"},{\"@type\":\"ListItem\",\"position\":2,\"name\":\"Lieferant von N\u00fcssen\"}]},{\"@type\":\"WebSite\",\"@id\":\"https:\/\/notenbeurs.nl\/de\/#website\",\"url\":\"https:\/\/notenbeurs.nl\/de\/\",\"name\":\"De NotenBeurs\",\"description\":\"Totaal Groothandel in pinda&#039;s, noten en zuidvruchten\",\"publisher\":{\"@id\":\"https:\/\/notenbeurs.nl\/de\/#organization\"},\"potentialAction\":[{\"@type\":\"SearchAction\",\"target\":{\"@type\":\"EntryPoint\",\"urlTemplate\":\"https:\/\/notenbeurs.nl\/de\/?s={search_term_string}\"},\"query-input\":{\"@type\":\"PropertyValueSpecification\",\"valueRequired\":true,\"valueName\":\"search_term_string\"}}],\"inLanguage\":\"de\"},{\"@type\":\"Organization\",\"@id\":\"https:\/\/notenbeurs.nl\/de\/#organization\",\"name\":\"de NotenBeurs\",\"url\":\"https:\/\/notenbeurs.nl\/de\/\",\"logo\":{\"@type\":\"ImageObject\",\"inLanguage\":\"de\",\"@id\":\"https:\/\/notenbeurs.nl\/de\/#\/schema\/logo\/image\/\",\"url\":\"https:\/\/notenbeurs.nl\/wp-content\/uploads\/2024\/04\/DNB-premium-logo-400px-new-1.png\",\"contentUrl\":\"https:\/\/notenbeurs.nl\/wp-content\/uploads\/2024\/04\/DNB-premium-logo-400px-new-1.png\",\"width\":480,\"height\":400,\"caption\":\"de NotenBeurs\"},\"image\":{\"@id\":\"https:\/\/notenbeurs.nl\/de\/#\/schema\/logo\/image\/\"},\"sameAs\":[\"https:\/\/www.facebook.com\/deNotenbeurs\/\",\"https:\/\/nl.linkedin.com\/company\/denotenbeurs\"]}]}<\/script>\n<!-- \/ Yoast SEO plugin. -->","yoast_head_json":{"title":"Lieferant von N\u00fcssen - De NotenBeurs","description":"Sie suchen ein Nussgesch\u00e4ft, einen Nusslieferanten, einen Nussgro\u00dfh\u00e4ndler? Bei De NotenBeurs sind Sie an der richtigen Adresse. Bei uns erhalten Sie Cashews, Waln\u00fcsse, Paran\u00fcsse, Pekann\u00fcsse, Erdn\u00fcsse und Pistazien. Aber wir liefern auch Samen und Kerne, Schokolade und Trockenfr\u00fcchte.","robots":{"index":"index","follow":"follow","max-snippet":"max-snippet:-1","max-image-preview":"max-image-preview:large","max-video-preview":"max-video-preview:-1"},"canonical":"https:\/\/notenbeurs.nl\/de\/lieferant-von-nussen\/","og_locale":"de_DE","og_type":"article","og_title":"Lieferant von N\u00fcssen - De NotenBeurs","og_description":"Sie suchen ein Nussgesch\u00e4ft, einen Nusslieferanten, einen Nussgro\u00dfh\u00e4ndler? Bei De NotenBeurs sind Sie an der richtigen Adresse. Bei uns erhalten Sie Cashews, Waln\u00fcsse, Paran\u00fcsse, Pekann\u00fcsse, Erdn\u00fcsse und Pistazien. Aber wir liefern auch Samen und Kerne, Schokolade und Trockenfr\u00fcchte.","og_url":"https:\/\/notenbeurs.nl\/de\/lieferant-von-nussen\/","og_site_name":"De NotenBeurs","article_publisher":"https:\/\/www.facebook.com\/deNotenbeurs\/","article_modified_time":"2024-10-28T14:12:04+00:00","og_image":[{"url":"https:\/\/notenbeurs.nl\/wp-content\/uploads\/2024\/10\/landingspage-deutsch.jpg","type":"","width":"","height":""}],"twitter_misc":{"Gesch\u00e4tzte Lesezeit":"2\u00a0Minuten"},"schema":{"@context":"https:\/\/schema.org","@graph":[{"@type":"WebPage","@id":"https:\/\/notenbeurs.nl\/de\/lieferant-von-nussen\/","url":"https:\/\/notenbeurs.nl\/de\/lieferant-von-nussen\/","name":"Lieferant von N\u00fcssen - De NotenBeurs","isPartOf":{"@id":"https:\/\/notenbeurs.nl\/de\/#website"},"primaryImageOfPage":{"@id":"https:\/\/notenbeurs.nl\/de\/lieferant-von-nussen\/#primaryimage"},"image":{"@id":"https:\/\/notenbeurs.nl\/de\/lieferant-von-nussen\/#primaryimage"},"thumbnailUrl":"https:\/\/notenbeurs.nl\/wp-content\/uploads\/2024\/10\/landingspage-deutsch.jpg","datePublished":"2024-10-15T10:56:49+00:00","dateModified":"2024-10-28T14:12:04+00:00","description":"Sie suchen ein Nussgesch\u00e4ft, einen Nusslieferanten, einen Nussgro\u00dfh\u00e4ndler? Bei De NotenBeurs sind Sie an der richtigen Adresse. Bei uns erhalten Sie Cashews, Waln\u00fcsse, Paran\u00fcsse, Pekann\u00fcsse, Erdn\u00fcsse und Pistazien. Aber wir liefern auch Samen und Kerne, Schokolade und Trockenfr\u00fcchte.","breadcrumb":{"@id":"https:\/\/notenbeurs.nl\/de\/lieferant-von-nussen\/#breadcrumb"},"inLanguage":"de","potentialAction":[{"@type":"ReadAction","target":["https:\/\/notenbeurs.nl\/de\/lieferant-von-nussen\/"]}]},{"@type":"ImageObject","inLanguage":"de","@id":"https:\/\/notenbeurs.nl\/de\/lieferant-von-nussen\/#primaryimage","url":"https:\/\/notenbeurs.nl\/wp-content\/uploads\/2024\/10\/landingspage-deutsch.jpg","contentUrl":"https:\/\/notenbeurs.nl\/wp-content\/uploads\/2024\/10\/landingspage-deutsch.jpg"},{"@type":"BreadcrumbList","@id":"https:\/\/notenbeurs.nl\/de\/lieferant-von-nussen\/#breadcrumb","itemListElement":[{"@type":"ListItem","position":1,"name":"Home","item":"https:\/\/notenbeurs.nl\/de\/"},{"@type":"ListItem","position":2,"name":"Lieferant von N\u00fcssen"}]},{"@type":"WebSite","@id":"https:\/\/notenbeurs.nl\/de\/#website","url":"https:\/\/notenbeurs.nl\/de\/","name":"De NotenBeurs","description":"Totaal Groothandel in pinda&#039;s, noten en zuidvruchten","publisher":{"@id":"https:\/\/notenbeurs.nl\/de\/#organization"},"potentialAction":[{"@type":"SearchAction","target":{"@type":"EntryPoint","urlTemplate":"https:\/\/notenbeurs.nl\/de\/?s={search_term_string}"},"query-input":{"@type":"PropertyValueSpecification","valueRequired":true,"valueName":"search_term_string"}}],"inLanguage":"de"},{"@type":"Organization","@id":"https:\/\/notenbeurs.nl\/de\/#organization","name":"de NotenBeurs","url":"https:\/\/notenbeurs.nl\/de\/","logo":{"@type":"ImageObject","inLanguage":"de","@id":"https:\/\/notenbeurs.nl\/de\/#\/schema\/logo\/image\/","url":"https:\/\/notenbeurs.nl\/wp-content\/uploads\/2024\/04\/DNB-premium-logo-400px-new-1.png","contentUrl":"https:\/\/notenbeurs.nl\/wp-content\/uploads\/2024\/04\/DNB-premium-logo-400px-new-1.png","width":480,"height":400,"caption":"de NotenBeurs"},"image":{"@id":"https:\/\/notenbeurs.nl\/de\/#\/schema\/logo\/image\/"},"sameAs":["https:\/\/www.facebook.com\/deNotenbeurs\/","https:\/\/nl.linkedin.com\/company\/denotenbeurs"]}]}},"_links":{"self":[{"href":"https:\/\/notenbeurs.nl\/de\/wp-json\/wp\/v2\/pages\/188657","targetHints":{"allow":["GET"]}}],"collection":[{"href":"https:\/\/notenbeurs.nl\/de\/wp-json\/wp\/v2\/pages"}],"about":[{"href":"https:\/\/notenbeurs.nl\/de\/wp-json\/wp\/v2\/types\/page"}],"author":[{"embeddable":true,"href":"https:\/\/notenbeurs.nl\/de\/wp-json\/wp\/v2\/users\/7"}],"replies":[{"embeddable":true,"href":"https:\/\/notenbeurs.nl\/de\/wp-json\/wp\/v2\/comments?post=188657"}],"version-history":[{"count":3,"href":"https:\/\/notenbeurs.nl\/de\/wp-json\/wp\/v2\/pages\/188657\/revisions"}],"predecessor-version":[{"id":189390,"href":"https:\/\/notenbeurs.nl\/de\/wp-json\/wp\/v2\/pages\/188657\/revisions\/189390"}],"wp:attachment":[{"href":"https:\/\/notenbeurs.nl\/de\/wp-json\/wp\/v2\/media?parent=188657"}],"curies":[{"name":"wp","href":"https:\/\/api.w.org\/{rel}","templated":true}]}}