{"id":188682,"date":"2024-10-23T08:33:31","date_gmt":"2024-10-23T07:33:31","guid":{"rendered":"https:\/\/notenbeurs.nl\/?page_id=188682"},"modified":"2024-11-01T12:30:48","modified_gmt":"2024-11-01T11:30:48","slug":"baeckereiprodukten","status":"publish","type":"page","link":"https:\/\/notenbeurs.nl\/de\/baeckereiprodukten\/","title":{"rendered":"B\u00e4ckereiprodukten"},"content":{"rendered":"<h1>B\u00e4ckereiprodukten<\/h1>\n<p>Sie suchen einen Gro\u00dfh\u00e4ndler f\u00fcr Ihre Backwaren? Wir beliefern seit vielen Jahren kleine B\u00e4ckereien, Einzelh\u00e4ndler und industrielle B\u00e4ckereien mit einer breiten Palette von Backwaren. F\u00fcr weitere Informationen steht Ihnen unser Verkaufsinnendienst gerne zur Verf\u00fcgung.<\/p>\n<p>&nbsp;<\/p>\n<p><strong>F\u00fcr weitere Informationen wenden Sie sich bitte an unser Verkaufspersonal.<\/strong><\/p>\n<p>Rufen Sie an unter\u00a0<a href=\"tel:0031180637063\">+31180 63 70 63<\/a>\u00a0oder schreiben Sie eine E-Mail an\u00a0<a href=\"mailto:orders@notenbeurs.nl\" target=\"_blank\" rel=\"noopener\">orders@notenbeurs.nl<\/a><\/p>\n<p>&nbsp;<\/p>\n","protected":false},"excerpt":{"rendered":"<p>B\u00e4ckereiprodukten Sie suchen einen Gro\u00dfh\u00e4ndler f\u00fcr Ihre Backwaren? Wir beliefern seit vielen Jahren kleine B\u00e4ckereien, Einzelh\u00e4ndler und industrielle B\u00e4ckereien mit einer breiten Palette von Backwaren. F\u00fcr weitere Informationen steht Ihnen unser Verkaufsinnendienst gerne zur Verf\u00fcgung. &nbsp; F\u00fcr weitere Informationen wenden Sie sich bitte an unser Verkaufspersonal. Rufen Sie an unter\u00a0+31180 63 70 63\u00a0oder schreiben Sie [&hellip;]<\/p>\n","protected":false},"author":7,"featured_media":188683,"parent":0,"menu_order":0,"comment_status":"closed","ping_status":"closed","template":"","meta":{"footnotes":""},"class_list":["post-188682","page","type-page","status-publish","has-post-thumbnail","hentry"],"yoast_head":"<!-- This site is optimized with the Yoast SEO plugin v26.9 - https:\/\/yoast.com\/product\/yoast-seo-wordpress\/ -->\n<title>B\u00e4ckereiprodukten - De NotenBeurs<\/title>\n<meta name=\"description\" content=\"Sie suchen einen Gro\u00dfh\u00e4ndler f\u00fcr Backwaren? Wir beliefern seit vielen Jahren kleine B\u00e4ckereien, Einzelh\u00e4ndler und industrielle B\u00e4ckereien mit einer breiten Palette von Backwaren. F\u00fcr weitere Informationen steht Ihnen unser Verkaufsinnendienst gerne zur Verf\u00fcgung.\" \/>\n<meta name=\"robots\" content=\"index, follow, max-snippet:-1, max-image-preview:large, max-video-preview:-1\" \/>\n<link rel=\"canonical\" href=\"https:\/\/notenbeurs.nl\/de\/baeckereiprodukten\/\" \/>\n<meta property=\"og:locale\" content=\"de_DE\" \/>\n<meta property=\"og:type\" content=\"article\" \/>\n<meta property=\"og:title\" content=\"B\u00e4ckereiprodukten - De NotenBeurs\" \/>\n<meta property=\"og:description\" content=\"Sie suchen einen Gro\u00dfh\u00e4ndler f\u00fcr Backwaren? Wir beliefern seit vielen Jahren kleine B\u00e4ckereien, Einzelh\u00e4ndler und industrielle B\u00e4ckereien mit einer breiten Palette von Backwaren. F\u00fcr weitere Informationen steht Ihnen unser Verkaufsinnendienst gerne zur Verf\u00fcgung.\" \/>\n<meta property=\"og:url\" content=\"https:\/\/notenbeurs.nl\/de\/baeckereiprodukten\/\" \/>\n<meta property=\"og:site_name\" content=\"De NotenBeurs\" \/>\n<meta property=\"article:publisher\" content=\"https:\/\/www.facebook.com\/deNotenbeurs\/\" \/>\n<meta property=\"article:modified_time\" content=\"2024-11-01T11:30:48+00:00\" \/>\n<meta property=\"og:image\" content=\"https:\/\/notenbeurs.nl\/wp-content\/uploads\/2020\/11\/lr-pexels-flora-westbrook-4191621.jpg\" \/>\n\t<meta property=\"og:image:width\" content=\"2540\" \/>\n\t<meta property=\"og:image:height\" content=\"1691\" \/>\n\t<meta property=\"og:image:type\" content=\"image\/jpeg\" \/>\n<script type=\"application\/ld+json\" class=\"yoast-schema-graph\">{\"@context\":\"https:\/\/schema.org\",\"@graph\":[{\"@type\":\"WebPage\",\"@id\":\"https:\/\/notenbeurs.nl\/de\/baeckereiprodukten\/\",\"url\":\"https:\/\/notenbeurs.nl\/de\/baeckereiprodukten\/\",\"name\":\"B\u00e4ckereiprodukten - De NotenBeurs\",\"isPartOf\":{\"@id\":\"https:\/\/notenbeurs.nl\/de\/#website\"},\"primaryImageOfPage\":{\"@id\":\"https:\/\/notenbeurs.nl\/de\/baeckereiprodukten\/#primaryimage\"},\"image\":{\"@id\":\"https:\/\/notenbeurs.nl\/de\/baeckereiprodukten\/#primaryimage\"},\"thumbnailUrl\":\"https:\/\/notenbeurs.nl\/wp-content\/uploads\/2020\/11\/lr-pexels-flora-westbrook-4191621.jpg\",\"datePublished\":\"2024-10-23T07:33:31+00:00\",\"dateModified\":\"2024-11-01T11:30:48+00:00\",\"description\":\"Sie suchen einen Gro\u00dfh\u00e4ndler f\u00fcr Backwaren? Wir beliefern seit vielen Jahren kleine B\u00e4ckereien, Einzelh\u00e4ndler und industrielle B\u00e4ckereien mit einer breiten Palette von Backwaren. F\u00fcr weitere Informationen steht Ihnen unser Verkaufsinnendienst gerne zur Verf\u00fcgung.\",\"breadcrumb\":{\"@id\":\"https:\/\/notenbeurs.nl\/de\/baeckereiprodukten\/#breadcrumb\"},\"inLanguage\":\"de\",\"potentialAction\":[{\"@type\":\"ReadAction\",\"target\":[\"https:\/\/notenbeurs.nl\/de\/baeckereiprodukten\/\"]}]},{\"@type\":\"ImageObject\",\"inLanguage\":\"de\",\"@id\":\"https:\/\/notenbeurs.nl\/de\/baeckereiprodukten\/#primaryimage\",\"url\":\"https:\/\/notenbeurs.nl\/wp-content\/uploads\/2020\/11\/lr-pexels-flora-westbrook-4191621.jpg\",\"contentUrl\":\"https:\/\/notenbeurs.nl\/wp-content\/uploads\/2020\/11\/lr-pexels-flora-westbrook-4191621.jpg\",\"width\":2540,\"height\":1691},{\"@type\":\"BreadcrumbList\",\"@id\":\"https:\/\/notenbeurs.nl\/de\/baeckereiprodukten\/#breadcrumb\",\"itemListElement\":[{\"@type\":\"ListItem\",\"position\":1,\"name\":\"Home\",\"item\":\"https:\/\/notenbeurs.nl\/de\/\"},{\"@type\":\"ListItem\",\"position\":2,\"name\":\"B\u00e4ckereiprodukten\"}]},{\"@type\":\"WebSite\",\"@id\":\"https:\/\/notenbeurs.nl\/de\/#website\",\"url\":\"https:\/\/notenbeurs.nl\/de\/\",\"name\":\"De NotenBeurs\",\"description\":\"Totaal Groothandel in pinda&#039;s, noten en zuidvruchten\",\"publisher\":{\"@id\":\"https:\/\/notenbeurs.nl\/de\/#organization\"},\"potentialAction\":[{\"@type\":\"SearchAction\",\"target\":{\"@type\":\"EntryPoint\",\"urlTemplate\":\"https:\/\/notenbeurs.nl\/de\/?s={search_term_string}\"},\"query-input\":{\"@type\":\"PropertyValueSpecification\",\"valueRequired\":true,\"valueName\":\"search_term_string\"}}],\"inLanguage\":\"de\"},{\"@type\":\"Organization\",\"@id\":\"https:\/\/notenbeurs.nl\/de\/#organization\",\"name\":\"de NotenBeurs\",\"url\":\"https:\/\/notenbeurs.nl\/de\/\",\"logo\":{\"@type\":\"ImageObject\",\"inLanguage\":\"de\",\"@id\":\"https:\/\/notenbeurs.nl\/de\/#\/schema\/logo\/image\/\",\"url\":\"https:\/\/notenbeurs.nl\/wp-content\/uploads\/2024\/04\/DNB-premium-logo-400px-new-1.png\",\"contentUrl\":\"https:\/\/notenbeurs.nl\/wp-content\/uploads\/2024\/04\/DNB-premium-logo-400px-new-1.png\",\"width\":480,\"height\":400,\"caption\":\"de NotenBeurs\"},\"image\":{\"@id\":\"https:\/\/notenbeurs.nl\/de\/#\/schema\/logo\/image\/\"},\"sameAs\":[\"https:\/\/www.facebook.com\/deNotenbeurs\/\",\"https:\/\/nl.linkedin.com\/company\/denotenbeurs\"]}]}<\/script>\n<!-- \/ Yoast SEO plugin. -->","yoast_head_json":{"title":"B\u00e4ckereiprodukten - De NotenBeurs","description":"Sie suchen einen Gro\u00dfh\u00e4ndler f\u00fcr Backwaren? Wir beliefern seit vielen Jahren kleine B\u00e4ckereien, Einzelh\u00e4ndler und industrielle B\u00e4ckereien mit einer breiten Palette von Backwaren. F\u00fcr weitere Informationen steht Ihnen unser Verkaufsinnendienst gerne zur Verf\u00fcgung.","robots":{"index":"index","follow":"follow","max-snippet":"max-snippet:-1","max-image-preview":"max-image-preview:large","max-video-preview":"max-video-preview:-1"},"canonical":"https:\/\/notenbeurs.nl\/de\/baeckereiprodukten\/","og_locale":"de_DE","og_type":"article","og_title":"B\u00e4ckereiprodukten - De NotenBeurs","og_description":"Sie suchen einen Gro\u00dfh\u00e4ndler f\u00fcr Backwaren? Wir beliefern seit vielen Jahren kleine B\u00e4ckereien, Einzelh\u00e4ndler und industrielle B\u00e4ckereien mit einer breiten Palette von Backwaren. F\u00fcr weitere Informationen steht Ihnen unser Verkaufsinnendienst gerne zur Verf\u00fcgung.","og_url":"https:\/\/notenbeurs.nl\/de\/baeckereiprodukten\/","og_site_name":"De NotenBeurs","article_publisher":"https:\/\/www.facebook.com\/deNotenbeurs\/","article_modified_time":"2024-11-01T11:30:48+00:00","og_image":[{"width":2540,"height":1691,"url":"https:\/\/notenbeurs.nl\/wp-content\/uploads\/2020\/11\/lr-pexels-flora-westbrook-4191621.jpg","type":"image\/jpeg"}],"schema":{"@context":"https:\/\/schema.org","@graph":[{"@type":"WebPage","@id":"https:\/\/notenbeurs.nl\/de\/baeckereiprodukten\/","url":"https:\/\/notenbeurs.nl\/de\/baeckereiprodukten\/","name":"B\u00e4ckereiprodukten - De NotenBeurs","isPartOf":{"@id":"https:\/\/notenbeurs.nl\/de\/#website"},"primaryImageOfPage":{"@id":"https:\/\/notenbeurs.nl\/de\/baeckereiprodukten\/#primaryimage"},"image":{"@id":"https:\/\/notenbeurs.nl\/de\/baeckereiprodukten\/#primaryimage"},"thumbnailUrl":"https:\/\/notenbeurs.nl\/wp-content\/uploads\/2020\/11\/lr-pexels-flora-westbrook-4191621.jpg","datePublished":"2024-10-23T07:33:31+00:00","dateModified":"2024-11-01T11:30:48+00:00","description":"Sie suchen einen Gro\u00dfh\u00e4ndler f\u00fcr Backwaren? Wir beliefern seit vielen Jahren kleine B\u00e4ckereien, Einzelh\u00e4ndler und industrielle B\u00e4ckereien mit einer breiten Palette von Backwaren. F\u00fcr weitere Informationen steht Ihnen unser Verkaufsinnendienst gerne zur Verf\u00fcgung.","breadcrumb":{"@id":"https:\/\/notenbeurs.nl\/de\/baeckereiprodukten\/#breadcrumb"},"inLanguage":"de","potentialAction":[{"@type":"ReadAction","target":["https:\/\/notenbeurs.nl\/de\/baeckereiprodukten\/"]}]},{"@type":"ImageObject","inLanguage":"de","@id":"https:\/\/notenbeurs.nl\/de\/baeckereiprodukten\/#primaryimage","url":"https:\/\/notenbeurs.nl\/wp-content\/uploads\/2020\/11\/lr-pexels-flora-westbrook-4191621.jpg","contentUrl":"https:\/\/notenbeurs.nl\/wp-content\/uploads\/2020\/11\/lr-pexels-flora-westbrook-4191621.jpg","width":2540,"height":1691},{"@type":"BreadcrumbList","@id":"https:\/\/notenbeurs.nl\/de\/baeckereiprodukten\/#breadcrumb","itemListElement":[{"@type":"ListItem","position":1,"name":"Home","item":"https:\/\/notenbeurs.nl\/de\/"},{"@type":"ListItem","position":2,"name":"B\u00e4ckereiprodukten"}]},{"@type":"WebSite","@id":"https:\/\/notenbeurs.nl\/de\/#website","url":"https:\/\/notenbeurs.nl\/de\/","name":"De NotenBeurs","description":"Totaal Groothandel in pinda&#039;s, noten en zuidvruchten","publisher":{"@id":"https:\/\/notenbeurs.nl\/de\/#organization"},"potentialAction":[{"@type":"SearchAction","target":{"@type":"EntryPoint","urlTemplate":"https:\/\/notenbeurs.nl\/de\/?s={search_term_string}"},"query-input":{"@type":"PropertyValueSpecification","valueRequired":true,"valueName":"search_term_string"}}],"inLanguage":"de"},{"@type":"Organization","@id":"https:\/\/notenbeurs.nl\/de\/#organization","name":"de NotenBeurs","url":"https:\/\/notenbeurs.nl\/de\/","logo":{"@type":"ImageObject","inLanguage":"de","@id":"https:\/\/notenbeurs.nl\/de\/#\/schema\/logo\/image\/","url":"https:\/\/notenbeurs.nl\/wp-content\/uploads\/2024\/04\/DNB-premium-logo-400px-new-1.png","contentUrl":"https:\/\/notenbeurs.nl\/wp-content\/uploads\/2024\/04\/DNB-premium-logo-400px-new-1.png","width":480,"height":400,"caption":"de NotenBeurs"},"image":{"@id":"https:\/\/notenbeurs.nl\/de\/#\/schema\/logo\/image\/"},"sameAs":["https:\/\/www.facebook.com\/deNotenbeurs\/","https:\/\/nl.linkedin.com\/company\/denotenbeurs"]}]}},"_links":{"self":[{"href":"https:\/\/notenbeurs.nl\/de\/wp-json\/wp\/v2\/pages\/188682","targetHints":{"allow":["GET"]}}],"collection":[{"href":"https:\/\/notenbeurs.nl\/de\/wp-json\/wp\/v2\/pages"}],"about":[{"href":"https:\/\/notenbeurs.nl\/de\/wp-json\/wp\/v2\/types\/page"}],"author":[{"embeddable":true,"href":"https:\/\/notenbeurs.nl\/de\/wp-json\/wp\/v2\/users\/7"}],"replies":[{"embeddable":true,"href":"https:\/\/notenbeurs.nl\/de\/wp-json\/wp\/v2\/comments?post=188682"}],"version-history":[{"count":5,"href":"https:\/\/notenbeurs.nl\/de\/wp-json\/wp\/v2\/pages\/188682\/revisions"}],"predecessor-version":[{"id":189247,"href":"https:\/\/notenbeurs.nl\/de\/wp-json\/wp\/v2\/pages\/188682\/revisions\/189247"}],"wp:featuredmedia":[{"embeddable":true,"href":"https:\/\/notenbeurs.nl\/de\/wp-json\/wp\/v2\/media\/188683"}],"wp:attachment":[{"href":"https:\/\/notenbeurs.nl\/de\/wp-json\/wp\/v2\/media?parent=188682"}],"curies":[{"name":"wp","href":"https:\/\/api.w.org\/{rel}","templated":true}]}}