{"id":188685,"date":"2024-10-23T08:36:20","date_gmt":"2024-10-23T07:36:20","guid":{"rendered":"https:\/\/notenbeurs.nl\/?page_id=188685"},"modified":"2024-10-23T08:36:20","modified_gmt":"2024-10-23T07:36:20","slug":"grosshandel","status":"publish","type":"page","link":"https:\/\/notenbeurs.nl\/de\/grosshandel\/","title":{"rendered":"Gro\u00dfhandel"},"content":{"rendered":"<section  class='av_textblock_section av-14grvfs-f805af75bcce6323408969e31ae3cd18'  itemscope=\"itemscope\" itemtype=\"https:\/\/schema.org\/CreativeWork\" ><div class='avia_textblock'  itemprop=\"text\" ><h1>Gro\u00dfhandel<\/h1>\n<\/div><\/section>\n\n\n<style type=\"text\/css\" data-created_by=\"avia_inline_auto\" id=\"style-css-av-o04zvs-e8933387a2ff245e64e255e99f1f6463\">\n.flex_column.av-o04zvs-e8933387a2ff245e64e255e99f1f6463{\n-webkit-border-radius:0px 0px 0px 0px;\n-moz-border-radius:0px 0px 0px 0px;\nborder-radius:0px 0px 0px 0px;\npadding:0px 0px 0px 0px;\n}\n<\/style>\n<div class='flex_column av-o04zvs-e8933387a2ff245e64e255e99f1f6463 av_one_half  avia-builder-el-2  el_after_av_horizontal_gallery  el_before_av_one_half  avia-builder-el-first  first flex_column_div av-zero-column-padding '     ><section  class='av_textblock_section av-kclo5xqu-d9647bddcf58cbe11ee9ebf3e08202be'  itemscope=\"itemscope\" itemtype=\"https:\/\/schema.org\/CreativeWork\" ><div class='avia_textblock'  itemprop=\"text\" ><p>Als Gro\u00dfh\u00e4ndler f\u00fcr N\u00fcsse und Trockenfr\u00fcchte hat De NotenBeurs ein exklusives Exportsortiment zusammengestellt, das sich durch eine starke Eigenst\u00e4ndigkeit mit Mehrwert auszeichnet. Gro\u00dfpackungen von bis zu 5 kg, verpackt unter Schutzatmosph\u00e4re mit einer garantierten Haltbarkeit von bis zu 9 Monaten. &#8211; Ein exklusives Sortiment an ummantelten Erdn\u00fcssen und Nussmischungen mit modernen Geschmacksrichtungen (Eigenentwicklung) &#8211; Einzigartige Geschmacksvariationen durch authentische W\u00fcrzmethoden &#8211; Originelle Mischungen mit Aromen aus aller Welt &#8211; F\u00fcr die Gastronomie entwickelte Mischungen &#8211; Eigenimport von Reissnacks aus Fernost &#8211; Spanische Maissnacks in verschiedenen Geschmacksrichtungen und Formen.<\/p>\n<\/div><\/section><\/div><div class='flex_column av-nq978v-4fb816ba21f47dad57eaee83dbdb4195 av_one_half  avia-builder-el-4  el_after_av_one_half  avia-builder-el-last  flex_column_div '     ><p><section  class='av_textblock_section av-kclo8ku4-09b89ecc6d4b1c86f72c7cb39b6e5af1'  itemscope=\"itemscope\" itemtype=\"https:\/\/schema.org\/CreativeWork\" ><div class='avia_textblock'  itemprop=\"text\" ><p>Dar\u00fcber hinaus erm\u00f6glichen uns unsere jahrelange Erfahrung und unsere eigenen Produktionsanlagen, kundenorientierte, einzigartige Produkte zu entwickeln. Wenn Sie also am Gro\u00dfhandel mit N\u00fcssen (Mischungen) und Trockenfr\u00fcchten interessiert sind, k\u00f6nnen Sie sich gerne an uns wenden. The Nut Exchange ist Ihre logische Wahl, wenn Sie auf der Suche nach Qualit\u00e4t und Innovation sind! Unser Verkaufsteam wird Ihre Fragen gerne beantworten.<\/p>\n<\/div><\/section><br \/>\n<div  class='avia-button-wrap av-irl0lr-3845a8e977e65722d9be7219e1473ef0-wrap avia-button-left  avia-builder-el-6  el_after_av_textblock  avia-builder-el-last ' ><a href='mailto:trade@notenbeurs.nl' class='avia-button av-irl0lr-3845a8e977e65722d9be7219e1473ef0 avia-icon_select-no avia-size-medium avia-position-left avia-color-theme-color' target=\"_blank\" rel=\"noopener noreferrer\"><span class='avia_iconbox_title' >UMSATZANFRAGE<\/span><\/a><\/div><\/p><\/div><\/p>\n","protected":false},"excerpt":{"rendered":"","protected":false},"author":7,"featured_media":0,"parent":0,"menu_order":0,"comment_status":"closed","ping_status":"closed","template":"","meta":{"footnotes":""},"class_list":["post-188685","page","type-page","status-publish","hentry"],"yoast_head":"<!-- This site is optimized with the Yoast SEO plugin v26.9 - https:\/\/yoast.com\/product\/yoast-seo-wordpress\/ -->\n<title>Gro\u00dfhandel - De NotenBeurs<\/title>\n<meta name=\"description\" content=\"Als Gro\u00dfh\u00e4ndler f\u00fcr N\u00fcsse und Trockenfr\u00fcchte hat De NotenBeurs ein exklusives Exportsortiment zusammengestellt, das sich durch eine starke Eigenst\u00e4ndigkeit mit Mehrwert auszeichnet. Gro\u00dfpackungen von bis zu 5 kg unter Schutzatmosph\u00e4re verpackt mit einer garantierten Haltbarkeit von bis zu 9 Monaten.\" \/>\n<meta name=\"robots\" content=\"index, follow, max-snippet:-1, max-image-preview:large, max-video-preview:-1\" \/>\n<link rel=\"canonical\" href=\"https:\/\/notenbeurs.nl\/de\/grosshandel\/\" \/>\n<meta property=\"og:locale\" content=\"de_DE\" \/>\n<meta property=\"og:type\" content=\"article\" \/>\n<meta property=\"og:title\" content=\"Gro\u00dfhandel - De NotenBeurs\" \/>\n<meta property=\"og:description\" content=\"Als Gro\u00dfh\u00e4ndler f\u00fcr N\u00fcsse und Trockenfr\u00fcchte hat De NotenBeurs ein exklusives Exportsortiment zusammengestellt, das sich durch eine starke Eigenst\u00e4ndigkeit mit Mehrwert auszeichnet. Gro\u00dfpackungen von bis zu 5 kg unter Schutzatmosph\u00e4re verpackt mit einer garantierten Haltbarkeit von bis zu 9 Monaten.\" \/>\n<meta property=\"og:url\" content=\"https:\/\/notenbeurs.nl\/de\/grosshandel\/\" \/>\n<meta property=\"og:site_name\" content=\"De NotenBeurs\" \/>\n<meta property=\"article:publisher\" content=\"https:\/\/www.facebook.com\/deNotenbeurs\/\" \/>\n<meta name=\"twitter:label1\" content=\"Gesch\u00e4tzte Lesezeit\" \/>\n\t<meta name=\"twitter:data1\" content=\"2\u00a0Minuten\" \/>\n<script type=\"application\/ld+json\" class=\"yoast-schema-graph\">{\"@context\":\"https:\/\/schema.org\",\"@graph\":[{\"@type\":\"WebPage\",\"@id\":\"https:\/\/notenbeurs.nl\/de\/grosshandel\/\",\"url\":\"https:\/\/notenbeurs.nl\/de\/grosshandel\/\",\"name\":\"Gro\u00dfhandel - De NotenBeurs\",\"isPartOf\":{\"@id\":\"https:\/\/notenbeurs.nl\/de\/#website\"},\"datePublished\":\"2024-10-23T07:36:20+00:00\",\"description\":\"Als Gro\u00dfh\u00e4ndler f\u00fcr N\u00fcsse und Trockenfr\u00fcchte hat De NotenBeurs ein exklusives Exportsortiment zusammengestellt, das sich durch eine starke Eigenst\u00e4ndigkeit mit Mehrwert auszeichnet. Gro\u00dfpackungen von bis zu 5 kg unter Schutzatmosph\u00e4re verpackt mit einer garantierten Haltbarkeit von bis zu 9 Monaten.\",\"breadcrumb\":{\"@id\":\"https:\/\/notenbeurs.nl\/de\/grosshandel\/#breadcrumb\"},\"inLanguage\":\"de\",\"potentialAction\":[{\"@type\":\"ReadAction\",\"target\":[\"https:\/\/notenbeurs.nl\/de\/grosshandel\/\"]}]},{\"@type\":\"BreadcrumbList\",\"@id\":\"https:\/\/notenbeurs.nl\/de\/grosshandel\/#breadcrumb\",\"itemListElement\":[{\"@type\":\"ListItem\",\"position\":1,\"name\":\"Home\",\"item\":\"https:\/\/notenbeurs.nl\/de\/\"},{\"@type\":\"ListItem\",\"position\":2,\"name\":\"Gro\u00dfhandel\"}]},{\"@type\":\"WebSite\",\"@id\":\"https:\/\/notenbeurs.nl\/de\/#website\",\"url\":\"https:\/\/notenbeurs.nl\/de\/\",\"name\":\"De NotenBeurs\",\"description\":\"Totaal Groothandel in pinda&#039;s, noten en zuidvruchten\",\"publisher\":{\"@id\":\"https:\/\/notenbeurs.nl\/de\/#organization\"},\"potentialAction\":[{\"@type\":\"SearchAction\",\"target\":{\"@type\":\"EntryPoint\",\"urlTemplate\":\"https:\/\/notenbeurs.nl\/de\/?s={search_term_string}\"},\"query-input\":{\"@type\":\"PropertyValueSpecification\",\"valueRequired\":true,\"valueName\":\"search_term_string\"}}],\"inLanguage\":\"de\"},{\"@type\":\"Organization\",\"@id\":\"https:\/\/notenbeurs.nl\/de\/#organization\",\"name\":\"de NotenBeurs\",\"url\":\"https:\/\/notenbeurs.nl\/de\/\",\"logo\":{\"@type\":\"ImageObject\",\"inLanguage\":\"de\",\"@id\":\"https:\/\/notenbeurs.nl\/de\/#\/schema\/logo\/image\/\",\"url\":\"https:\/\/notenbeurs.nl\/wp-content\/uploads\/2024\/04\/DNB-premium-logo-400px-new-1.png\",\"contentUrl\":\"https:\/\/notenbeurs.nl\/wp-content\/uploads\/2024\/04\/DNB-premium-logo-400px-new-1.png\",\"width\":480,\"height\":400,\"caption\":\"de NotenBeurs\"},\"image\":{\"@id\":\"https:\/\/notenbeurs.nl\/de\/#\/schema\/logo\/image\/\"},\"sameAs\":[\"https:\/\/www.facebook.com\/deNotenbeurs\/\",\"https:\/\/nl.linkedin.com\/company\/denotenbeurs\"]}]}<\/script>\n<!-- \/ Yoast SEO plugin. -->","yoast_head_json":{"title":"Gro\u00dfhandel - De NotenBeurs","description":"Als Gro\u00dfh\u00e4ndler f\u00fcr N\u00fcsse und Trockenfr\u00fcchte hat De NotenBeurs ein exklusives Exportsortiment zusammengestellt, das sich durch eine starke Eigenst\u00e4ndigkeit mit Mehrwert auszeichnet. Gro\u00dfpackungen von bis zu 5 kg unter Schutzatmosph\u00e4re verpackt mit einer garantierten Haltbarkeit von bis zu 9 Monaten.","robots":{"index":"index","follow":"follow","max-snippet":"max-snippet:-1","max-image-preview":"max-image-preview:large","max-video-preview":"max-video-preview:-1"},"canonical":"https:\/\/notenbeurs.nl\/de\/grosshandel\/","og_locale":"de_DE","og_type":"article","og_title":"Gro\u00dfhandel - De NotenBeurs","og_description":"Als Gro\u00dfh\u00e4ndler f\u00fcr N\u00fcsse und Trockenfr\u00fcchte hat De NotenBeurs ein exklusives Exportsortiment zusammengestellt, das sich durch eine starke Eigenst\u00e4ndigkeit mit Mehrwert auszeichnet. Gro\u00dfpackungen von bis zu 5 kg unter Schutzatmosph\u00e4re verpackt mit einer garantierten Haltbarkeit von bis zu 9 Monaten.","og_url":"https:\/\/notenbeurs.nl\/de\/grosshandel\/","og_site_name":"De NotenBeurs","article_publisher":"https:\/\/www.facebook.com\/deNotenbeurs\/","twitter_misc":{"Gesch\u00e4tzte Lesezeit":"2\u00a0Minuten"},"schema":{"@context":"https:\/\/schema.org","@graph":[{"@type":"WebPage","@id":"https:\/\/notenbeurs.nl\/de\/grosshandel\/","url":"https:\/\/notenbeurs.nl\/de\/grosshandel\/","name":"Gro\u00dfhandel - De NotenBeurs","isPartOf":{"@id":"https:\/\/notenbeurs.nl\/de\/#website"},"datePublished":"2024-10-23T07:36:20+00:00","description":"Als Gro\u00dfh\u00e4ndler f\u00fcr N\u00fcsse und Trockenfr\u00fcchte hat De NotenBeurs ein exklusives Exportsortiment zusammengestellt, das sich durch eine starke Eigenst\u00e4ndigkeit mit Mehrwert auszeichnet. Gro\u00dfpackungen von bis zu 5 kg unter Schutzatmosph\u00e4re verpackt mit einer garantierten Haltbarkeit von bis zu 9 Monaten.","breadcrumb":{"@id":"https:\/\/notenbeurs.nl\/de\/grosshandel\/#breadcrumb"},"inLanguage":"de","potentialAction":[{"@type":"ReadAction","target":["https:\/\/notenbeurs.nl\/de\/grosshandel\/"]}]},{"@type":"BreadcrumbList","@id":"https:\/\/notenbeurs.nl\/de\/grosshandel\/#breadcrumb","itemListElement":[{"@type":"ListItem","position":1,"name":"Home","item":"https:\/\/notenbeurs.nl\/de\/"},{"@type":"ListItem","position":2,"name":"Gro\u00dfhandel"}]},{"@type":"WebSite","@id":"https:\/\/notenbeurs.nl\/de\/#website","url":"https:\/\/notenbeurs.nl\/de\/","name":"De NotenBeurs","description":"Totaal Groothandel in pinda&#039;s, noten en zuidvruchten","publisher":{"@id":"https:\/\/notenbeurs.nl\/de\/#organization"},"potentialAction":[{"@type":"SearchAction","target":{"@type":"EntryPoint","urlTemplate":"https:\/\/notenbeurs.nl\/de\/?s={search_term_string}"},"query-input":{"@type":"PropertyValueSpecification","valueRequired":true,"valueName":"search_term_string"}}],"inLanguage":"de"},{"@type":"Organization","@id":"https:\/\/notenbeurs.nl\/de\/#organization","name":"de NotenBeurs","url":"https:\/\/notenbeurs.nl\/de\/","logo":{"@type":"ImageObject","inLanguage":"de","@id":"https:\/\/notenbeurs.nl\/de\/#\/schema\/logo\/image\/","url":"https:\/\/notenbeurs.nl\/wp-content\/uploads\/2024\/04\/DNB-premium-logo-400px-new-1.png","contentUrl":"https:\/\/notenbeurs.nl\/wp-content\/uploads\/2024\/04\/DNB-premium-logo-400px-new-1.png","width":480,"height":400,"caption":"de NotenBeurs"},"image":{"@id":"https:\/\/notenbeurs.nl\/de\/#\/schema\/logo\/image\/"},"sameAs":["https:\/\/www.facebook.com\/deNotenbeurs\/","https:\/\/nl.linkedin.com\/company\/denotenbeurs"]}]}},"_links":{"self":[{"href":"https:\/\/notenbeurs.nl\/de\/wp-json\/wp\/v2\/pages\/188685","targetHints":{"allow":["GET"]}}],"collection":[{"href":"https:\/\/notenbeurs.nl\/de\/wp-json\/wp\/v2\/pages"}],"about":[{"href":"https:\/\/notenbeurs.nl\/de\/wp-json\/wp\/v2\/types\/page"}],"author":[{"embeddable":true,"href":"https:\/\/notenbeurs.nl\/de\/wp-json\/wp\/v2\/users\/7"}],"replies":[{"embeddable":true,"href":"https:\/\/notenbeurs.nl\/de\/wp-json\/wp\/v2\/comments?post=188685"}],"version-history":[{"count":2,"href":"https:\/\/notenbeurs.nl\/de\/wp-json\/wp\/v2\/pages\/188685\/revisions"}],"predecessor-version":[{"id":188687,"href":"https:\/\/notenbeurs.nl\/de\/wp-json\/wp\/v2\/pages\/188685\/revisions\/188687"}],"wp:attachment":[{"href":"https:\/\/notenbeurs.nl\/de\/wp-json\/wp\/v2\/media?parent=188685"}],"curies":[{"name":"wp","href":"https:\/\/api.w.org\/{rel}","templated":true}]}}