{"id":188711,"date":"2024-10-23T08:35:51","date_gmt":"2024-10-23T07:35:51","guid":{"rendered":"https:\/\/notenbeurs.nl\/?page_id=188711"},"modified":"2024-10-23T08:35:51","modified_gmt":"2024-10-23T07:35:51","slug":"rezepten","status":"publish","type":"page","link":"https:\/\/notenbeurs.nl\/de\/rezepten\/","title":{"rendered":"REZEPTEN"},"content":{"rendered":"<div  data-slideshow-options=\"{&quot;animation&quot;:&quot;fade&quot;,&quot;autoplay&quot;:false,&quot;loop_autoplay&quot;:&quot;once&quot;,&quot;interval&quot;:5,&quot;loop_manual&quot;:&quot;manual-endless&quot;,&quot;autoplay_stopper&quot;:false,&quot;noNavigation&quot;:false,&quot;show_slide_delay&quot;:90}\" class='avia-content-slider avia-content-grid-active avia-content-slider1 avia-content-slider-odd  avia-builder-el-0  avia-builder-el-no-sibling  av-slideshow-ui av-control-default   av-no-slider-navigation av-slideshow-manual av-loop-once av-loop-manual-endless '  itemscope=\"itemscope\" itemtype=\"https:\/\/schema.org\/Blog\" ><div class=\"avia-content-slider-inner\"><div class=\"slide-entry-wrap\"><article class='slide-entry flex_column  post-entry post-entry-188870 slide-entry-overview slide-loop-1 slide-parity-odd  av_one_third first real-thumbnail post-format-standard'  itemscope=\"itemscope\" itemtype=\"https:\/\/schema.org\/CreativeWork\" ><a href='https:\/\/notenbeurs.nl\/de\/eintopf-mit-haselnuessen\/' data-rel='slide-1' class='slide-image' title='Eintopf mit Haseln\u00fcssen'><img decoding=\"async\" width=\"495\" height=\"366\" src=\"https:\/\/notenbeurs.nl\/wp-content\/uploads\/2024\/10\/Stoofpot-met-hazelnoten-1-495x366.webp\" class=\"wp-image-188681 avia-img-lazy-loading-not-188681 attachment-portfolio size-portfolio wp-post-image\" alt=\"\" \/><\/a><div class=\"slide-content\"><header class=\"entry-content-header\"><h3 class='slide-entry-title entry-title '  itemprop=\"headline\" ><a href='https:\/\/notenbeurs.nl\/de\/eintopf-mit-haselnuessen\/' title='Eintopf mit Haseln\u00fcssen'>Eintopf mit Haseln\u00fcssen<\/a><\/h3><span class=\"av-vertical-delimiter\"><\/span><\/header><\/div><footer class=\"entry-footer\"><\/footer><span class='hidden'>\n\t\t\t\t<span class='av-structured-data'  itemprop=\"image\" itemscope=\"itemscope\" itemtype=\"https:\/\/schema.org\/ImageObject\" >\n\t\t\t\t\t\t<span itemprop='url'>https:\/\/notenbeurs.nl\/wp-content\/uploads\/2024\/10\/Stoofpot-met-hazelnoten-1.webp<\/span>\n\t\t\t\t\t\t<span itemprop='height'>366<\/span>\n\t\t\t\t\t\t<span itemprop='width'>770<\/span>\n\t\t\t\t<\/span>\n\t\t\t\t<span class='av-structured-data'  itemprop=\"publisher\" itemtype=\"https:\/\/schema.org\/Organization\" itemscope=\"itemscope\" >\n\t\t\t\t\t\t<span itemprop='name'>admin<\/span>\n\t\t\t\t\t\t<span itemprop='logo' itemscope itemtype='https:\/\/schema.org\/ImageObject'>\n\t\t\t\t\t\t\t<span itemprop='url'>https:\/\/notenbeurs.nl\/wp-content\/uploads\/DNB-logo-web.png<\/span>\n\t\t\t\t\t\t <\/span>\n\t\t\t\t<\/span><span class='av-structured-data'  itemprop=\"author\" itemscope=\"itemscope\" itemtype=\"https:\/\/schema.org\/Person\" ><span itemprop='name'>admin<\/span><\/span><span class='av-structured-data'  itemprop=\"datePublished\" datetime=\"2024-10-23T08:35:51+01:00\" >2024-10-23 10:56:08<\/span><span class='av-structured-data'  itemprop=\"dateModified\" itemtype=\"https:\/\/schema.org\/dateModified\" >2024-10-23 10:57:02<\/span><span class='av-structured-data'  itemprop=\"mainEntityOfPage\" itemtype=\"https:\/\/schema.org\/mainEntityOfPage\" ><span itemprop='name'>Eintopf mit Haseln\u00fcssen<\/span><\/span><\/span><\/article><article class='slide-entry flex_column  post-entry post-entry-188625 slide-entry-overview slide-loop-2 slide-parity-even  av_one_third  real-thumbnail post-format-standard'  itemscope=\"itemscope\" itemtype=\"https:\/\/schema.org\/CreativeWork\" ><a href='https:\/\/notenbeurs.nl\/de\/warmer-salat-mit-walnuessen\/' data-rel='slide-1' class='slide-image' title='Warmer Salat mit Waln\u00fcssen'><img decoding=\"async\" width=\"495\" height=\"366\" src=\"https:\/\/notenbeurs.nl\/wp-content\/uploads\/2024\/09\/Warme-salade-met-noten-495x366.jpg\" class=\"wp-image-188626 avia-img-lazy-loading-not-188626 attachment-portfolio size-portfolio wp-post-image\" alt=\"\" \/><\/a><div class=\"slide-content\"><header class=\"entry-content-header\"><h3 class='slide-entry-title entry-title '  itemprop=\"headline\" ><a href='https:\/\/notenbeurs.nl\/de\/warmer-salat-mit-walnuessen\/' title='Warmer Salat mit Waln\u00fcssen'>Warmer Salat mit Waln\u00fcssen<\/a><\/h3><span class=\"av-vertical-delimiter\"><\/span><\/header><\/div><footer class=\"entry-footer\"><\/footer><span class='hidden'>\n\t\t\t\t<span class='av-structured-data'  itemprop=\"image\" itemscope=\"itemscope\" itemtype=\"https:\/\/schema.org\/ImageObject\" >\n\t\t\t\t\t\t<span itemprop='url'>https:\/\/notenbeurs.nl\/wp-content\/uploads\/2024\/09\/Warme-salade-met-noten.jpg<\/span>\n\t\t\t\t\t\t<span itemprop='height'>366<\/span>\n\t\t\t\t\t\t<span itemprop='width'>770<\/span>\n\t\t\t\t<\/span>\n\t\t\t\t<span class='av-structured-data'  itemprop=\"publisher\" itemtype=\"https:\/\/schema.org\/Organization\" itemscope=\"itemscope\" >\n\t\t\t\t\t\t<span itemprop='name'>admin<\/span>\n\t\t\t\t\t\t<span itemprop='logo' itemscope itemtype='https:\/\/schema.org\/ImageObject'>\n\t\t\t\t\t\t\t<span itemprop='url'>https:\/\/notenbeurs.nl\/wp-content\/uploads\/DNB-logo-web.png<\/span>\n\t\t\t\t\t\t <\/span>\n\t\t\t\t<\/span><span class='av-structured-data'  itemprop=\"author\" itemscope=\"itemscope\" itemtype=\"https:\/\/schema.org\/Person\" ><span itemprop='name'>admin<\/span><\/span><span class='av-structured-data'  itemprop=\"datePublished\" datetime=\"2024-10-23T08:35:51+01:00\" >2024-10-02 12:20:53<\/span><span class='av-structured-data'  itemprop=\"dateModified\" itemtype=\"https:\/\/schema.org\/dateModified\" >2024-10-23 10:57:07<\/span><span class='av-structured-data'  itemprop=\"mainEntityOfPage\" itemtype=\"https:\/\/schema.org\/mainEntityOfPage\" ><span itemprop='name'>Warmer Salat mit Waln\u00fcssen<\/span><\/span><\/span><\/article><article class='slide-entry flex_column  post-entry post-entry-188613 slide-entry-overview slide-loop-3 slide-parity-odd  av_one_third  real-thumbnail post-format-standard'  itemscope=\"itemscope\" itemtype=\"https:\/\/schema.org\/CreativeWork\" ><a href='https:\/\/notenbeurs.nl\/de\/gelbes-dahl-mit-basmati-reis\/' data-rel='slide-1' class='slide-image' title='Gelbes Dahl mit Basmati-Reis'><img decoding=\"async\" width=\"495\" height=\"366\" src=\"https:\/\/notenbeurs.nl\/wp-content\/uploads\/2024\/03\/dahl-masala-thumb-495x366.jpg\" class=\"wp-image-188621 avia-img-lazy-loading-not-188621 attachment-portfolio size-portfolio wp-post-image\" alt=\"\" \/><\/a><div class=\"slide-content\"><header class=\"entry-content-header\"><h3 class='slide-entry-title entry-title '  itemprop=\"headline\" ><a href='https:\/\/notenbeurs.nl\/de\/gelbes-dahl-mit-basmati-reis\/' title='Gelbes Dahl mit Basmati-Reis'>Gelbes Dahl mit Basmati-Reis<\/a><\/h3><span class=\"av-vertical-delimiter\"><\/span><\/header><\/div><footer class=\"entry-footer\"><\/footer><span class='hidden'>\n\t\t\t\t<span class='av-structured-data'  itemprop=\"image\" itemscope=\"itemscope\" itemtype=\"https:\/\/schema.org\/ImageObject\" >\n\t\t\t\t\t\t<span itemprop='url'>https:\/\/notenbeurs.nl\/wp-content\/uploads\/2024\/03\/dahl-masala-thumb.jpg<\/span>\n\t\t\t\t\t\t<span itemprop='height'>366<\/span>\n\t\t\t\t\t\t<span itemprop='width'>770<\/span>\n\t\t\t\t<\/span>\n\t\t\t\t<span class='av-structured-data'  itemprop=\"publisher\" itemtype=\"https:\/\/schema.org\/Organization\" itemscope=\"itemscope\" >\n\t\t\t\t\t\t<span itemprop='name'>admin<\/span>\n\t\t\t\t\t\t<span itemprop='logo' itemscope itemtype='https:\/\/schema.org\/ImageObject'>\n\t\t\t\t\t\t\t<span itemprop='url'>https:\/\/notenbeurs.nl\/wp-content\/uploads\/DNB-logo-web.png<\/span>\n\t\t\t\t\t\t <\/span>\n\t\t\t\t<\/span><span class='av-structured-data'  itemprop=\"author\" itemscope=\"itemscope\" itemtype=\"https:\/\/schema.org\/Person\" ><span itemprop='name'>admin<\/span><\/span><span class='av-structured-data'  itemprop=\"datePublished\" datetime=\"2024-10-23T08:35:51+01:00\" >2024-10-02 12:20:50<\/span><span class='av-structured-data'  itemprop=\"dateModified\" itemtype=\"https:\/\/schema.org\/dateModified\" >2024-10-23 11:02:29<\/span><span class='av-structured-data'  itemprop=\"mainEntityOfPage\" itemtype=\"https:\/\/schema.org\/mainEntityOfPage\" ><span itemprop='name'>Gelbes Dahl mit Basmati-Reis<\/span><\/span><\/span><\/article><\/div><div class=\"slide-entry-wrap\"><article class='slide-entry flex_column  post-entry post-entry-188611 slide-entry-overview slide-loop-4 slide-parity-odd  post-entry-last  av_one_third first real-thumbnail post-format-standard'  itemscope=\"itemscope\" itemtype=\"https:\/\/schema.org\/CreativeWork\" ><a href='https:\/\/notenbeurs.nl\/de\/messe-fuer-lebensmittelspezialitaeten\/' data-rel='slide-1' class='slide-image' title='Messe f\u00fcr Lebensmittelspezialit\u00e4ten'><img decoding=\"async\" width=\"495\" height=\"400\" src=\"https:\/\/notenbeurs.nl\/wp-content\/uploads\/2023\/07\/banner-2024-vakbeurs-foodspecialiteiten-def-495x400.jpg\" class=\"wp-image-188617 avia-img-lazy-loading-not-188617 attachment-portfolio size-portfolio wp-post-image\" alt=\"\" srcset=\"https:\/\/notenbeurs.nl\/wp-content\/uploads\/2023\/07\/banner-2024-vakbeurs-foodspecialiteiten-def-495x400.jpg 495w, https:\/\/notenbeurs.nl\/wp-content\/uploads\/2023\/07\/banner-2024-vakbeurs-foodspecialiteiten-def-845x684.jpg 845w\" sizes=\"(max-width: 495px) 100vw, 495px\" \/><\/a><div class=\"slide-content\"><header class=\"entry-content-header\"><h3 class='slide-entry-title entry-title '  itemprop=\"headline\" ><a href='https:\/\/notenbeurs.nl\/de\/messe-fuer-lebensmittelspezialitaeten\/' title='Messe f\u00fcr Lebensmittelspezialit\u00e4ten'>Messe f\u00fcr Lebensmittelspezialit\u00e4ten<\/a><\/h3><span class=\"av-vertical-delimiter\"><\/span><\/header><\/div><footer class=\"entry-footer\"><\/footer><span class='hidden'>\n\t\t\t\t<span class='av-structured-data'  itemprop=\"image\" itemscope=\"itemscope\" itemtype=\"https:\/\/schema.org\/ImageObject\" >\n\t\t\t\t\t\t<span itemprop='url'>https:\/\/notenbeurs.nl\/wp-content\/uploads\/2023\/07\/banner-2024-vakbeurs-foodspecialiteiten-def.jpg<\/span>\n\t\t\t\t\t\t<span itemprop='height'>1181<\/span>\n\t\t\t\t\t\t<span itemprop='width'>2417<\/span>\n\t\t\t\t<\/span>\n\t\t\t\t<span class='av-structured-data'  itemprop=\"publisher\" itemtype=\"https:\/\/schema.org\/Organization\" itemscope=\"itemscope\" >\n\t\t\t\t\t\t<span itemprop='name'>admin<\/span>\n\t\t\t\t\t\t<span itemprop='logo' itemscope itemtype='https:\/\/schema.org\/ImageObject'>\n\t\t\t\t\t\t\t<span itemprop='url'>https:\/\/notenbeurs.nl\/wp-content\/uploads\/DNB-logo-web.png<\/span>\n\t\t\t\t\t\t <\/span>\n\t\t\t\t<\/span><span class='av-structured-data'  itemprop=\"author\" itemscope=\"itemscope\" itemtype=\"https:\/\/schema.org\/Person\" ><span itemprop='name'>admin<\/span><\/span><span class='av-structured-data'  itemprop=\"datePublished\" datetime=\"2024-10-23T08:35:51+01:00\" >2024-10-02 12:20:49<\/span><span class='av-structured-data'  itemprop=\"dateModified\" itemtype=\"https:\/\/schema.org\/dateModified\" >2024-10-23 10:57:15<\/span><span class='av-structured-data'  itemprop=\"mainEntityOfPage\" itemtype=\"https:\/\/schema.org\/mainEntityOfPage\" ><span itemprop='name'>Messe f\u00fcr Lebensmittelspezialit\u00e4ten<\/span><\/span><\/span><\/article><\/div><\/div><\/div>\n","protected":false},"excerpt":{"rendered":"","protected":false},"author":7,"featured_media":0,"parent":0,"menu_order":0,"comment_status":"closed","ping_status":"closed","template":"","meta":{"footnotes":""},"class_list":["post-188711","page","type-page","status-publish","hentry"],"yoast_head":"<!-- This site is optimized with the Yoast SEO plugin v26.9 - https:\/\/yoast.com\/product\/yoast-seo-wordpress\/ -->\n<title>REZEPTEN - De NotenBeurs<\/title>\n<meta name=\"robots\" content=\"index, follow, max-snippet:-1, max-image-preview:large, max-video-preview:-1\" \/>\n<link rel=\"canonical\" href=\"https:\/\/notenbeurs.nl\/de\/rezepten\/\" \/>\n<meta property=\"og:locale\" content=\"de_DE\" \/>\n<meta property=\"og:type\" content=\"article\" \/>\n<meta property=\"og:title\" content=\"REZEPTEN - De NotenBeurs\" \/>\n<meta property=\"og:url\" content=\"https:\/\/notenbeurs.nl\/de\/rezepten\/\" \/>\n<meta property=\"og:site_name\" content=\"De NotenBeurs\" \/>\n<meta property=\"article:publisher\" content=\"https:\/\/www.facebook.com\/deNotenbeurs\/\" \/>\n<script type=\"application\/ld+json\" class=\"yoast-schema-graph\">{\"@context\":\"https:\/\/schema.org\",\"@graph\":[{\"@type\":\"WebPage\",\"@id\":\"https:\/\/notenbeurs.nl\/de\/rezepten\/\",\"url\":\"https:\/\/notenbeurs.nl\/de\/rezepten\/\",\"name\":\"REZEPTEN - De NotenBeurs\",\"isPartOf\":{\"@id\":\"https:\/\/notenbeurs.nl\/de\/#website\"},\"datePublished\":\"2024-10-23T07:35:51+00:00\",\"breadcrumb\":{\"@id\":\"https:\/\/notenbeurs.nl\/de\/rezepten\/#breadcrumb\"},\"inLanguage\":\"de\",\"potentialAction\":[{\"@type\":\"ReadAction\",\"target\":[\"https:\/\/notenbeurs.nl\/de\/rezepten\/\"]}]},{\"@type\":\"BreadcrumbList\",\"@id\":\"https:\/\/notenbeurs.nl\/de\/rezepten\/#breadcrumb\",\"itemListElement\":[{\"@type\":\"ListItem\",\"position\":1,\"name\":\"Home\",\"item\":\"https:\/\/notenbeurs.nl\/de\/\"},{\"@type\":\"ListItem\",\"position\":2,\"name\":\"REZEPTEN\"}]},{\"@type\":\"WebSite\",\"@id\":\"https:\/\/notenbeurs.nl\/de\/#website\",\"url\":\"https:\/\/notenbeurs.nl\/de\/\",\"name\":\"De NotenBeurs\",\"description\":\"Totaal Groothandel in pinda&#039;s, noten en zuidvruchten\",\"publisher\":{\"@id\":\"https:\/\/notenbeurs.nl\/de\/#organization\"},\"potentialAction\":[{\"@type\":\"SearchAction\",\"target\":{\"@type\":\"EntryPoint\",\"urlTemplate\":\"https:\/\/notenbeurs.nl\/de\/?s={search_term_string}\"},\"query-input\":{\"@type\":\"PropertyValueSpecification\",\"valueRequired\":true,\"valueName\":\"search_term_string\"}}],\"inLanguage\":\"de\"},{\"@type\":\"Organization\",\"@id\":\"https:\/\/notenbeurs.nl\/de\/#organization\",\"name\":\"de NotenBeurs\",\"url\":\"https:\/\/notenbeurs.nl\/de\/\",\"logo\":{\"@type\":\"ImageObject\",\"inLanguage\":\"de\",\"@id\":\"https:\/\/notenbeurs.nl\/de\/#\/schema\/logo\/image\/\",\"url\":\"https:\/\/notenbeurs.nl\/wp-content\/uploads\/2024\/04\/DNB-premium-logo-400px-new-1.png\",\"contentUrl\":\"https:\/\/notenbeurs.nl\/wp-content\/uploads\/2024\/04\/DNB-premium-logo-400px-new-1.png\",\"width\":480,\"height\":400,\"caption\":\"de NotenBeurs\"},\"image\":{\"@id\":\"https:\/\/notenbeurs.nl\/de\/#\/schema\/logo\/image\/\"},\"sameAs\":[\"https:\/\/www.facebook.com\/deNotenbeurs\/\",\"https:\/\/nl.linkedin.com\/company\/denotenbeurs\"]}]}<\/script>\n<!-- \/ Yoast SEO plugin. -->","yoast_head_json":{"title":"REZEPTEN - De NotenBeurs","robots":{"index":"index","follow":"follow","max-snippet":"max-snippet:-1","max-image-preview":"max-image-preview:large","max-video-preview":"max-video-preview:-1"},"canonical":"https:\/\/notenbeurs.nl\/de\/rezepten\/","og_locale":"de_DE","og_type":"article","og_title":"REZEPTEN - De NotenBeurs","og_url":"https:\/\/notenbeurs.nl\/de\/rezepten\/","og_site_name":"De NotenBeurs","article_publisher":"https:\/\/www.facebook.com\/deNotenbeurs\/","schema":{"@context":"https:\/\/schema.org","@graph":[{"@type":"WebPage","@id":"https:\/\/notenbeurs.nl\/de\/rezepten\/","url":"https:\/\/notenbeurs.nl\/de\/rezepten\/","name":"REZEPTEN - De NotenBeurs","isPartOf":{"@id":"https:\/\/notenbeurs.nl\/de\/#website"},"datePublished":"2024-10-23T07:35:51+00:00","breadcrumb":{"@id":"https:\/\/notenbeurs.nl\/de\/rezepten\/#breadcrumb"},"inLanguage":"de","potentialAction":[{"@type":"ReadAction","target":["https:\/\/notenbeurs.nl\/de\/rezepten\/"]}]},{"@type":"BreadcrumbList","@id":"https:\/\/notenbeurs.nl\/de\/rezepten\/#breadcrumb","itemListElement":[{"@type":"ListItem","position":1,"name":"Home","item":"https:\/\/notenbeurs.nl\/de\/"},{"@type":"ListItem","position":2,"name":"REZEPTEN"}]},{"@type":"WebSite","@id":"https:\/\/notenbeurs.nl\/de\/#website","url":"https:\/\/notenbeurs.nl\/de\/","name":"De NotenBeurs","description":"Totaal Groothandel in pinda&#039;s, noten en zuidvruchten","publisher":{"@id":"https:\/\/notenbeurs.nl\/de\/#organization"},"potentialAction":[{"@type":"SearchAction","target":{"@type":"EntryPoint","urlTemplate":"https:\/\/notenbeurs.nl\/de\/?s={search_term_string}"},"query-input":{"@type":"PropertyValueSpecification","valueRequired":true,"valueName":"search_term_string"}}],"inLanguage":"de"},{"@type":"Organization","@id":"https:\/\/notenbeurs.nl\/de\/#organization","name":"de NotenBeurs","url":"https:\/\/notenbeurs.nl\/de\/","logo":{"@type":"ImageObject","inLanguage":"de","@id":"https:\/\/notenbeurs.nl\/de\/#\/schema\/logo\/image\/","url":"https:\/\/notenbeurs.nl\/wp-content\/uploads\/2024\/04\/DNB-premium-logo-400px-new-1.png","contentUrl":"https:\/\/notenbeurs.nl\/wp-content\/uploads\/2024\/04\/DNB-premium-logo-400px-new-1.png","width":480,"height":400,"caption":"de NotenBeurs"},"image":{"@id":"https:\/\/notenbeurs.nl\/de\/#\/schema\/logo\/image\/"},"sameAs":["https:\/\/www.facebook.com\/deNotenbeurs\/","https:\/\/nl.linkedin.com\/company\/denotenbeurs"]}]}},"_links":{"self":[{"href":"https:\/\/notenbeurs.nl\/de\/wp-json\/wp\/v2\/pages\/188711","targetHints":{"allow":["GET"]}}],"collection":[{"href":"https:\/\/notenbeurs.nl\/de\/wp-json\/wp\/v2\/pages"}],"about":[{"href":"https:\/\/notenbeurs.nl\/de\/wp-json\/wp\/v2\/types\/page"}],"author":[{"embeddable":true,"href":"https:\/\/notenbeurs.nl\/de\/wp-json\/wp\/v2\/users\/7"}],"replies":[{"embeddable":true,"href":"https:\/\/notenbeurs.nl\/de\/wp-json\/wp\/v2\/comments?post=188711"}],"version-history":[{"count":1,"href":"https:\/\/notenbeurs.nl\/de\/wp-json\/wp\/v2\/pages\/188711\/revisions"}],"predecessor-version":[{"id":188712,"href":"https:\/\/notenbeurs.nl\/de\/wp-json\/wp\/v2\/pages\/188711\/revisions\/188712"}],"wp:attachment":[{"href":"https:\/\/notenbeurs.nl\/de\/wp-json\/wp\/v2\/media?parent=188711"}],"curies":[{"name":"wp","href":"https:\/\/api.w.org\/{rel}","templated":true}]}}