{"id":188715,"date":"2024-10-23T08:35:49","date_gmt":"2024-10-23T07:35:49","guid":{"rendered":"https:\/\/notenbeurs.nl\/?page_id=188715"},"modified":"2024-10-23T08:35:49","modified_gmt":"2024-10-23T07:35:49","slug":"qualitaet-und-lebensmittelsicherheit","status":"publish","type":"page","link":"https:\/\/notenbeurs.nl\/de\/qualitaet-und-lebensmittelsicherheit\/","title":{"rendered":"Qualit\u00e4t und Lebensmittelsicherheit"},"content":{"rendered":"<p><strong>Die NotenBeurs unternimmt stets maximale Anstrengungen, um Rohstoffe von h\u00f6chster Qualit\u00e4t zu erwerben und zu vertreiben:<\/strong><\/p>\n<ul>\n<li>Qualit\u00e4tskontrolle bei der Ankunft und vor der Auslieferung an den Kunden<\/li>\n<li>Garantie der Dauerhaftigkeit und Best\u00e4ndigkeit der Produkteigenschaften<\/li>\n<li>Vollst\u00e4ndige Einhaltung der Kundenspezifikationen<\/li>\n<\/ul>\n<p>&nbsp;<\/p>\n<div class=\"ls-wrapper ls-z\" data-slide-index=\"1\">\n<div class=\"ls-wrapper ls-in-out ls-inner-wrapper\">\n<h2 class=\"ls-text-layer ls-layer\" data-ls=\"position:relative;\" data-ls-slidein=\"1\" data-ls-slideout=\"1\">DIE NUSSB\u00d6RSE IST MITGLIED DER NZV<\/h2>\n<\/div>\n<\/div>\n<div class=\"ls-wrapper ls-z\" data-slide-index=\"1\">\n<div class=\"ls-wrapper ls-in-out ls-inner-wrapper\"><img decoding=\"async\" class=\"ls-img-layer ls-layer\" src=\"https:\/\/notenbeurs.nl\/wp-content\/uploads\/2020\/07\/NZVlogo.png\" alt=\"\" data-ls=\"position:relative;\" data-ls-slidein=\"1\" data-ls-slideout=\"1\" data-ls-active=\"\"><\/div>\n<\/div>\n","protected":false},"excerpt":{"rendered":"<p>Die NotenBeurs unternimmt stets maximale Anstrengungen, um Rohstoffe von h\u00f6chster Qualit\u00e4t zu erwerben und zu vertreiben: Qualit\u00e4tskontrolle bei der Ankunft und vor der Auslieferung an den Kunden Garantie der Dauerhaftigkeit und Best\u00e4ndigkeit der Produkteigenschaften Vollst\u00e4ndige Einhaltung der Kundenspezifikationen &nbsp; DIE NUSSB\u00d6RSE IST MITGLIED DER NZV<\/p>\n","protected":false},"author":7,"featured_media":0,"parent":0,"menu_order":0,"comment_status":"closed","ping_status":"closed","template":"","meta":{"footnotes":""},"class_list":["post-188715","page","type-page","status-publish","hentry"],"yoast_head":"<!-- This site is optimized with the Yoast SEO plugin v26.9 - https:\/\/yoast.com\/product\/yoast-seo-wordpress\/ -->\n<title>Qualit\u00e4t und Lebensmittelsicherheit - De NotenBeurs<\/title>\n<meta name=\"robots\" content=\"index, follow, max-snippet:-1, max-image-preview:large, max-video-preview:-1\" \/>\n<link rel=\"canonical\" href=\"https:\/\/notenbeurs.nl\/de\/qualitaet-und-lebensmittelsicherheit\/\" \/>\n<meta property=\"og:locale\" content=\"de_DE\" \/>\n<meta property=\"og:type\" content=\"article\" \/>\n<meta property=\"og:title\" content=\"Qualit\u00e4t und Lebensmittelsicherheit - De NotenBeurs\" \/>\n<meta property=\"og:description\" content=\"Die NotenBeurs unternimmt stets maximale Anstrengungen, um Rohstoffe von h\u00f6chster Qualit\u00e4t zu erwerben und zu vertreiben: Qualit\u00e4tskontrolle bei der Ankunft und vor der Auslieferung an den Kunden Garantie der Dauerhaftigkeit und Best\u00e4ndigkeit der Produkteigenschaften Vollst\u00e4ndige Einhaltung der Kundenspezifikationen &nbsp; DIE NUSSB\u00d6RSE IST MITGLIED DER NZV\" \/>\n<meta property=\"og:url\" content=\"https:\/\/notenbeurs.nl\/de\/qualitaet-und-lebensmittelsicherheit\/\" \/>\n<meta property=\"og:site_name\" content=\"De NotenBeurs\" \/>\n<meta property=\"article:publisher\" content=\"https:\/\/www.facebook.com\/deNotenbeurs\/\" \/>\n<meta property=\"og:image\" content=\"https:\/\/notenbeurs.nl\/wp-content\/uploads\/2020\/07\/NZVlogo.png\" \/>\n<script type=\"application\/ld+json\" class=\"yoast-schema-graph\">{\"@context\":\"https:\/\/schema.org\",\"@graph\":[{\"@type\":\"WebPage\",\"@id\":\"https:\/\/notenbeurs.nl\/de\/qualitaet-und-lebensmittelsicherheit\/\",\"url\":\"https:\/\/notenbeurs.nl\/de\/qualitaet-und-lebensmittelsicherheit\/\",\"name\":\"Qualit\u00e4t und Lebensmittelsicherheit - De NotenBeurs\",\"isPartOf\":{\"@id\":\"https:\/\/notenbeurs.nl\/de\/#website\"},\"primaryImageOfPage\":{\"@id\":\"https:\/\/notenbeurs.nl\/de\/qualitaet-und-lebensmittelsicherheit\/#primaryimage\"},\"image\":{\"@id\":\"https:\/\/notenbeurs.nl\/de\/qualitaet-und-lebensmittelsicherheit\/#primaryimage\"},\"thumbnailUrl\":\"https:\/\/notenbeurs.nl\/wp-content\/uploads\/2020\/07\/NZVlogo.png\",\"datePublished\":\"2024-10-23T07:35:49+00:00\",\"breadcrumb\":{\"@id\":\"https:\/\/notenbeurs.nl\/de\/qualitaet-und-lebensmittelsicherheit\/#breadcrumb\"},\"inLanguage\":\"de\",\"potentialAction\":[{\"@type\":\"ReadAction\",\"target\":[\"https:\/\/notenbeurs.nl\/de\/qualitaet-und-lebensmittelsicherheit\/\"]}]},{\"@type\":\"ImageObject\",\"inLanguage\":\"de\",\"@id\":\"https:\/\/notenbeurs.nl\/de\/qualitaet-und-lebensmittelsicherheit\/#primaryimage\",\"url\":\"https:\/\/notenbeurs.nl\/wp-content\/uploads\/2020\/07\/NZVlogo.png\",\"contentUrl\":\"https:\/\/notenbeurs.nl\/wp-content\/uploads\/2020\/07\/NZVlogo.png\"},{\"@type\":\"BreadcrumbList\",\"@id\":\"https:\/\/notenbeurs.nl\/de\/qualitaet-und-lebensmittelsicherheit\/#breadcrumb\",\"itemListElement\":[{\"@type\":\"ListItem\",\"position\":1,\"name\":\"Home\",\"item\":\"https:\/\/notenbeurs.nl\/de\/\"},{\"@type\":\"ListItem\",\"position\":2,\"name\":\"Qualit\u00e4t und Lebensmittelsicherheit\"}]},{\"@type\":\"WebSite\",\"@id\":\"https:\/\/notenbeurs.nl\/de\/#website\",\"url\":\"https:\/\/notenbeurs.nl\/de\/\",\"name\":\"De NotenBeurs\",\"description\":\"Totaal Groothandel in pinda&#039;s, noten en zuidvruchten\",\"publisher\":{\"@id\":\"https:\/\/notenbeurs.nl\/de\/#organization\"},\"potentialAction\":[{\"@type\":\"SearchAction\",\"target\":{\"@type\":\"EntryPoint\",\"urlTemplate\":\"https:\/\/notenbeurs.nl\/de\/?s={search_term_string}\"},\"query-input\":{\"@type\":\"PropertyValueSpecification\",\"valueRequired\":true,\"valueName\":\"search_term_string\"}}],\"inLanguage\":\"de\"},{\"@type\":\"Organization\",\"@id\":\"https:\/\/notenbeurs.nl\/de\/#organization\",\"name\":\"de NotenBeurs\",\"url\":\"https:\/\/notenbeurs.nl\/de\/\",\"logo\":{\"@type\":\"ImageObject\",\"inLanguage\":\"de\",\"@id\":\"https:\/\/notenbeurs.nl\/de\/#\/schema\/logo\/image\/\",\"url\":\"https:\/\/notenbeurs.nl\/wp-content\/uploads\/2024\/04\/DNB-premium-logo-400px-new-1.png\",\"contentUrl\":\"https:\/\/notenbeurs.nl\/wp-content\/uploads\/2024\/04\/DNB-premium-logo-400px-new-1.png\",\"width\":480,\"height\":400,\"caption\":\"de NotenBeurs\"},\"image\":{\"@id\":\"https:\/\/notenbeurs.nl\/de\/#\/schema\/logo\/image\/\"},\"sameAs\":[\"https:\/\/www.facebook.com\/deNotenbeurs\/\",\"https:\/\/nl.linkedin.com\/company\/denotenbeurs\"]}]}<\/script>\n<!-- \/ Yoast SEO plugin. -->","yoast_head_json":{"title":"Qualit\u00e4t und Lebensmittelsicherheit - De NotenBeurs","robots":{"index":"index","follow":"follow","max-snippet":"max-snippet:-1","max-image-preview":"max-image-preview:large","max-video-preview":"max-video-preview:-1"},"canonical":"https:\/\/notenbeurs.nl\/de\/qualitaet-und-lebensmittelsicherheit\/","og_locale":"de_DE","og_type":"article","og_title":"Qualit\u00e4t und Lebensmittelsicherheit - De NotenBeurs","og_description":"Die NotenBeurs unternimmt stets maximale Anstrengungen, um Rohstoffe von h\u00f6chster Qualit\u00e4t zu erwerben und zu vertreiben: Qualit\u00e4tskontrolle bei der Ankunft und vor der Auslieferung an den Kunden Garantie der Dauerhaftigkeit und Best\u00e4ndigkeit der Produkteigenschaften Vollst\u00e4ndige Einhaltung der Kundenspezifikationen &nbsp; DIE NUSSB\u00d6RSE IST MITGLIED DER NZV","og_url":"https:\/\/notenbeurs.nl\/de\/qualitaet-und-lebensmittelsicherheit\/","og_site_name":"De NotenBeurs","article_publisher":"https:\/\/www.facebook.com\/deNotenbeurs\/","og_image":[{"url":"https:\/\/notenbeurs.nl\/wp-content\/uploads\/2020\/07\/NZVlogo.png","type":"","width":"","height":""}],"schema":{"@context":"https:\/\/schema.org","@graph":[{"@type":"WebPage","@id":"https:\/\/notenbeurs.nl\/de\/qualitaet-und-lebensmittelsicherheit\/","url":"https:\/\/notenbeurs.nl\/de\/qualitaet-und-lebensmittelsicherheit\/","name":"Qualit\u00e4t und Lebensmittelsicherheit - De NotenBeurs","isPartOf":{"@id":"https:\/\/notenbeurs.nl\/de\/#website"},"primaryImageOfPage":{"@id":"https:\/\/notenbeurs.nl\/de\/qualitaet-und-lebensmittelsicherheit\/#primaryimage"},"image":{"@id":"https:\/\/notenbeurs.nl\/de\/qualitaet-und-lebensmittelsicherheit\/#primaryimage"},"thumbnailUrl":"https:\/\/notenbeurs.nl\/wp-content\/uploads\/2020\/07\/NZVlogo.png","datePublished":"2024-10-23T07:35:49+00:00","breadcrumb":{"@id":"https:\/\/notenbeurs.nl\/de\/qualitaet-und-lebensmittelsicherheit\/#breadcrumb"},"inLanguage":"de","potentialAction":[{"@type":"ReadAction","target":["https:\/\/notenbeurs.nl\/de\/qualitaet-und-lebensmittelsicherheit\/"]}]},{"@type":"ImageObject","inLanguage":"de","@id":"https:\/\/notenbeurs.nl\/de\/qualitaet-und-lebensmittelsicherheit\/#primaryimage","url":"https:\/\/notenbeurs.nl\/wp-content\/uploads\/2020\/07\/NZVlogo.png","contentUrl":"https:\/\/notenbeurs.nl\/wp-content\/uploads\/2020\/07\/NZVlogo.png"},{"@type":"BreadcrumbList","@id":"https:\/\/notenbeurs.nl\/de\/qualitaet-und-lebensmittelsicherheit\/#breadcrumb","itemListElement":[{"@type":"ListItem","position":1,"name":"Home","item":"https:\/\/notenbeurs.nl\/de\/"},{"@type":"ListItem","position":2,"name":"Qualit\u00e4t und Lebensmittelsicherheit"}]},{"@type":"WebSite","@id":"https:\/\/notenbeurs.nl\/de\/#website","url":"https:\/\/notenbeurs.nl\/de\/","name":"De NotenBeurs","description":"Totaal Groothandel in pinda&#039;s, noten en zuidvruchten","publisher":{"@id":"https:\/\/notenbeurs.nl\/de\/#organization"},"potentialAction":[{"@type":"SearchAction","target":{"@type":"EntryPoint","urlTemplate":"https:\/\/notenbeurs.nl\/de\/?s={search_term_string}"},"query-input":{"@type":"PropertyValueSpecification","valueRequired":true,"valueName":"search_term_string"}}],"inLanguage":"de"},{"@type":"Organization","@id":"https:\/\/notenbeurs.nl\/de\/#organization","name":"de NotenBeurs","url":"https:\/\/notenbeurs.nl\/de\/","logo":{"@type":"ImageObject","inLanguage":"de","@id":"https:\/\/notenbeurs.nl\/de\/#\/schema\/logo\/image\/","url":"https:\/\/notenbeurs.nl\/wp-content\/uploads\/2024\/04\/DNB-premium-logo-400px-new-1.png","contentUrl":"https:\/\/notenbeurs.nl\/wp-content\/uploads\/2024\/04\/DNB-premium-logo-400px-new-1.png","width":480,"height":400,"caption":"de NotenBeurs"},"image":{"@id":"https:\/\/notenbeurs.nl\/de\/#\/schema\/logo\/image\/"},"sameAs":["https:\/\/www.facebook.com\/deNotenbeurs\/","https:\/\/nl.linkedin.com\/company\/denotenbeurs"]}]}},"_links":{"self":[{"href":"https:\/\/notenbeurs.nl\/de\/wp-json\/wp\/v2\/pages\/188715","targetHints":{"allow":["GET"]}}],"collection":[{"href":"https:\/\/notenbeurs.nl\/de\/wp-json\/wp\/v2\/pages"}],"about":[{"href":"https:\/\/notenbeurs.nl\/de\/wp-json\/wp\/v2\/types\/page"}],"author":[{"embeddable":true,"href":"https:\/\/notenbeurs.nl\/de\/wp-json\/wp\/v2\/users\/7"}],"replies":[{"embeddable":true,"href":"https:\/\/notenbeurs.nl\/de\/wp-json\/wp\/v2\/comments?post=188715"}],"version-history":[{"count":1,"href":"https:\/\/notenbeurs.nl\/de\/wp-json\/wp\/v2\/pages\/188715\/revisions"}],"predecessor-version":[{"id":188821,"href":"https:\/\/notenbeurs.nl\/de\/wp-json\/wp\/v2\/pages\/188715\/revisions\/188821"}],"wp:attachment":[{"href":"https:\/\/notenbeurs.nl\/de\/wp-json\/wp\/v2\/media?parent=188715"}],"curies":[{"name":"wp","href":"https:\/\/api.w.org\/{rel}","templated":true}]}}