{"id":188721,"date":"2024-10-22T13:56:43","date_gmt":"2024-10-22T12:56:43","guid":{"rendered":"https:\/\/notenbeurs.nl\/?page_id=188721"},"modified":"2024-10-23T08:35:52","modified_gmt":"2024-10-23T07:35:52","slug":"zertifizierung","status":"publish","type":"page","link":"https:\/\/notenbeurs.nl\/de\/ueber-uns\/zertifizierung\/","title":{"rendered":"Zertifizierung"},"content":{"rendered":"<p>Qualit\u00e4t steht bei uns an erster Stelle und deshalb werden unsere Produkte mit gr\u00f6\u00dfter Sorgfalt behandelt und gelagert. Alle Produkte werden von uns ausgew\u00e4hlt und unterliegen strengen Qualit\u00e4tsanforderungen. Die Nut Exchange ist nach der <a href=\"https:\/\/notenbeurs.nl\/wp-content\/uploads\/De-Notenbeurs-BV-ISO-22000-EN.pdf\">ISO 22000-<\/a> und <a href=\"https:\/\/notenbeurs.nl\/wp-content\/uploads\/FSSC22000-De-Notenbeurs-B.V.-English.pdf\">FSSC22000<\/a>-Standardisierung zertifiziert. Wir verf\u00fcgen \u00fcber ein klimatisiertes Lager, in dem Temperatur und Luftfeuchtigkeit kontrolliert werden. Dies erm\u00f6glicht eine optimale Lagerung der Produkte und sichert die Qualit\u00e4t.<\/p>\n<p style=\"text-align: left;\"><a href=\"https:\/\/notenbeurs.nl\/wp-content\/uploads\/De-Notenbeurs-BV-ISO-22000-EN.pdf\"><img decoding=\"async\" class=\"wp-image-7421 size-full alignleft\" src=\"https:\/\/notenbeurs.nl\/wp-content\/uploads\/BV_Cert_ISO-22000_color.png\" alt=\"\" width=\"300\" height=\"139\" \/><\/a><\/p>\n<p><a href=\"https:\/\/notenbeurs.nl\/wp-content\/uploads\/FSSC22000-De-Notenbeurs-B.V.-English.pdf\" target=\"_blank\" rel=\"https:\/\/notenbeurs.nl\/wp-content\/uploads\/FSSC22000-De-Notenbeurs-B.V.-English.pdf noopener\"><img decoding=\"async\" class=\"wp-image-7422 size-full alignleft\" src=\"https:\/\/notenbeurs.nl\/wp-content\/uploads\/BV_Cert_FSSC-22000_1.png\" alt=\"\" width=\"300\" height=\"139\" \/><\/a><\/p>\n<p>Steht vor uns an der ersten Stelle. Deshalb werden unsere Produkte mit gr\u00f6\u00dfter Sorgfalt verarbeitet und gelagert. Alle Produkte werden von uns ausgew\u00e4hlt und unterliegen strengen Qualit\u00e4tsanforderungen. Die Nut Stock Exchange ist nach den Standards ISO 22000 und FSSC22000 zertifiziert. Wir trocknen in einem klimatisierten Lager, in dem Temperatur und Luftfeuchtigkeit kontrolliert werden. Dies gew\u00e4hrleistet eine optimale Lagerung der Produkte und garantiert die Qualit\u00e4t.<\/p>\n","protected":false},"excerpt":{"rendered":"<p>Qualit\u00e4t steht bei uns an erster Stelle und deshalb werden unsere Produkte mit gr\u00f6\u00dfter Sorgfalt behandelt und gelagert. Alle Produkte werden von uns ausgew\u00e4hlt und unterliegen strengen Qualit\u00e4tsanforderungen. Die Nut Exchange ist nach der ISO 22000- und FSSC22000-Standardisierung zertifiziert. Wir verf\u00fcgen \u00fcber ein klimatisiertes Lager, in dem Temperatur und Luftfeuchtigkeit kontrolliert werden. Dies erm\u00f6glicht eine [&hellip;]<\/p>\n","protected":false},"author":7,"featured_media":0,"parent":188639,"menu_order":0,"comment_status":"closed","ping_status":"closed","template":"","meta":{"footnotes":""},"class_list":["post-188721","page","type-page","status-publish","hentry"],"yoast_head":"<!-- This site is optimized with the Yoast SEO plugin v26.9 - https:\/\/yoast.com\/product\/yoast-seo-wordpress\/ -->\n<title>Zertifizierung - De NotenBeurs<\/title>\n<meta name=\"robots\" content=\"index, follow, max-snippet:-1, max-image-preview:large, max-video-preview:-1\" \/>\n<link rel=\"canonical\" href=\"https:\/\/notenbeurs.nl\/de\/ueber-uns\/zertifizierung\/\" \/>\n<meta property=\"og:locale\" content=\"de_DE\" \/>\n<meta property=\"og:type\" content=\"article\" \/>\n<meta property=\"og:title\" content=\"Zertifizierung - De NotenBeurs\" \/>\n<meta property=\"og:description\" content=\"Qualit\u00e4t steht bei uns an erster Stelle und deshalb werden unsere Produkte mit gr\u00f6\u00dfter Sorgfalt behandelt und gelagert. Alle Produkte werden von uns ausgew\u00e4hlt und unterliegen strengen Qualit\u00e4tsanforderungen. Die Nut Exchange ist nach der ISO 22000- und FSSC22000-Standardisierung zertifiziert. Wir verf\u00fcgen \u00fcber ein klimatisiertes Lager, in dem Temperatur und Luftfeuchtigkeit kontrolliert werden. Dies erm\u00f6glicht eine [&hellip;]\" \/>\n<meta property=\"og:url\" content=\"https:\/\/notenbeurs.nl\/de\/ueber-uns\/zertifizierung\/\" \/>\n<meta property=\"og:site_name\" content=\"De NotenBeurs\" \/>\n<meta property=\"article:publisher\" content=\"https:\/\/www.facebook.com\/deNotenbeurs\/\" \/>\n<meta property=\"article:modified_time\" content=\"2024-10-23T07:35:52+00:00\" \/>\n<meta property=\"og:image\" content=\"https:\/\/notenbeurs.nl\/wp-content\/uploads\/BV_Cert_ISO-22000_color.png\" \/>\n<meta name=\"twitter:label1\" content=\"Gesch\u00e4tzte Lesezeit\" \/>\n\t<meta name=\"twitter:data1\" content=\"1\u00a0Minute\" \/>\n<script type=\"application\/ld+json\" class=\"yoast-schema-graph\">{\"@context\":\"https:\/\/schema.org\",\"@graph\":[{\"@type\":\"WebPage\",\"@id\":\"https:\/\/notenbeurs.nl\/de\/ueber-uns\/zertifizierung\/\",\"url\":\"https:\/\/notenbeurs.nl\/de\/ueber-uns\/zertifizierung\/\",\"name\":\"Zertifizierung - De NotenBeurs\",\"isPartOf\":{\"@id\":\"https:\/\/notenbeurs.nl\/de\/#website\"},\"primaryImageOfPage\":{\"@id\":\"https:\/\/notenbeurs.nl\/de\/ueber-uns\/zertifizierung\/#primaryimage\"},\"image\":{\"@id\":\"https:\/\/notenbeurs.nl\/de\/ueber-uns\/zertifizierung\/#primaryimage\"},\"thumbnailUrl\":\"https:\/\/notenbeurs.nl\/wp-content\/uploads\/BV_Cert_ISO-22000_color.png\",\"datePublished\":\"2024-10-22T12:56:43+00:00\",\"dateModified\":\"2024-10-23T07:35:52+00:00\",\"breadcrumb\":{\"@id\":\"https:\/\/notenbeurs.nl\/de\/ueber-uns\/zertifizierung\/#breadcrumb\"},\"inLanguage\":\"de\",\"potentialAction\":[{\"@type\":\"ReadAction\",\"target\":[\"https:\/\/notenbeurs.nl\/de\/ueber-uns\/zertifizierung\/\"]}]},{\"@type\":\"ImageObject\",\"inLanguage\":\"de\",\"@id\":\"https:\/\/notenbeurs.nl\/de\/ueber-uns\/zertifizierung\/#primaryimage\",\"url\":\"https:\/\/notenbeurs.nl\/wp-content\/uploads\/BV_Cert_ISO-22000_color.png\",\"contentUrl\":\"https:\/\/notenbeurs.nl\/wp-content\/uploads\/BV_Cert_ISO-22000_color.png\"},{\"@type\":\"BreadcrumbList\",\"@id\":\"https:\/\/notenbeurs.nl\/de\/ueber-uns\/zertifizierung\/#breadcrumb\",\"itemListElement\":[{\"@type\":\"ListItem\",\"position\":1,\"name\":\"Home\",\"item\":\"https:\/\/notenbeurs.nl\/de\/\"},{\"@type\":\"ListItem\",\"position\":2,\"name\":\"\u00dcber uns\",\"item\":\"https:\/\/notenbeurs.nl\/de\/ueber-uns\/\"},{\"@type\":\"ListItem\",\"position\":3,\"name\":\"Zertifizierung\"}]},{\"@type\":\"WebSite\",\"@id\":\"https:\/\/notenbeurs.nl\/de\/#website\",\"url\":\"https:\/\/notenbeurs.nl\/de\/\",\"name\":\"De NotenBeurs\",\"description\":\"Totaal Groothandel in pinda&#039;s, noten en zuidvruchten\",\"publisher\":{\"@id\":\"https:\/\/notenbeurs.nl\/de\/#organization\"},\"potentialAction\":[{\"@type\":\"SearchAction\",\"target\":{\"@type\":\"EntryPoint\",\"urlTemplate\":\"https:\/\/notenbeurs.nl\/de\/?s={search_term_string}\"},\"query-input\":{\"@type\":\"PropertyValueSpecification\",\"valueRequired\":true,\"valueName\":\"search_term_string\"}}],\"inLanguage\":\"de\"},{\"@type\":\"Organization\",\"@id\":\"https:\/\/notenbeurs.nl\/de\/#organization\",\"name\":\"de NotenBeurs\",\"url\":\"https:\/\/notenbeurs.nl\/de\/\",\"logo\":{\"@type\":\"ImageObject\",\"inLanguage\":\"de\",\"@id\":\"https:\/\/notenbeurs.nl\/de\/#\/schema\/logo\/image\/\",\"url\":\"https:\/\/notenbeurs.nl\/wp-content\/uploads\/2024\/04\/DNB-premium-logo-400px-new-1.png\",\"contentUrl\":\"https:\/\/notenbeurs.nl\/wp-content\/uploads\/2024\/04\/DNB-premium-logo-400px-new-1.png\",\"width\":480,\"height\":400,\"caption\":\"de NotenBeurs\"},\"image\":{\"@id\":\"https:\/\/notenbeurs.nl\/de\/#\/schema\/logo\/image\/\"},\"sameAs\":[\"https:\/\/www.facebook.com\/deNotenbeurs\/\",\"https:\/\/nl.linkedin.com\/company\/denotenbeurs\"]}]}<\/script>\n<!-- \/ Yoast SEO plugin. -->","yoast_head_json":{"title":"Zertifizierung - De NotenBeurs","robots":{"index":"index","follow":"follow","max-snippet":"max-snippet:-1","max-image-preview":"max-image-preview:large","max-video-preview":"max-video-preview:-1"},"canonical":"https:\/\/notenbeurs.nl\/de\/ueber-uns\/zertifizierung\/","og_locale":"de_DE","og_type":"article","og_title":"Zertifizierung - De NotenBeurs","og_description":"Qualit\u00e4t steht bei uns an erster Stelle und deshalb werden unsere Produkte mit gr\u00f6\u00dfter Sorgfalt behandelt und gelagert. Alle Produkte werden von uns ausgew\u00e4hlt und unterliegen strengen Qualit\u00e4tsanforderungen. Die Nut Exchange ist nach der ISO 22000- und FSSC22000-Standardisierung zertifiziert. Wir verf\u00fcgen \u00fcber ein klimatisiertes Lager, in dem Temperatur und Luftfeuchtigkeit kontrolliert werden. Dies erm\u00f6glicht eine [&hellip;]","og_url":"https:\/\/notenbeurs.nl\/de\/ueber-uns\/zertifizierung\/","og_site_name":"De NotenBeurs","article_publisher":"https:\/\/www.facebook.com\/deNotenbeurs\/","article_modified_time":"2024-10-23T07:35:52+00:00","og_image":[{"url":"https:\/\/notenbeurs.nl\/wp-content\/uploads\/BV_Cert_ISO-22000_color.png","type":"","width":"","height":""}],"twitter_misc":{"Gesch\u00e4tzte Lesezeit":"1\u00a0Minute"},"schema":{"@context":"https:\/\/schema.org","@graph":[{"@type":"WebPage","@id":"https:\/\/notenbeurs.nl\/de\/ueber-uns\/zertifizierung\/","url":"https:\/\/notenbeurs.nl\/de\/ueber-uns\/zertifizierung\/","name":"Zertifizierung - De NotenBeurs","isPartOf":{"@id":"https:\/\/notenbeurs.nl\/de\/#website"},"primaryImageOfPage":{"@id":"https:\/\/notenbeurs.nl\/de\/ueber-uns\/zertifizierung\/#primaryimage"},"image":{"@id":"https:\/\/notenbeurs.nl\/de\/ueber-uns\/zertifizierung\/#primaryimage"},"thumbnailUrl":"https:\/\/notenbeurs.nl\/wp-content\/uploads\/BV_Cert_ISO-22000_color.png","datePublished":"2024-10-22T12:56:43+00:00","dateModified":"2024-10-23T07:35:52+00:00","breadcrumb":{"@id":"https:\/\/notenbeurs.nl\/de\/ueber-uns\/zertifizierung\/#breadcrumb"},"inLanguage":"de","potentialAction":[{"@type":"ReadAction","target":["https:\/\/notenbeurs.nl\/de\/ueber-uns\/zertifizierung\/"]}]},{"@type":"ImageObject","inLanguage":"de","@id":"https:\/\/notenbeurs.nl\/de\/ueber-uns\/zertifizierung\/#primaryimage","url":"https:\/\/notenbeurs.nl\/wp-content\/uploads\/BV_Cert_ISO-22000_color.png","contentUrl":"https:\/\/notenbeurs.nl\/wp-content\/uploads\/BV_Cert_ISO-22000_color.png"},{"@type":"BreadcrumbList","@id":"https:\/\/notenbeurs.nl\/de\/ueber-uns\/zertifizierung\/#breadcrumb","itemListElement":[{"@type":"ListItem","position":1,"name":"Home","item":"https:\/\/notenbeurs.nl\/de\/"},{"@type":"ListItem","position":2,"name":"\u00dcber uns","item":"https:\/\/notenbeurs.nl\/de\/ueber-uns\/"},{"@type":"ListItem","position":3,"name":"Zertifizierung"}]},{"@type":"WebSite","@id":"https:\/\/notenbeurs.nl\/de\/#website","url":"https:\/\/notenbeurs.nl\/de\/","name":"De NotenBeurs","description":"Totaal Groothandel in pinda&#039;s, noten en zuidvruchten","publisher":{"@id":"https:\/\/notenbeurs.nl\/de\/#organization"},"potentialAction":[{"@type":"SearchAction","target":{"@type":"EntryPoint","urlTemplate":"https:\/\/notenbeurs.nl\/de\/?s={search_term_string}"},"query-input":{"@type":"PropertyValueSpecification","valueRequired":true,"valueName":"search_term_string"}}],"inLanguage":"de"},{"@type":"Organization","@id":"https:\/\/notenbeurs.nl\/de\/#organization","name":"de NotenBeurs","url":"https:\/\/notenbeurs.nl\/de\/","logo":{"@type":"ImageObject","inLanguage":"de","@id":"https:\/\/notenbeurs.nl\/de\/#\/schema\/logo\/image\/","url":"https:\/\/notenbeurs.nl\/wp-content\/uploads\/2024\/04\/DNB-premium-logo-400px-new-1.png","contentUrl":"https:\/\/notenbeurs.nl\/wp-content\/uploads\/2024\/04\/DNB-premium-logo-400px-new-1.png","width":480,"height":400,"caption":"de NotenBeurs"},"image":{"@id":"https:\/\/notenbeurs.nl\/de\/#\/schema\/logo\/image\/"},"sameAs":["https:\/\/www.facebook.com\/deNotenbeurs\/","https:\/\/nl.linkedin.com\/company\/denotenbeurs"]}]}},"_links":{"self":[{"href":"https:\/\/notenbeurs.nl\/de\/wp-json\/wp\/v2\/pages\/188721","targetHints":{"allow":["GET"]}}],"collection":[{"href":"https:\/\/notenbeurs.nl\/de\/wp-json\/wp\/v2\/pages"}],"about":[{"href":"https:\/\/notenbeurs.nl\/de\/wp-json\/wp\/v2\/types\/page"}],"author":[{"embeddable":true,"href":"https:\/\/notenbeurs.nl\/de\/wp-json\/wp\/v2\/users\/7"}],"replies":[{"embeddable":true,"href":"https:\/\/notenbeurs.nl\/de\/wp-json\/wp\/v2\/comments?post=188721"}],"version-history":[{"count":2,"href":"https:\/\/notenbeurs.nl\/de\/wp-json\/wp\/v2\/pages\/188721\/revisions"}],"predecessor-version":[{"id":188724,"href":"https:\/\/notenbeurs.nl\/de\/wp-json\/wp\/v2\/pages\/188721\/revisions\/188724"}],"up":[{"embeddable":true,"href":"https:\/\/notenbeurs.nl\/de\/wp-json\/wp\/v2\/pages\/188639"}],"wp:attachment":[{"href":"https:\/\/notenbeurs.nl\/de\/wp-json\/wp\/v2\/media?parent=188721"}],"curies":[{"name":"wp","href":"https:\/\/api.w.org\/{rel}","templated":true}]}}