{"id":188741,"date":"2024-10-22T14:06:40","date_gmt":"2024-10-22T13:06:40","guid":{"rendered":"https:\/\/notenbeurs.nl\/?page_id=188741"},"modified":"2024-11-01T12:28:46","modified_gmt":"2024-11-01T11:28:46","slug":"schokoladenprodukte","status":"publish","type":"page","link":"https:\/\/notenbeurs.nl\/de\/schokoladenprodukte\/","title":{"rendered":"Schokoladenprodukte"},"content":{"rendered":"<section  class='av_textblock_section av-5s8gu3h-0fe4a0d2d3404ffba32e7bffd541d0d2'  itemscope=\"itemscope\" itemtype=\"https:\/\/schema.org\/CreativeWork\" ><div class='avia_textblock'  itemprop=\"text\" ><h2 class=\"p1\">Schokoladenprodukte<\/h2>\n<p>F\u00fcr Schokoladenprodukte k\u00f6nnen Sie sich auch an De NotenBeurs wenden. Denken Sie an Riegel, Schokoladenbrechplatten, Erdnusssteine, Schokoladenerdn\u00fcsse, Schokoladenrosinen, Schokoladenmandeln und Schokoladenjoghurtprodukte. In unserem umfangreichen Sortiment haben wir nicht nur die klassischen N\u00fcsse und tropischen Fr\u00fcchte in Schokolade, sondern auch gefriergetrocknete Fr\u00fcchte, die mit einer k\u00f6stlichen Schokoladenschicht \u00fcberzogen sind.<\/p>\n<p><strong>Qualit\u00e4t<\/strong><br \/>\nQualit\u00e4t steht auch bei unserer Schokolade an erster Stelle. Unsere Lieferanten verwenden Kakao h\u00f6chster Qualit\u00e4t als Basis f\u00fcr ihre Produkte. Eine Voraussetzung f\u00fcr die Herstellung bester Endprodukte. Sie betreiben auch viel Produktentwicklung innerhalb ihres Sortiments. So bleiben wir als Schokoladengro\u00dfh\u00e4ndler relevant, wenn Sie auf der Suche nach zeitgem\u00e4\u00dfen Schokoladenprodukten sind.<\/p>\n<p>Eine kleine Auswahl aus unserem Sortiment.<\/p>\n<p><strong>F\u00fcr weitere Informationen wenden Sie sich bitte an unsere Verk\u00e4ufer.<\/strong><\/p>\n<p>Rufen Sie an unter\u00a0<a href=\"tel:0031180637063\">+31180 63 70 63<\/a>\u00a0oder schreiben Sie eine E-Mail an\u00a0<a href=\"mailto:orders@notenbeurs.nl\" target=\"_blank\" rel=\"noopener\">orders@notenbeurs.nl<\/a><\/p>\n<\/div><\/section>\n\n","protected":false},"excerpt":{"rendered":"","protected":false},"author":7,"featured_media":0,"parent":0,"menu_order":0,"comment_status":"closed","ping_status":"closed","template":"","meta":{"footnotes":""},"class_list":["post-188741","page","type-page","status-publish","hentry"],"yoast_head":"<!-- This site is optimized with the Yoast SEO plugin v26.9 - https:\/\/yoast.com\/product\/yoast-seo-wordpress\/ -->\n<title>Schokoladenprodukte - De NotenBeurs<\/title>\n<meta name=\"description\" content=\"F\u00fcr Schokoladenprodukte k\u00f6nnen Sie sich auch an De NotenBeurs wenden. Denken Sie an Riegel, Schokoladenbrechplatten, Erdnusssteine, Schokoladenerdn\u00fcsse, Schokoladenrosinen, Schokoladenmandeln und Schokoladenjoghurtprodukte. In unserem umfangreichen Sortiment haben wir nicht nur die klassischen N\u00fcsse und tropischen Fr\u00fcchte in Schokolade, sondern auch gefriergetrocknete Fr\u00fcchte, die mit einer k\u00f6stlichen Schokoladenschicht \u00fcberzogen sind.\" \/>\n<meta name=\"robots\" content=\"index, follow, max-snippet:-1, max-image-preview:large, max-video-preview:-1\" \/>\n<link rel=\"canonical\" href=\"https:\/\/notenbeurs.nl\/de\/schokoladenprodukte\/\" \/>\n<meta property=\"og:locale\" content=\"de_DE\" \/>\n<meta property=\"og:type\" content=\"article\" \/>\n<meta property=\"og:title\" content=\"Schokoladenprodukte - De NotenBeurs\" \/>\n<meta property=\"og:description\" content=\"F\u00fcr Schokoladenprodukte k\u00f6nnen Sie sich auch an De NotenBeurs wenden. Denken Sie an Riegel, Schokoladenbrechplatten, Erdnusssteine, Schokoladenerdn\u00fcsse, Schokoladenrosinen, Schokoladenmandeln und Schokoladenjoghurtprodukte. In unserem umfangreichen Sortiment haben wir nicht nur die klassischen N\u00fcsse und tropischen Fr\u00fcchte in Schokolade, sondern auch gefriergetrocknete Fr\u00fcchte, die mit einer k\u00f6stlichen Schokoladenschicht \u00fcberzogen sind.\" \/>\n<meta property=\"og:url\" content=\"https:\/\/notenbeurs.nl\/de\/schokoladenprodukte\/\" \/>\n<meta property=\"og:site_name\" content=\"De NotenBeurs\" \/>\n<meta property=\"article:publisher\" content=\"https:\/\/www.facebook.com\/deNotenbeurs\/\" \/>\n<meta property=\"article:modified_time\" content=\"2024-11-01T11:28:46+00:00\" \/>\n<meta name=\"twitter:label1\" content=\"Gesch\u00e4tzte Lesezeit\" \/>\n\t<meta name=\"twitter:data1\" content=\"2\u00a0Minuten\" \/>\n<script type=\"application\/ld+json\" class=\"yoast-schema-graph\">{\"@context\":\"https:\/\/schema.org\",\"@graph\":[{\"@type\":\"WebPage\",\"@id\":\"https:\/\/notenbeurs.nl\/de\/schokoladenprodukte\/\",\"url\":\"https:\/\/notenbeurs.nl\/de\/schokoladenprodukte\/\",\"name\":\"Schokoladenprodukte - De NotenBeurs\",\"isPartOf\":{\"@id\":\"https:\/\/notenbeurs.nl\/de\/#website\"},\"datePublished\":\"2024-10-22T13:06:40+00:00\",\"dateModified\":\"2024-11-01T11:28:46+00:00\",\"description\":\"F\u00fcr Schokoladenprodukte k\u00f6nnen Sie sich auch an De NotenBeurs wenden. Denken Sie an Riegel, Schokoladenbrechplatten, Erdnusssteine, Schokoladenerdn\u00fcsse, Schokoladenrosinen, Schokoladenmandeln und Schokoladenjoghurtprodukte. In unserem umfangreichen Sortiment haben wir nicht nur die klassischen N\u00fcsse und tropischen Fr\u00fcchte in Schokolade, sondern auch gefriergetrocknete Fr\u00fcchte, die mit einer k\u00f6stlichen Schokoladenschicht \u00fcberzogen sind.\",\"breadcrumb\":{\"@id\":\"https:\/\/notenbeurs.nl\/de\/schokoladenprodukte\/#breadcrumb\"},\"inLanguage\":\"de\",\"potentialAction\":[{\"@type\":\"ReadAction\",\"target\":[\"https:\/\/notenbeurs.nl\/de\/schokoladenprodukte\/\"]}]},{\"@type\":\"BreadcrumbList\",\"@id\":\"https:\/\/notenbeurs.nl\/de\/schokoladenprodukte\/#breadcrumb\",\"itemListElement\":[{\"@type\":\"ListItem\",\"position\":1,\"name\":\"Home\",\"item\":\"https:\/\/notenbeurs.nl\/de\/\"},{\"@type\":\"ListItem\",\"position\":2,\"name\":\"Schokoladenprodukte\"}]},{\"@type\":\"WebSite\",\"@id\":\"https:\/\/notenbeurs.nl\/de\/#website\",\"url\":\"https:\/\/notenbeurs.nl\/de\/\",\"name\":\"De NotenBeurs\",\"description\":\"Totaal Groothandel in pinda&#039;s, noten en zuidvruchten\",\"publisher\":{\"@id\":\"https:\/\/notenbeurs.nl\/de\/#organization\"},\"potentialAction\":[{\"@type\":\"SearchAction\",\"target\":{\"@type\":\"EntryPoint\",\"urlTemplate\":\"https:\/\/notenbeurs.nl\/de\/?s={search_term_string}\"},\"query-input\":{\"@type\":\"PropertyValueSpecification\",\"valueRequired\":true,\"valueName\":\"search_term_string\"}}],\"inLanguage\":\"de\"},{\"@type\":\"Organization\",\"@id\":\"https:\/\/notenbeurs.nl\/de\/#organization\",\"name\":\"de NotenBeurs\",\"url\":\"https:\/\/notenbeurs.nl\/de\/\",\"logo\":{\"@type\":\"ImageObject\",\"inLanguage\":\"de\",\"@id\":\"https:\/\/notenbeurs.nl\/de\/#\/schema\/logo\/image\/\",\"url\":\"https:\/\/notenbeurs.nl\/wp-content\/uploads\/2024\/04\/DNB-premium-logo-400px-new-1.png\",\"contentUrl\":\"https:\/\/notenbeurs.nl\/wp-content\/uploads\/2024\/04\/DNB-premium-logo-400px-new-1.png\",\"width\":480,\"height\":400,\"caption\":\"de NotenBeurs\"},\"image\":{\"@id\":\"https:\/\/notenbeurs.nl\/de\/#\/schema\/logo\/image\/\"},\"sameAs\":[\"https:\/\/www.facebook.com\/deNotenbeurs\/\",\"https:\/\/nl.linkedin.com\/company\/denotenbeurs\"]}]}<\/script>\n<!-- \/ Yoast SEO plugin. -->","yoast_head_json":{"title":"Schokoladenprodukte - De NotenBeurs","description":"F\u00fcr Schokoladenprodukte k\u00f6nnen Sie sich auch an De NotenBeurs wenden. Denken Sie an Riegel, Schokoladenbrechplatten, Erdnusssteine, Schokoladenerdn\u00fcsse, Schokoladenrosinen, Schokoladenmandeln und Schokoladenjoghurtprodukte. In unserem umfangreichen Sortiment haben wir nicht nur die klassischen N\u00fcsse und tropischen Fr\u00fcchte in Schokolade, sondern auch gefriergetrocknete Fr\u00fcchte, die mit einer k\u00f6stlichen Schokoladenschicht \u00fcberzogen sind.","robots":{"index":"index","follow":"follow","max-snippet":"max-snippet:-1","max-image-preview":"max-image-preview:large","max-video-preview":"max-video-preview:-1"},"canonical":"https:\/\/notenbeurs.nl\/de\/schokoladenprodukte\/","og_locale":"de_DE","og_type":"article","og_title":"Schokoladenprodukte - De NotenBeurs","og_description":"F\u00fcr Schokoladenprodukte k\u00f6nnen Sie sich auch an De NotenBeurs wenden. Denken Sie an Riegel, Schokoladenbrechplatten, Erdnusssteine, Schokoladenerdn\u00fcsse, Schokoladenrosinen, Schokoladenmandeln und Schokoladenjoghurtprodukte. In unserem umfangreichen Sortiment haben wir nicht nur die klassischen N\u00fcsse und tropischen Fr\u00fcchte in Schokolade, sondern auch gefriergetrocknete Fr\u00fcchte, die mit einer k\u00f6stlichen Schokoladenschicht \u00fcberzogen sind.","og_url":"https:\/\/notenbeurs.nl\/de\/schokoladenprodukte\/","og_site_name":"De NotenBeurs","article_publisher":"https:\/\/www.facebook.com\/deNotenbeurs\/","article_modified_time":"2024-11-01T11:28:46+00:00","twitter_misc":{"Gesch\u00e4tzte Lesezeit":"2\u00a0Minuten"},"schema":{"@context":"https:\/\/schema.org","@graph":[{"@type":"WebPage","@id":"https:\/\/notenbeurs.nl\/de\/schokoladenprodukte\/","url":"https:\/\/notenbeurs.nl\/de\/schokoladenprodukte\/","name":"Schokoladenprodukte - De NotenBeurs","isPartOf":{"@id":"https:\/\/notenbeurs.nl\/de\/#website"},"datePublished":"2024-10-22T13:06:40+00:00","dateModified":"2024-11-01T11:28:46+00:00","description":"F\u00fcr Schokoladenprodukte k\u00f6nnen Sie sich auch an De NotenBeurs wenden. Denken Sie an Riegel, Schokoladenbrechplatten, Erdnusssteine, Schokoladenerdn\u00fcsse, Schokoladenrosinen, Schokoladenmandeln und Schokoladenjoghurtprodukte. In unserem umfangreichen Sortiment haben wir nicht nur die klassischen N\u00fcsse und tropischen Fr\u00fcchte in Schokolade, sondern auch gefriergetrocknete Fr\u00fcchte, die mit einer k\u00f6stlichen Schokoladenschicht \u00fcberzogen sind.","breadcrumb":{"@id":"https:\/\/notenbeurs.nl\/de\/schokoladenprodukte\/#breadcrumb"},"inLanguage":"de","potentialAction":[{"@type":"ReadAction","target":["https:\/\/notenbeurs.nl\/de\/schokoladenprodukte\/"]}]},{"@type":"BreadcrumbList","@id":"https:\/\/notenbeurs.nl\/de\/schokoladenprodukte\/#breadcrumb","itemListElement":[{"@type":"ListItem","position":1,"name":"Home","item":"https:\/\/notenbeurs.nl\/de\/"},{"@type":"ListItem","position":2,"name":"Schokoladenprodukte"}]},{"@type":"WebSite","@id":"https:\/\/notenbeurs.nl\/de\/#website","url":"https:\/\/notenbeurs.nl\/de\/","name":"De NotenBeurs","description":"Totaal Groothandel in pinda&#039;s, noten en zuidvruchten","publisher":{"@id":"https:\/\/notenbeurs.nl\/de\/#organization"},"potentialAction":[{"@type":"SearchAction","target":{"@type":"EntryPoint","urlTemplate":"https:\/\/notenbeurs.nl\/de\/?s={search_term_string}"},"query-input":{"@type":"PropertyValueSpecification","valueRequired":true,"valueName":"search_term_string"}}],"inLanguage":"de"},{"@type":"Organization","@id":"https:\/\/notenbeurs.nl\/de\/#organization","name":"de NotenBeurs","url":"https:\/\/notenbeurs.nl\/de\/","logo":{"@type":"ImageObject","inLanguage":"de","@id":"https:\/\/notenbeurs.nl\/de\/#\/schema\/logo\/image\/","url":"https:\/\/notenbeurs.nl\/wp-content\/uploads\/2024\/04\/DNB-premium-logo-400px-new-1.png","contentUrl":"https:\/\/notenbeurs.nl\/wp-content\/uploads\/2024\/04\/DNB-premium-logo-400px-new-1.png","width":480,"height":400,"caption":"de NotenBeurs"},"image":{"@id":"https:\/\/notenbeurs.nl\/de\/#\/schema\/logo\/image\/"},"sameAs":["https:\/\/www.facebook.com\/deNotenbeurs\/","https:\/\/nl.linkedin.com\/company\/denotenbeurs"]}]}},"_links":{"self":[{"href":"https:\/\/notenbeurs.nl\/de\/wp-json\/wp\/v2\/pages\/188741","targetHints":{"allow":["GET"]}}],"collection":[{"href":"https:\/\/notenbeurs.nl\/de\/wp-json\/wp\/v2\/pages"}],"about":[{"href":"https:\/\/notenbeurs.nl\/de\/wp-json\/wp\/v2\/types\/page"}],"author":[{"embeddable":true,"href":"https:\/\/notenbeurs.nl\/de\/wp-json\/wp\/v2\/users\/7"}],"replies":[{"embeddable":true,"href":"https:\/\/notenbeurs.nl\/de\/wp-json\/wp\/v2\/comments?post=188741"}],"version-history":[{"count":4,"href":"https:\/\/notenbeurs.nl\/de\/wp-json\/wp\/v2\/pages\/188741\/revisions"}],"predecessor-version":[{"id":189245,"href":"https:\/\/notenbeurs.nl\/de\/wp-json\/wp\/v2\/pages\/188741\/revisions\/189245"}],"wp:attachment":[{"href":"https:\/\/notenbeurs.nl\/de\/wp-json\/wp\/v2\/media?parent=188741"}],"curies":[{"name":"wp","href":"https:\/\/api.w.org\/{rel}","templated":true}]}}