{"id":188745,"date":"2024-10-22T14:09:20","date_gmt":"2024-10-22T13:09:20","guid":{"rendered":"https:\/\/notenbeurs.nl\/?page_id=188745"},"modified":"2024-11-01T13:52:41","modified_gmt":"2024-11-01T12:52:41","slug":"haselnuesse","status":"publish","type":"page","link":"https:\/\/notenbeurs.nl\/de\/haselnuesse\/","title":{"rendered":"Haseln\u00fcsse"},"content":{"rendered":"<h1><strong>Haseln\u00fcsse<\/strong><\/h1>\n<p><strong>Eigenschaften<\/strong><br \/>\nDie Haselnuss stammt aus der Gegend rund um das Mittelmeer. Die Haselnuss ist eine kleine runde braune Nuss und enth\u00e4lt viele verschiedene Vitamine, Mineralstoffe und unges\u00e4ttigte Fette. Genau wie Mandeln enthalten sie viel Vitamin E.<\/p>\n<p><strong>Herkunft<\/strong><br \/>\nHaseln\u00fcsse werden haupts\u00e4chlich aus der T\u00fcrkei importiert. Sie sind das ganze Jahr \u00fcber erh\u00e4ltlich. Haseln\u00fcsse sind mindestens zwei Jahre haltbar, sofern Sie sie an einem trockenen und gut bel\u00fcfteten Ort lagern. Und am besten halten sie sich, wenn man sie in der Schale aufbewahrt.<\/p>\n<p><strong>Anwendung<\/strong><br \/>\nHaseln\u00fcsse werden oft in Pastenform (Haselnussaufstrich), mit Schokolade, in M\u00fcsliriegeln oder mit Eis gegessen. Auch in einer Haselnuss-Torte erfreuen sie sich gro\u00dfer Beliebtheit.<\/p>\n<p><strong>Ei-Ersatz<\/strong><br \/>\nHaseln\u00fcsse haben einen charakteristischen Geschmack. Sie werden h\u00e4ufig in Backwaren verwendet. Gemahlene Haseln\u00fcsse sorgen f\u00fcr eine lockerere Struktur des Geb\u00e4cks und sind ein guter Ei-Ersatz. Sie k\u00f6nnen Eier im Teig teilweise oder sogar vollst\u00e4ndig ersetzen. M\u00f6chten Sie sie gehackt verwenden? Tun Sie dies nur vor der Verwendung. So bleibt der Geschmack optimal. Haseln\u00fcsse sind glutenfrei und passen daher hervorragend in die Ern\u00e4hrung von Menschen mit einer Glutenunvertr\u00e4glichkeit.<\/p>\n<p><strong>F\u00fcr weitere Informationen wenden Sie sich bitte an unsere Verk\u00e4ufer.<br \/>\n<\/strong>Rufen Sie +31180 63 70 63 an oder senden Sie eine E-Mail an <a href=\"mailto:orders@notenbeurs.nl\">orders@notenbeurs.nl<\/a><\/p>\n<p>&nbsp;<\/p>\n","protected":false},"excerpt":{"rendered":"<p>Haseln\u00fcsse Eigenschaften Die Haselnuss stammt aus der Gegend rund um das Mittelmeer. Die Haselnuss ist eine kleine runde braune Nuss und enth\u00e4lt viele verschiedene Vitamine, Mineralstoffe und unges\u00e4ttigte Fette. Genau wie Mandeln enthalten sie viel Vitamin E. Herkunft Haseln\u00fcsse werden haupts\u00e4chlich aus der T\u00fcrkei importiert. Sie sind das ganze Jahr \u00fcber erh\u00e4ltlich. Haseln\u00fcsse sind mindestens [&hellip;]<\/p>\n","protected":false},"author":7,"featured_media":188746,"parent":0,"menu_order":0,"comment_status":"closed","ping_status":"closed","template":"","meta":{"footnotes":""},"class_list":["post-188745","page","type-page","status-publish","has-post-thumbnail","hentry"],"yoast_head":"<!-- This site is optimized with the Yoast SEO plugin v26.9 - https:\/\/yoast.com\/product\/yoast-seo-wordpress\/ -->\n<title>Haseln\u00fcsse - De NotenBeurs<\/title>\n<meta name=\"description\" content=\"Die Haselnuss stammt aus der Gegend rund um das Mittelmeer. Die Haselnuss ist eine kleine runde braune Nuss und enth\u00e4lt viele verschiedene Vitamine, Mineralstoffe und unges\u00e4ttigte Fette. Genau wie Mandeln enthalten sie viel Vitamin E.HerkunftHaseln\u00fcsse werden haupts\u00e4chlich aus der T\u00fcrkei importiert. Sie sind das ganze Jahr \u00fcber erh\u00e4ltlich. Haseln\u00fcsse sind mindestens zwei Jahre haltbar, sofern Sie sie an einem trockenen und gut bel\u00fcfteten Ort lagern. Und am besten halten sie sich, wenn man sie in der Schale aufbewahrt.\" \/>\n<meta name=\"robots\" content=\"index, follow, max-snippet:-1, max-image-preview:large, max-video-preview:-1\" \/>\n<link rel=\"canonical\" href=\"https:\/\/notenbeurs.nl\/de\/haselnuesse\/\" \/>\n<meta property=\"og:locale\" content=\"de_DE\" \/>\n<meta property=\"og:type\" content=\"article\" \/>\n<meta property=\"og:title\" content=\"Haseln\u00fcsse - De NotenBeurs\" \/>\n<meta property=\"og:description\" content=\"Die Haselnuss stammt aus der Gegend rund um das Mittelmeer. Die Haselnuss ist eine kleine runde braune Nuss und enth\u00e4lt viele verschiedene Vitamine, Mineralstoffe und unges\u00e4ttigte Fette. Genau wie Mandeln enthalten sie viel Vitamin E.HerkunftHaseln\u00fcsse werden haupts\u00e4chlich aus der T\u00fcrkei importiert. Sie sind das ganze Jahr \u00fcber erh\u00e4ltlich. Haseln\u00fcsse sind mindestens zwei Jahre haltbar, sofern Sie sie an einem trockenen und gut bel\u00fcfteten Ort lagern. Und am besten halten sie sich, wenn man sie in der Schale aufbewahrt.\" \/>\n<meta property=\"og:url\" content=\"https:\/\/notenbeurs.nl\/de\/haselnuesse\/\" \/>\n<meta property=\"og:site_name\" content=\"De NotenBeurs\" \/>\n<meta property=\"article:publisher\" content=\"https:\/\/www.facebook.com\/deNotenbeurs\/\" \/>\n<meta property=\"article:modified_time\" content=\"2024-11-01T12:52:41+00:00\" \/>\n<meta property=\"og:image\" content=\"https:\/\/notenbeurs.nl\/wp-content\/uploads\/2020\/05\/201564-Hazelnoten-in-dop_74C.png\" \/>\n\t<meta property=\"og:image:width\" content=\"3297\" \/>\n\t<meta property=\"og:image:height\" content=\"3297\" \/>\n\t<meta property=\"og:image:type\" content=\"image\/png\" \/>\n<meta name=\"twitter:label1\" content=\"Gesch\u00e4tzte Lesezeit\" \/>\n\t<meta name=\"twitter:data1\" content=\"1\u00a0Minute\" \/>\n<script type=\"application\/ld+json\" class=\"yoast-schema-graph\">{\"@context\":\"https:\/\/schema.org\",\"@graph\":[{\"@type\":\"WebPage\",\"@id\":\"https:\/\/notenbeurs.nl\/de\/haselnuesse\/\",\"url\":\"https:\/\/notenbeurs.nl\/de\/haselnuesse\/\",\"name\":\"Haseln\u00fcsse - De NotenBeurs\",\"isPartOf\":{\"@id\":\"https:\/\/notenbeurs.nl\/de\/#website\"},\"primaryImageOfPage\":{\"@id\":\"https:\/\/notenbeurs.nl\/de\/haselnuesse\/#primaryimage\"},\"image\":{\"@id\":\"https:\/\/notenbeurs.nl\/de\/haselnuesse\/#primaryimage\"},\"thumbnailUrl\":\"https:\/\/notenbeurs.nl\/wp-content\/uploads\/2020\/05\/201564-Hazelnoten-in-dop_74C.png\",\"datePublished\":\"2024-10-22T13:09:20+00:00\",\"dateModified\":\"2024-11-01T12:52:41+00:00\",\"description\":\"Die Haselnuss stammt aus der Gegend rund um das Mittelmeer. Die Haselnuss ist eine kleine runde braune Nuss und enth\u00e4lt viele verschiedene Vitamine, Mineralstoffe und unges\u00e4ttigte Fette. Genau wie Mandeln enthalten sie viel Vitamin E.HerkunftHaseln\u00fcsse werden haupts\u00e4chlich aus der T\u00fcrkei importiert. Sie sind das ganze Jahr \u00fcber erh\u00e4ltlich. Haseln\u00fcsse sind mindestens zwei Jahre haltbar, sofern Sie sie an einem trockenen und gut bel\u00fcfteten Ort lagern. Und am besten halten sie sich, wenn man sie in der Schale aufbewahrt.\",\"breadcrumb\":{\"@id\":\"https:\/\/notenbeurs.nl\/de\/haselnuesse\/#breadcrumb\"},\"inLanguage\":\"de\",\"potentialAction\":[{\"@type\":\"ReadAction\",\"target\":[\"https:\/\/notenbeurs.nl\/de\/haselnuesse\/\"]}]},{\"@type\":\"ImageObject\",\"inLanguage\":\"de\",\"@id\":\"https:\/\/notenbeurs.nl\/de\/haselnuesse\/#primaryimage\",\"url\":\"https:\/\/notenbeurs.nl\/wp-content\/uploads\/2020\/05\/201564-Hazelnoten-in-dop_74C.png\",\"contentUrl\":\"https:\/\/notenbeurs.nl\/wp-content\/uploads\/2020\/05\/201564-Hazelnoten-in-dop_74C.png\",\"width\":3297,\"height\":3297},{\"@type\":\"BreadcrumbList\",\"@id\":\"https:\/\/notenbeurs.nl\/de\/haselnuesse\/#breadcrumb\",\"itemListElement\":[{\"@type\":\"ListItem\",\"position\":1,\"name\":\"Home\",\"item\":\"https:\/\/notenbeurs.nl\/de\/\"},{\"@type\":\"ListItem\",\"position\":2,\"name\":\"Haseln\u00fcsse\"}]},{\"@type\":\"WebSite\",\"@id\":\"https:\/\/notenbeurs.nl\/de\/#website\",\"url\":\"https:\/\/notenbeurs.nl\/de\/\",\"name\":\"De NotenBeurs\",\"description\":\"Totaal Groothandel in pinda&#039;s, noten en zuidvruchten\",\"publisher\":{\"@id\":\"https:\/\/notenbeurs.nl\/de\/#organization\"},\"potentialAction\":[{\"@type\":\"SearchAction\",\"target\":{\"@type\":\"EntryPoint\",\"urlTemplate\":\"https:\/\/notenbeurs.nl\/de\/?s={search_term_string}\"},\"query-input\":{\"@type\":\"PropertyValueSpecification\",\"valueRequired\":true,\"valueName\":\"search_term_string\"}}],\"inLanguage\":\"de\"},{\"@type\":\"Organization\",\"@id\":\"https:\/\/notenbeurs.nl\/de\/#organization\",\"name\":\"de NotenBeurs\",\"url\":\"https:\/\/notenbeurs.nl\/de\/\",\"logo\":{\"@type\":\"ImageObject\",\"inLanguage\":\"de\",\"@id\":\"https:\/\/notenbeurs.nl\/de\/#\/schema\/logo\/image\/\",\"url\":\"https:\/\/notenbeurs.nl\/wp-content\/uploads\/2024\/04\/DNB-premium-logo-400px-new-1.png\",\"contentUrl\":\"https:\/\/notenbeurs.nl\/wp-content\/uploads\/2024\/04\/DNB-premium-logo-400px-new-1.png\",\"width\":480,\"height\":400,\"caption\":\"de NotenBeurs\"},\"image\":{\"@id\":\"https:\/\/notenbeurs.nl\/de\/#\/schema\/logo\/image\/\"},\"sameAs\":[\"https:\/\/www.facebook.com\/deNotenbeurs\/\",\"https:\/\/nl.linkedin.com\/company\/denotenbeurs\"]}]}<\/script>\n<!-- \/ Yoast SEO plugin. -->","yoast_head_json":{"title":"Haseln\u00fcsse - De NotenBeurs","description":"Die Haselnuss stammt aus der Gegend rund um das Mittelmeer. Die Haselnuss ist eine kleine runde braune Nuss und enth\u00e4lt viele verschiedene Vitamine, Mineralstoffe und unges\u00e4ttigte Fette. Genau wie Mandeln enthalten sie viel Vitamin E.HerkunftHaseln\u00fcsse werden haupts\u00e4chlich aus der T\u00fcrkei importiert. Sie sind das ganze Jahr \u00fcber erh\u00e4ltlich. Haseln\u00fcsse sind mindestens zwei Jahre haltbar, sofern Sie sie an einem trockenen und gut bel\u00fcfteten Ort lagern. Und am besten halten sie sich, wenn man sie in der Schale aufbewahrt.","robots":{"index":"index","follow":"follow","max-snippet":"max-snippet:-1","max-image-preview":"max-image-preview:large","max-video-preview":"max-video-preview:-1"},"canonical":"https:\/\/notenbeurs.nl\/de\/haselnuesse\/","og_locale":"de_DE","og_type":"article","og_title":"Haseln\u00fcsse - De NotenBeurs","og_description":"Die Haselnuss stammt aus der Gegend rund um das Mittelmeer. Die Haselnuss ist eine kleine runde braune Nuss und enth\u00e4lt viele verschiedene Vitamine, Mineralstoffe und unges\u00e4ttigte Fette. Genau wie Mandeln enthalten sie viel Vitamin E.HerkunftHaseln\u00fcsse werden haupts\u00e4chlich aus der T\u00fcrkei importiert. Sie sind das ganze Jahr \u00fcber erh\u00e4ltlich. Haseln\u00fcsse sind mindestens zwei Jahre haltbar, sofern Sie sie an einem trockenen und gut bel\u00fcfteten Ort lagern. Und am besten halten sie sich, wenn man sie in der Schale aufbewahrt.","og_url":"https:\/\/notenbeurs.nl\/de\/haselnuesse\/","og_site_name":"De NotenBeurs","article_publisher":"https:\/\/www.facebook.com\/deNotenbeurs\/","article_modified_time":"2024-11-01T12:52:41+00:00","og_image":[{"width":3297,"height":3297,"url":"https:\/\/notenbeurs.nl\/wp-content\/uploads\/2020\/05\/201564-Hazelnoten-in-dop_74C.png","type":"image\/png"}],"twitter_misc":{"Gesch\u00e4tzte Lesezeit":"1\u00a0Minute"},"schema":{"@context":"https:\/\/schema.org","@graph":[{"@type":"WebPage","@id":"https:\/\/notenbeurs.nl\/de\/haselnuesse\/","url":"https:\/\/notenbeurs.nl\/de\/haselnuesse\/","name":"Haseln\u00fcsse - De NotenBeurs","isPartOf":{"@id":"https:\/\/notenbeurs.nl\/de\/#website"},"primaryImageOfPage":{"@id":"https:\/\/notenbeurs.nl\/de\/haselnuesse\/#primaryimage"},"image":{"@id":"https:\/\/notenbeurs.nl\/de\/haselnuesse\/#primaryimage"},"thumbnailUrl":"https:\/\/notenbeurs.nl\/wp-content\/uploads\/2020\/05\/201564-Hazelnoten-in-dop_74C.png","datePublished":"2024-10-22T13:09:20+00:00","dateModified":"2024-11-01T12:52:41+00:00","description":"Die Haselnuss stammt aus der Gegend rund um das Mittelmeer. Die Haselnuss ist eine kleine runde braune Nuss und enth\u00e4lt viele verschiedene Vitamine, Mineralstoffe und unges\u00e4ttigte Fette. Genau wie Mandeln enthalten sie viel Vitamin E.HerkunftHaseln\u00fcsse werden haupts\u00e4chlich aus der T\u00fcrkei importiert. Sie sind das ganze Jahr \u00fcber erh\u00e4ltlich. Haseln\u00fcsse sind mindestens zwei Jahre haltbar, sofern Sie sie an einem trockenen und gut bel\u00fcfteten Ort lagern. Und am besten halten sie sich, wenn man sie in der Schale aufbewahrt.","breadcrumb":{"@id":"https:\/\/notenbeurs.nl\/de\/haselnuesse\/#breadcrumb"},"inLanguage":"de","potentialAction":[{"@type":"ReadAction","target":["https:\/\/notenbeurs.nl\/de\/haselnuesse\/"]}]},{"@type":"ImageObject","inLanguage":"de","@id":"https:\/\/notenbeurs.nl\/de\/haselnuesse\/#primaryimage","url":"https:\/\/notenbeurs.nl\/wp-content\/uploads\/2020\/05\/201564-Hazelnoten-in-dop_74C.png","contentUrl":"https:\/\/notenbeurs.nl\/wp-content\/uploads\/2020\/05\/201564-Hazelnoten-in-dop_74C.png","width":3297,"height":3297},{"@type":"BreadcrumbList","@id":"https:\/\/notenbeurs.nl\/de\/haselnuesse\/#breadcrumb","itemListElement":[{"@type":"ListItem","position":1,"name":"Home","item":"https:\/\/notenbeurs.nl\/de\/"},{"@type":"ListItem","position":2,"name":"Haseln\u00fcsse"}]},{"@type":"WebSite","@id":"https:\/\/notenbeurs.nl\/de\/#website","url":"https:\/\/notenbeurs.nl\/de\/","name":"De NotenBeurs","description":"Totaal Groothandel in pinda&#039;s, noten en zuidvruchten","publisher":{"@id":"https:\/\/notenbeurs.nl\/de\/#organization"},"potentialAction":[{"@type":"SearchAction","target":{"@type":"EntryPoint","urlTemplate":"https:\/\/notenbeurs.nl\/de\/?s={search_term_string}"},"query-input":{"@type":"PropertyValueSpecification","valueRequired":true,"valueName":"search_term_string"}}],"inLanguage":"de"},{"@type":"Organization","@id":"https:\/\/notenbeurs.nl\/de\/#organization","name":"de NotenBeurs","url":"https:\/\/notenbeurs.nl\/de\/","logo":{"@type":"ImageObject","inLanguage":"de","@id":"https:\/\/notenbeurs.nl\/de\/#\/schema\/logo\/image\/","url":"https:\/\/notenbeurs.nl\/wp-content\/uploads\/2024\/04\/DNB-premium-logo-400px-new-1.png","contentUrl":"https:\/\/notenbeurs.nl\/wp-content\/uploads\/2024\/04\/DNB-premium-logo-400px-new-1.png","width":480,"height":400,"caption":"de NotenBeurs"},"image":{"@id":"https:\/\/notenbeurs.nl\/de\/#\/schema\/logo\/image\/"},"sameAs":["https:\/\/www.facebook.com\/deNotenbeurs\/","https:\/\/nl.linkedin.com\/company\/denotenbeurs"]}]}},"_links":{"self":[{"href":"https:\/\/notenbeurs.nl\/de\/wp-json\/wp\/v2\/pages\/188745","targetHints":{"allow":["GET"]}}],"collection":[{"href":"https:\/\/notenbeurs.nl\/de\/wp-json\/wp\/v2\/pages"}],"about":[{"href":"https:\/\/notenbeurs.nl\/de\/wp-json\/wp\/v2\/types\/page"}],"author":[{"embeddable":true,"href":"https:\/\/notenbeurs.nl\/de\/wp-json\/wp\/v2\/users\/7"}],"replies":[{"embeddable":true,"href":"https:\/\/notenbeurs.nl\/de\/wp-json\/wp\/v2\/comments?post=188745"}],"version-history":[{"count":4,"href":"https:\/\/notenbeurs.nl\/de\/wp-json\/wp\/v2\/pages\/188745\/revisions"}],"predecessor-version":[{"id":189299,"href":"https:\/\/notenbeurs.nl\/de\/wp-json\/wp\/v2\/pages\/188745\/revisions\/189299"}],"wp:featuredmedia":[{"embeddable":true,"href":"https:\/\/notenbeurs.nl\/de\/wp-json\/wp\/v2\/media\/188746"}],"wp:attachment":[{"href":"https:\/\/notenbeurs.nl\/de\/wp-json\/wp\/v2\/media?parent=188745"}],"curies":[{"name":"wp","href":"https:\/\/api.w.org\/{rel}","templated":true}]}}