{"id":188753,"date":"2024-10-22T14:14:04","date_gmt":"2024-10-22T13:14:04","guid":{"rendered":"https:\/\/notenbeurs.nl\/?page_id=188753"},"modified":"2024-11-01T13:52:05","modified_gmt":"2024-11-01T12:52:05","slug":"paranuesse","status":"publish","type":"page","link":"https:\/\/notenbeurs.nl\/de\/paranuesse\/","title":{"rendered":"Paran\u00fcsse"},"content":{"rendered":"<h1><strong>Paran\u00fcsse<\/strong><\/h1>\n<p><strong>Eigenschaften<\/strong><br \/>\nParan\u00fcsse oder Paran\u00fcsse sind nahrhaft und enthalten viele Proteine, Fette, Kalzium, Phosphor und Magnesium. Wichtig sind der Stoff Selen und Antioxidantien. Dies verlangsamt den Alterungsprozess und stimuliert das Immunsystem.<\/p>\n<p><strong>Herkunft<\/strong><br \/>\nParan\u00fcsse, auch Paran\u00fcsse genannt, kommen aus S\u00fcdamerika, darunter Peru, Bolivien, Kolumbien und Brasilien. In dieser Amazonasregion wachsen etwa 9 Millionen B\u00e4ume.<\/p>\n<p><strong>Anwendung<\/strong><br \/>\nDie gr\u00fcnen Zwiebeln der Paran\u00fcsse wachsen auf einem hohen \u201ek\u00f6niglichen\u201c Baum. Diese Kugeln sehen ein bisschen aus wie Kokosn\u00fcsse und m\u00fcssen geknackt werden, um endlich an die Paran\u00fcsse zu gelangen. Diese Zwiebeln enthalten etwa 10 bis 12 Samen pro Zwiebel. Die Nuss hat ein etwas bananenf\u00f6rmiges Aussehen und eine braune Schale. Die Nuss ist schwer zu knacken und wird daher immer gesch\u00e4lt verkauft. Paran\u00fcsse finden sich vor allem in Nussmischungen oder beispielsweise in einer luxuri\u00f6seren Variante von Studentenhaferflocken.<\/p>\n<p><strong>Das Agouti ist das einzige Tier, das die Paranuss knacken kann &#8230;<\/strong><br \/>\nDiese Nagetiere leben in den dichten Regenw\u00e4ldern Brasiliens, Paraguays und Argentiniens und sind sehr scheu. Agoutis sind f\u00fcr die Natur \u00e4u\u00dferst wichtig, denn sie sind die einzigen Tiere, die Paran\u00fcsse mit ihren starken Nagetierz\u00e4hnen aufschlagen k\u00f6nnen. Die Paran\u00fcsse sind voller Samen, die auf den Boden fallen und keimen, wodurch neue Paranussb\u00e4ume wachsen.<\/p>\n<p><strong>F\u00fcr weitere Informationen wenden Sie sich bitte an unsere Verk\u00e4ufer.<br \/>\n<\/strong>Rufen Sie an unter\u00a0<a href=\"tel:0031180637063\">+31180 63 70 63<\/a>\u00a0oder schreiben Sie eine E-Mail an\u00a0<a href=\"mailto:orders@notenbeurs.nl\" target=\"_blank\" rel=\"noopener\">orders@notenbeurs.nl<\/a><\/p>\n<p>&nbsp;<\/p>\n","protected":false},"excerpt":{"rendered":"<p>Paran\u00fcsse Eigenschaften Paran\u00fcsse oder Paran\u00fcsse sind nahrhaft und enthalten viele Proteine, Fette, Kalzium, Phosphor und Magnesium. Wichtig sind der Stoff Selen und Antioxidantien. Dies verlangsamt den Alterungsprozess und stimuliert das Immunsystem. Herkunft Paran\u00fcsse, auch Paran\u00fcsse genannt, kommen aus S\u00fcdamerika, darunter Peru, Bolivien, Kolumbien und Brasilien. In dieser Amazonasregion wachsen etwa 9 Millionen B\u00e4ume. Anwendung Die [&hellip;]<\/p>\n","protected":false},"author":7,"featured_media":188754,"parent":0,"menu_order":0,"comment_status":"closed","ping_status":"closed","template":"","meta":{"footnotes":""},"class_list":["post-188753","page","type-page","status-publish","has-post-thumbnail","hentry"],"yoast_head":"<!-- This site is optimized with the Yoast SEO plugin v26.9 - https:\/\/yoast.com\/product\/yoast-seo-wordpress\/ -->\n<title>Paran\u00fcsse - De NotenBeurs<\/title>\n<meta name=\"description\" content=\"Paran\u00fcsse oder Paran\u00fcsse sind nahrhaft und enthalten viele Proteine, Fette, Kalzium, Phosphor und Magnesium. Wichtig sind der Stoff Selen und Antioxidantien. Dies verlangsamt den Alterungsprozess und stimuliert das Immunsystem.HerkunftParan\u00fcsse, auch Paran\u00fcsse genannt, kommen aus S\u00fcdamerika, darunter Peru, Bolivien, Kolumbien und Brasilien. In dieser Amazonasregion wachsen etwa 9 Millionen B\u00e4ume.\" \/>\n<meta name=\"robots\" content=\"index, follow, max-snippet:-1, max-image-preview:large, max-video-preview:-1\" \/>\n<link rel=\"canonical\" href=\"https:\/\/notenbeurs.nl\/de\/paranuesse\/\" \/>\n<meta property=\"og:locale\" content=\"de_DE\" \/>\n<meta property=\"og:type\" content=\"article\" \/>\n<meta property=\"og:title\" content=\"Paran\u00fcsse - De NotenBeurs\" \/>\n<meta property=\"og:description\" content=\"Paran\u00fcsse oder Paran\u00fcsse sind nahrhaft und enthalten viele Proteine, Fette, Kalzium, Phosphor und Magnesium. Wichtig sind der Stoff Selen und Antioxidantien. Dies verlangsamt den Alterungsprozess und stimuliert das Immunsystem.HerkunftParan\u00fcsse, auch Paran\u00fcsse genannt, kommen aus S\u00fcdamerika, darunter Peru, Bolivien, Kolumbien und Brasilien. In dieser Amazonasregion wachsen etwa 9 Millionen B\u00e4ume.\" \/>\n<meta property=\"og:url\" content=\"https:\/\/notenbeurs.nl\/de\/paranuesse\/\" \/>\n<meta property=\"og:site_name\" content=\"De NotenBeurs\" \/>\n<meta property=\"article:publisher\" content=\"https:\/\/www.facebook.com\/deNotenbeurs\/\" \/>\n<meta property=\"article:modified_time\" content=\"2024-11-01T12:52:05+00:00\" \/>\n<meta property=\"og:image\" content=\"https:\/\/notenbeurs.nl\/wp-content\/uploads\/2021\/03\/DNB251618-5.jpg\" \/>\n\t<meta property=\"og:image:width\" content=\"1300\" \/>\n\t<meta property=\"og:image:height\" content=\"1300\" \/>\n\t<meta property=\"og:image:type\" content=\"image\/jpeg\" \/>\n<meta name=\"twitter:label1\" content=\"Gesch\u00e4tzte Lesezeit\" \/>\n\t<meta name=\"twitter:data1\" content=\"1\u00a0Minute\" \/>\n<script type=\"application\/ld+json\" class=\"yoast-schema-graph\">{\"@context\":\"https:\/\/schema.org\",\"@graph\":[{\"@type\":\"WebPage\",\"@id\":\"https:\/\/notenbeurs.nl\/de\/paranuesse\/\",\"url\":\"https:\/\/notenbeurs.nl\/de\/paranuesse\/\",\"name\":\"Paran\u00fcsse - De NotenBeurs\",\"isPartOf\":{\"@id\":\"https:\/\/notenbeurs.nl\/de\/#website\"},\"primaryImageOfPage\":{\"@id\":\"https:\/\/notenbeurs.nl\/de\/paranuesse\/#primaryimage\"},\"image\":{\"@id\":\"https:\/\/notenbeurs.nl\/de\/paranuesse\/#primaryimage\"},\"thumbnailUrl\":\"https:\/\/notenbeurs.nl\/wp-content\/uploads\/2021\/03\/DNB251618-5.jpg\",\"datePublished\":\"2024-10-22T13:14:04+00:00\",\"dateModified\":\"2024-11-01T12:52:05+00:00\",\"description\":\"Paran\u00fcsse oder Paran\u00fcsse sind nahrhaft und enthalten viele Proteine, Fette, Kalzium, Phosphor und Magnesium. Wichtig sind der Stoff Selen und Antioxidantien. Dies verlangsamt den Alterungsprozess und stimuliert das Immunsystem.HerkunftParan\u00fcsse, auch Paran\u00fcsse genannt, kommen aus S\u00fcdamerika, darunter Peru, Bolivien, Kolumbien und Brasilien. In dieser Amazonasregion wachsen etwa 9 Millionen B\u00e4ume.\",\"breadcrumb\":{\"@id\":\"https:\/\/notenbeurs.nl\/de\/paranuesse\/#breadcrumb\"},\"inLanguage\":\"de\",\"potentialAction\":[{\"@type\":\"ReadAction\",\"target\":[\"https:\/\/notenbeurs.nl\/de\/paranuesse\/\"]}]},{\"@type\":\"ImageObject\",\"inLanguage\":\"de\",\"@id\":\"https:\/\/notenbeurs.nl\/de\/paranuesse\/#primaryimage\",\"url\":\"https:\/\/notenbeurs.nl\/wp-content\/uploads\/2021\/03\/DNB251618-5.jpg\",\"contentUrl\":\"https:\/\/notenbeurs.nl\/wp-content\/uploads\/2021\/03\/DNB251618-5.jpg\",\"width\":1300,\"height\":1300},{\"@type\":\"BreadcrumbList\",\"@id\":\"https:\/\/notenbeurs.nl\/de\/paranuesse\/#breadcrumb\",\"itemListElement\":[{\"@type\":\"ListItem\",\"position\":1,\"name\":\"Home\",\"item\":\"https:\/\/notenbeurs.nl\/de\/\"},{\"@type\":\"ListItem\",\"position\":2,\"name\":\"Paran\u00fcsse\"}]},{\"@type\":\"WebSite\",\"@id\":\"https:\/\/notenbeurs.nl\/de\/#website\",\"url\":\"https:\/\/notenbeurs.nl\/de\/\",\"name\":\"De NotenBeurs\",\"description\":\"Totaal Groothandel in pinda&#039;s, noten en zuidvruchten\",\"publisher\":{\"@id\":\"https:\/\/notenbeurs.nl\/de\/#organization\"},\"potentialAction\":[{\"@type\":\"SearchAction\",\"target\":{\"@type\":\"EntryPoint\",\"urlTemplate\":\"https:\/\/notenbeurs.nl\/de\/?s={search_term_string}\"},\"query-input\":{\"@type\":\"PropertyValueSpecification\",\"valueRequired\":true,\"valueName\":\"search_term_string\"}}],\"inLanguage\":\"de\"},{\"@type\":\"Organization\",\"@id\":\"https:\/\/notenbeurs.nl\/de\/#organization\",\"name\":\"de NotenBeurs\",\"url\":\"https:\/\/notenbeurs.nl\/de\/\",\"logo\":{\"@type\":\"ImageObject\",\"inLanguage\":\"de\",\"@id\":\"https:\/\/notenbeurs.nl\/de\/#\/schema\/logo\/image\/\",\"url\":\"https:\/\/notenbeurs.nl\/wp-content\/uploads\/2024\/04\/DNB-premium-logo-400px-new-1.png\",\"contentUrl\":\"https:\/\/notenbeurs.nl\/wp-content\/uploads\/2024\/04\/DNB-premium-logo-400px-new-1.png\",\"width\":480,\"height\":400,\"caption\":\"de NotenBeurs\"},\"image\":{\"@id\":\"https:\/\/notenbeurs.nl\/de\/#\/schema\/logo\/image\/\"},\"sameAs\":[\"https:\/\/www.facebook.com\/deNotenbeurs\/\",\"https:\/\/nl.linkedin.com\/company\/denotenbeurs\"]}]}<\/script>\n<!-- \/ Yoast SEO plugin. -->","yoast_head_json":{"title":"Paran\u00fcsse - De NotenBeurs","description":"Paran\u00fcsse oder Paran\u00fcsse sind nahrhaft und enthalten viele Proteine, Fette, Kalzium, Phosphor und Magnesium. Wichtig sind der Stoff Selen und Antioxidantien. Dies verlangsamt den Alterungsprozess und stimuliert das Immunsystem.HerkunftParan\u00fcsse, auch Paran\u00fcsse genannt, kommen aus S\u00fcdamerika, darunter Peru, Bolivien, Kolumbien und Brasilien. In dieser Amazonasregion wachsen etwa 9 Millionen B\u00e4ume.","robots":{"index":"index","follow":"follow","max-snippet":"max-snippet:-1","max-image-preview":"max-image-preview:large","max-video-preview":"max-video-preview:-1"},"canonical":"https:\/\/notenbeurs.nl\/de\/paranuesse\/","og_locale":"de_DE","og_type":"article","og_title":"Paran\u00fcsse - De NotenBeurs","og_description":"Paran\u00fcsse oder Paran\u00fcsse sind nahrhaft und enthalten viele Proteine, Fette, Kalzium, Phosphor und Magnesium. Wichtig sind der Stoff Selen und Antioxidantien. Dies verlangsamt den Alterungsprozess und stimuliert das Immunsystem.HerkunftParan\u00fcsse, auch Paran\u00fcsse genannt, kommen aus S\u00fcdamerika, darunter Peru, Bolivien, Kolumbien und Brasilien. In dieser Amazonasregion wachsen etwa 9 Millionen B\u00e4ume.","og_url":"https:\/\/notenbeurs.nl\/de\/paranuesse\/","og_site_name":"De NotenBeurs","article_publisher":"https:\/\/www.facebook.com\/deNotenbeurs\/","article_modified_time":"2024-11-01T12:52:05+00:00","og_image":[{"width":1300,"height":1300,"url":"https:\/\/notenbeurs.nl\/wp-content\/uploads\/2021\/03\/DNB251618-5.jpg","type":"image\/jpeg"}],"twitter_misc":{"Gesch\u00e4tzte Lesezeit":"1\u00a0Minute"},"schema":{"@context":"https:\/\/schema.org","@graph":[{"@type":"WebPage","@id":"https:\/\/notenbeurs.nl\/de\/paranuesse\/","url":"https:\/\/notenbeurs.nl\/de\/paranuesse\/","name":"Paran\u00fcsse - De NotenBeurs","isPartOf":{"@id":"https:\/\/notenbeurs.nl\/de\/#website"},"primaryImageOfPage":{"@id":"https:\/\/notenbeurs.nl\/de\/paranuesse\/#primaryimage"},"image":{"@id":"https:\/\/notenbeurs.nl\/de\/paranuesse\/#primaryimage"},"thumbnailUrl":"https:\/\/notenbeurs.nl\/wp-content\/uploads\/2021\/03\/DNB251618-5.jpg","datePublished":"2024-10-22T13:14:04+00:00","dateModified":"2024-11-01T12:52:05+00:00","description":"Paran\u00fcsse oder Paran\u00fcsse sind nahrhaft und enthalten viele Proteine, Fette, Kalzium, Phosphor und Magnesium. Wichtig sind der Stoff Selen und Antioxidantien. Dies verlangsamt den Alterungsprozess und stimuliert das Immunsystem.HerkunftParan\u00fcsse, auch Paran\u00fcsse genannt, kommen aus S\u00fcdamerika, darunter Peru, Bolivien, Kolumbien und Brasilien. In dieser Amazonasregion wachsen etwa 9 Millionen B\u00e4ume.","breadcrumb":{"@id":"https:\/\/notenbeurs.nl\/de\/paranuesse\/#breadcrumb"},"inLanguage":"de","potentialAction":[{"@type":"ReadAction","target":["https:\/\/notenbeurs.nl\/de\/paranuesse\/"]}]},{"@type":"ImageObject","inLanguage":"de","@id":"https:\/\/notenbeurs.nl\/de\/paranuesse\/#primaryimage","url":"https:\/\/notenbeurs.nl\/wp-content\/uploads\/2021\/03\/DNB251618-5.jpg","contentUrl":"https:\/\/notenbeurs.nl\/wp-content\/uploads\/2021\/03\/DNB251618-5.jpg","width":1300,"height":1300},{"@type":"BreadcrumbList","@id":"https:\/\/notenbeurs.nl\/de\/paranuesse\/#breadcrumb","itemListElement":[{"@type":"ListItem","position":1,"name":"Home","item":"https:\/\/notenbeurs.nl\/de\/"},{"@type":"ListItem","position":2,"name":"Paran\u00fcsse"}]},{"@type":"WebSite","@id":"https:\/\/notenbeurs.nl\/de\/#website","url":"https:\/\/notenbeurs.nl\/de\/","name":"De NotenBeurs","description":"Totaal Groothandel in pinda&#039;s, noten en zuidvruchten","publisher":{"@id":"https:\/\/notenbeurs.nl\/de\/#organization"},"potentialAction":[{"@type":"SearchAction","target":{"@type":"EntryPoint","urlTemplate":"https:\/\/notenbeurs.nl\/de\/?s={search_term_string}"},"query-input":{"@type":"PropertyValueSpecification","valueRequired":true,"valueName":"search_term_string"}}],"inLanguage":"de"},{"@type":"Organization","@id":"https:\/\/notenbeurs.nl\/de\/#organization","name":"de NotenBeurs","url":"https:\/\/notenbeurs.nl\/de\/","logo":{"@type":"ImageObject","inLanguage":"de","@id":"https:\/\/notenbeurs.nl\/de\/#\/schema\/logo\/image\/","url":"https:\/\/notenbeurs.nl\/wp-content\/uploads\/2024\/04\/DNB-premium-logo-400px-new-1.png","contentUrl":"https:\/\/notenbeurs.nl\/wp-content\/uploads\/2024\/04\/DNB-premium-logo-400px-new-1.png","width":480,"height":400,"caption":"de NotenBeurs"},"image":{"@id":"https:\/\/notenbeurs.nl\/de\/#\/schema\/logo\/image\/"},"sameAs":["https:\/\/www.facebook.com\/deNotenbeurs\/","https:\/\/nl.linkedin.com\/company\/denotenbeurs"]}]}},"_links":{"self":[{"href":"https:\/\/notenbeurs.nl\/de\/wp-json\/wp\/v2\/pages\/188753","targetHints":{"allow":["GET"]}}],"collection":[{"href":"https:\/\/notenbeurs.nl\/de\/wp-json\/wp\/v2\/pages"}],"about":[{"href":"https:\/\/notenbeurs.nl\/de\/wp-json\/wp\/v2\/types\/page"}],"author":[{"embeddable":true,"href":"https:\/\/notenbeurs.nl\/de\/wp-json\/wp\/v2\/users\/7"}],"replies":[{"embeddable":true,"href":"https:\/\/notenbeurs.nl\/de\/wp-json\/wp\/v2\/comments?post=188753"}],"version-history":[{"count":6,"href":"https:\/\/notenbeurs.nl\/de\/wp-json\/wp\/v2\/pages\/188753\/revisions"}],"predecessor-version":[{"id":189296,"href":"https:\/\/notenbeurs.nl\/de\/wp-json\/wp\/v2\/pages\/188753\/revisions\/189296"}],"wp:featuredmedia":[{"embeddable":true,"href":"https:\/\/notenbeurs.nl\/de\/wp-json\/wp\/v2\/media\/188754"}],"wp:attachment":[{"href":"https:\/\/notenbeurs.nl\/de\/wp-json\/wp\/v2\/media?parent=188753"}],"curies":[{"name":"wp","href":"https:\/\/api.w.org\/{rel}","templated":true}]}}