{"id":188763,"date":"2024-10-22T14:25:17","date_gmt":"2024-10-22T13:25:17","guid":{"rendered":"https:\/\/notenbeurs.nl\/?page_id=188763"},"modified":"2024-11-01T14:30:26","modified_gmt":"2024-11-01T13:30:26","slug":"erdnuesse","status":"publish","type":"page","link":"https:\/\/notenbeurs.nl\/de\/erdnuesse\/","title":{"rendered":"Erdn\u00fcsse"},"content":{"rendered":"<h1><strong>Erdn\u00fcsse<\/strong><\/h1>\n<p><strong>Eigenschaften<\/strong><br \/>\nDie Erdnuss ist eine H\u00fclsenfrucht und eigentlich keine Nuss. Es w\u00e4chst im Boden, genau wie Kartoffeln. Die Pflanze bringt gelb gef\u00e4rbte Bl\u00fcten hervor und die Erdnuss selbst w\u00e4chst in einer Schale, die man Schale nennt. Die Erdnuss selbst hat noch eine braune Membran, die man einfach essen kann, die sogenannten Vlies-Erdn\u00fcsse. Erdn\u00fcsse ohne Schale werden als blanchiert bezeichnet. Erdn\u00fcsse sind urspr\u00fcnglich keine N\u00fcsse, sondern H\u00fclsenfr\u00fcchte. Erdn\u00fcsse sind die bekanntesten N\u00fcsse der Nusswelt und gleichzeitig die g\u00fcnstigsten N\u00fcsse auf dem Markt.<\/p>\n<p><strong>Herkunft<\/strong><br \/>\nDer Ursprung der Erdnuss ist unbekannt, aber die Erdn\u00fcsse sind sehr alt. Sie wurden etwa 950 Jahre vor Christus gefunden. Sie wurden zun\u00e4chst in den L\u00e4ndern Brasilien und Peru entdeckt und von dort nach Afrika und schlie\u00dflich nach Amerika gebracht. Heute sind China, Israel, die Vereinigten Staaten, \u00c4gypten, Argentinien und S\u00fcdafrika die gr\u00f6\u00dften Erdnussproduzenten. Israel und \u00c4gypten produzieren haupts\u00e4chlich Rohn\u00fcsse in der Schale f\u00fcr den Export.<\/p>\n<p><strong>Anwendung<\/strong><br \/>\nErdn\u00fcsse werden von vielen Menschen t\u00e4glich gegessen. Weniger als lose Erdnuss, sondern oft als Brotaufstrich, n\u00e4mlich Erdnussbutter. Dar\u00fcber hinaus gibt es viele indonesische Gerichte, in denen Erdn\u00fcsse verwendet werden. Denken Sie nur an Satay-Sauce und Rempejek (w\u00fcrzige Erdnusskekse). Nat\u00fcrlich findet man sie oft in Nussmischungen aller Art.<\/p>\n<p><strong>Gesund oder nicht?<\/strong><br \/>\nErdn\u00fcsse enthalten einen hohen Anteil an gesunden, unges\u00e4ttigten Fetts\u00e4uren. Diese Fetts\u00e4uren senken den LDL-Cholesterinspiegel in Ihrem Blut und verringern so das Risiko von Herz-Kreislauf-Erkrankungen. Erdn\u00fcsse sind gesund. Diese Erdnuss steckt voller wichtiger Mineralien und Vitamine und ist neben Proteinen auch eine gute Ballaststoffquelle. Nach Meinung des Ern\u00e4hrungszentrums sind Erdn\u00fcsse genauso gesund wie N\u00fcsse. Bedenken Sie jedoch, dass Erdn\u00fcsse mehr Kohlenhydrate enthalten als N\u00fcsse. Wenn Sie abnehmen m\u00f6chten, m\u00f6chten Sie so wenig Kohlenhydrate wie m\u00f6glich zu sich nehmen. W\u00e4hlen Sie daher eine Handvoll N\u00fcsse und keine Erdn\u00fcsse, wenn Sie ein paar Kilo abnehmen m\u00f6chten. Es liegt vor allem daran, wie man Erdn\u00fcsse isst. N\u00e4mlich gesalzen oder ungesalzen. W\u00e4hlen Sie ungesalzene Erdn\u00fcsse, dann sind Sie hier genau richtig.<\/p>\n<p><strong>F\u00fcr weitere Informationen wenden Sie sich bitte an unsere Verk\u00e4ufer.<br \/>\n<\/strong>Rufen Sie an unter <a href=\"tel:0031180637063\">+31180 63 70 63<\/a> oder schreiben Sie eine E-Mail an <a href=\"mailto:orders@notenbeurs.nl\" target=\"_blank\" rel=\"noopener\">orders@notenbeurs.nl<\/a><\/p>\n<p>&nbsp;<\/p>\n","protected":false},"excerpt":{"rendered":"<p>Erdn\u00fcsse Eigenschaften Die Erdnuss ist eine H\u00fclsenfrucht und eigentlich keine Nuss. Es w\u00e4chst im Boden, genau wie Kartoffeln. Die Pflanze bringt gelb gef\u00e4rbte Bl\u00fcten hervor und die Erdnuss selbst w\u00e4chst in einer Schale, die man Schale nennt. Die Erdnuss selbst hat noch eine braune Membran, die man einfach essen kann, die sogenannten Vlies-Erdn\u00fcsse. Erdn\u00fcsse ohne [&hellip;]<\/p>\n","protected":false},"author":7,"featured_media":188764,"parent":0,"menu_order":0,"comment_status":"closed","ping_status":"closed","template":"","meta":{"footnotes":""},"class_list":["post-188763","page","type-page","status-publish","has-post-thumbnail","hentry"],"yoast_head":"<!-- This site is optimized with the Yoast SEO plugin v26.9 - https:\/\/yoast.com\/product\/yoast-seo-wordpress\/ -->\n<title>Erdn\u00fcsse - De NotenBeurs<\/title>\n<meta name=\"description\" content=\"Die Erdnuss ist eine H\u00fclsenfrucht und eigentlich keine Nuss. Es w\u00e4chst im Boden, genau wie Kartoffeln. Die Pflanze bringt gelb gef\u00e4rbte Bl\u00fcten hervor und die Erdnuss selbst w\u00e4chst in einer Schale, die man Schale nennt. Die Erdnuss selbst hat noch eine braune Membran, die man einfach essen kann, die sogenannten Vlies-Erdn\u00fcsse. Erdn\u00fcsse ohne Schale werden als blanchiert bezeichnet. Erdn\u00fcsse sind urspr\u00fcnglich keine N\u00fcsse, sondern H\u00fclsenfr\u00fcchte. Erdn\u00fcsse sind die bekanntesten N\u00fcsse der Nusswelt und gleichzeitig die g\u00fcnstigsten N\u00fcsse auf dem Markt.\" \/>\n<meta name=\"robots\" content=\"index, follow, max-snippet:-1, max-image-preview:large, max-video-preview:-1\" \/>\n<link rel=\"canonical\" href=\"https:\/\/notenbeurs.nl\/de\/erdnuesse\/\" \/>\n<meta property=\"og:locale\" content=\"de_DE\" \/>\n<meta property=\"og:type\" content=\"article\" \/>\n<meta property=\"og:title\" content=\"Erdn\u00fcsse - De NotenBeurs\" \/>\n<meta property=\"og:description\" content=\"Die Erdnuss ist eine H\u00fclsenfrucht und eigentlich keine Nuss. Es w\u00e4chst im Boden, genau wie Kartoffeln. Die Pflanze bringt gelb gef\u00e4rbte Bl\u00fcten hervor und die Erdnuss selbst w\u00e4chst in einer Schale, die man Schale nennt. Die Erdnuss selbst hat noch eine braune Membran, die man einfach essen kann, die sogenannten Vlies-Erdn\u00fcsse. Erdn\u00fcsse ohne Schale werden als blanchiert bezeichnet. Erdn\u00fcsse sind urspr\u00fcnglich keine N\u00fcsse, sondern H\u00fclsenfr\u00fcchte. Erdn\u00fcsse sind die bekanntesten N\u00fcsse der Nusswelt und gleichzeitig die g\u00fcnstigsten N\u00fcsse auf dem Markt.\" \/>\n<meta property=\"og:url\" content=\"https:\/\/notenbeurs.nl\/de\/erdnuesse\/\" \/>\n<meta property=\"og:site_name\" content=\"De NotenBeurs\" \/>\n<meta property=\"article:publisher\" content=\"https:\/\/www.facebook.com\/deNotenbeurs\/\" \/>\n<meta property=\"article:modified_time\" content=\"2024-11-01T13:30:26+00:00\" \/>\n<meta property=\"og:image\" content=\"https:\/\/notenbeurs.nl\/wp-content\/uploads\/2021\/03\/DNB127656-5.jpg\" \/>\n\t<meta property=\"og:image:width\" content=\"1300\" \/>\n\t<meta property=\"og:image:height\" content=\"1300\" \/>\n\t<meta property=\"og:image:type\" content=\"image\/jpeg\" \/>\n<meta name=\"twitter:label1\" content=\"Gesch\u00e4tzte Lesezeit\" \/>\n\t<meta name=\"twitter:data1\" content=\"2\u00a0Minuten\" \/>\n<script type=\"application\/ld+json\" class=\"yoast-schema-graph\">{\"@context\":\"https:\/\/schema.org\",\"@graph\":[{\"@type\":\"WebPage\",\"@id\":\"https:\/\/notenbeurs.nl\/de\/erdnuesse\/\",\"url\":\"https:\/\/notenbeurs.nl\/de\/erdnuesse\/\",\"name\":\"Erdn\u00fcsse - De NotenBeurs\",\"isPartOf\":{\"@id\":\"https:\/\/notenbeurs.nl\/de\/#website\"},\"primaryImageOfPage\":{\"@id\":\"https:\/\/notenbeurs.nl\/de\/erdnuesse\/#primaryimage\"},\"image\":{\"@id\":\"https:\/\/notenbeurs.nl\/de\/erdnuesse\/#primaryimage\"},\"thumbnailUrl\":\"https:\/\/notenbeurs.nl\/wp-content\/uploads\/2021\/03\/DNB127656-5.jpg\",\"datePublished\":\"2024-10-22T13:25:17+00:00\",\"dateModified\":\"2024-11-01T13:30:26+00:00\",\"description\":\"Die Erdnuss ist eine H\u00fclsenfrucht und eigentlich keine Nuss. Es w\u00e4chst im Boden, genau wie Kartoffeln. Die Pflanze bringt gelb gef\u00e4rbte Bl\u00fcten hervor und die Erdnuss selbst w\u00e4chst in einer Schale, die man Schale nennt. Die Erdnuss selbst hat noch eine braune Membran, die man einfach essen kann, die sogenannten Vlies-Erdn\u00fcsse. Erdn\u00fcsse ohne Schale werden als blanchiert bezeichnet. Erdn\u00fcsse sind urspr\u00fcnglich keine N\u00fcsse, sondern H\u00fclsenfr\u00fcchte. Erdn\u00fcsse sind die bekanntesten N\u00fcsse der Nusswelt und gleichzeitig die g\u00fcnstigsten N\u00fcsse auf dem Markt.\",\"breadcrumb\":{\"@id\":\"https:\/\/notenbeurs.nl\/de\/erdnuesse\/#breadcrumb\"},\"inLanguage\":\"de\",\"potentialAction\":[{\"@type\":\"ReadAction\",\"target\":[\"https:\/\/notenbeurs.nl\/de\/erdnuesse\/\"]}]},{\"@type\":\"ImageObject\",\"inLanguage\":\"de\",\"@id\":\"https:\/\/notenbeurs.nl\/de\/erdnuesse\/#primaryimage\",\"url\":\"https:\/\/notenbeurs.nl\/wp-content\/uploads\/2021\/03\/DNB127656-5.jpg\",\"contentUrl\":\"https:\/\/notenbeurs.nl\/wp-content\/uploads\/2021\/03\/DNB127656-5.jpg\",\"width\":1300,\"height\":1300},{\"@type\":\"BreadcrumbList\",\"@id\":\"https:\/\/notenbeurs.nl\/de\/erdnuesse\/#breadcrumb\",\"itemListElement\":[{\"@type\":\"ListItem\",\"position\":1,\"name\":\"Home\",\"item\":\"https:\/\/notenbeurs.nl\/de\/\"},{\"@type\":\"ListItem\",\"position\":2,\"name\":\"Erdn\u00fcsse\"}]},{\"@type\":\"WebSite\",\"@id\":\"https:\/\/notenbeurs.nl\/de\/#website\",\"url\":\"https:\/\/notenbeurs.nl\/de\/\",\"name\":\"De NotenBeurs\",\"description\":\"Totaal Groothandel in pinda&#039;s, noten en zuidvruchten\",\"publisher\":{\"@id\":\"https:\/\/notenbeurs.nl\/de\/#organization\"},\"potentialAction\":[{\"@type\":\"SearchAction\",\"target\":{\"@type\":\"EntryPoint\",\"urlTemplate\":\"https:\/\/notenbeurs.nl\/de\/?s={search_term_string}\"},\"query-input\":{\"@type\":\"PropertyValueSpecification\",\"valueRequired\":true,\"valueName\":\"search_term_string\"}}],\"inLanguage\":\"de\"},{\"@type\":\"Organization\",\"@id\":\"https:\/\/notenbeurs.nl\/de\/#organization\",\"name\":\"de NotenBeurs\",\"url\":\"https:\/\/notenbeurs.nl\/de\/\",\"logo\":{\"@type\":\"ImageObject\",\"inLanguage\":\"de\",\"@id\":\"https:\/\/notenbeurs.nl\/de\/#\/schema\/logo\/image\/\",\"url\":\"https:\/\/notenbeurs.nl\/wp-content\/uploads\/2024\/04\/DNB-premium-logo-400px-new-1.png\",\"contentUrl\":\"https:\/\/notenbeurs.nl\/wp-content\/uploads\/2024\/04\/DNB-premium-logo-400px-new-1.png\",\"width\":480,\"height\":400,\"caption\":\"de NotenBeurs\"},\"image\":{\"@id\":\"https:\/\/notenbeurs.nl\/de\/#\/schema\/logo\/image\/\"},\"sameAs\":[\"https:\/\/www.facebook.com\/deNotenbeurs\/\",\"https:\/\/nl.linkedin.com\/company\/denotenbeurs\"]}]}<\/script>\n<!-- \/ Yoast SEO plugin. -->","yoast_head_json":{"title":"Erdn\u00fcsse - De NotenBeurs","description":"Die Erdnuss ist eine H\u00fclsenfrucht und eigentlich keine Nuss. Es w\u00e4chst im Boden, genau wie Kartoffeln. Die Pflanze bringt gelb gef\u00e4rbte Bl\u00fcten hervor und die Erdnuss selbst w\u00e4chst in einer Schale, die man Schale nennt. Die Erdnuss selbst hat noch eine braune Membran, die man einfach essen kann, die sogenannten Vlies-Erdn\u00fcsse. Erdn\u00fcsse ohne Schale werden als blanchiert bezeichnet. Erdn\u00fcsse sind urspr\u00fcnglich keine N\u00fcsse, sondern H\u00fclsenfr\u00fcchte. Erdn\u00fcsse sind die bekanntesten N\u00fcsse der Nusswelt und gleichzeitig die g\u00fcnstigsten N\u00fcsse auf dem Markt.","robots":{"index":"index","follow":"follow","max-snippet":"max-snippet:-1","max-image-preview":"max-image-preview:large","max-video-preview":"max-video-preview:-1"},"canonical":"https:\/\/notenbeurs.nl\/de\/erdnuesse\/","og_locale":"de_DE","og_type":"article","og_title":"Erdn\u00fcsse - De NotenBeurs","og_description":"Die Erdnuss ist eine H\u00fclsenfrucht und eigentlich keine Nuss. Es w\u00e4chst im Boden, genau wie Kartoffeln. Die Pflanze bringt gelb gef\u00e4rbte Bl\u00fcten hervor und die Erdnuss selbst w\u00e4chst in einer Schale, die man Schale nennt. Die Erdnuss selbst hat noch eine braune Membran, die man einfach essen kann, die sogenannten Vlies-Erdn\u00fcsse. Erdn\u00fcsse ohne Schale werden als blanchiert bezeichnet. Erdn\u00fcsse sind urspr\u00fcnglich keine N\u00fcsse, sondern H\u00fclsenfr\u00fcchte. Erdn\u00fcsse sind die bekanntesten N\u00fcsse der Nusswelt und gleichzeitig die g\u00fcnstigsten N\u00fcsse auf dem Markt.","og_url":"https:\/\/notenbeurs.nl\/de\/erdnuesse\/","og_site_name":"De NotenBeurs","article_publisher":"https:\/\/www.facebook.com\/deNotenbeurs\/","article_modified_time":"2024-11-01T13:30:26+00:00","og_image":[{"width":1300,"height":1300,"url":"https:\/\/notenbeurs.nl\/wp-content\/uploads\/2021\/03\/DNB127656-5.jpg","type":"image\/jpeg"}],"twitter_misc":{"Gesch\u00e4tzte Lesezeit":"2\u00a0Minuten"},"schema":{"@context":"https:\/\/schema.org","@graph":[{"@type":"WebPage","@id":"https:\/\/notenbeurs.nl\/de\/erdnuesse\/","url":"https:\/\/notenbeurs.nl\/de\/erdnuesse\/","name":"Erdn\u00fcsse - De NotenBeurs","isPartOf":{"@id":"https:\/\/notenbeurs.nl\/de\/#website"},"primaryImageOfPage":{"@id":"https:\/\/notenbeurs.nl\/de\/erdnuesse\/#primaryimage"},"image":{"@id":"https:\/\/notenbeurs.nl\/de\/erdnuesse\/#primaryimage"},"thumbnailUrl":"https:\/\/notenbeurs.nl\/wp-content\/uploads\/2021\/03\/DNB127656-5.jpg","datePublished":"2024-10-22T13:25:17+00:00","dateModified":"2024-11-01T13:30:26+00:00","description":"Die Erdnuss ist eine H\u00fclsenfrucht und eigentlich keine Nuss. Es w\u00e4chst im Boden, genau wie Kartoffeln. Die Pflanze bringt gelb gef\u00e4rbte Bl\u00fcten hervor und die Erdnuss selbst w\u00e4chst in einer Schale, die man Schale nennt. Die Erdnuss selbst hat noch eine braune Membran, die man einfach essen kann, die sogenannten Vlies-Erdn\u00fcsse. Erdn\u00fcsse ohne Schale werden als blanchiert bezeichnet. Erdn\u00fcsse sind urspr\u00fcnglich keine N\u00fcsse, sondern H\u00fclsenfr\u00fcchte. Erdn\u00fcsse sind die bekanntesten N\u00fcsse der Nusswelt und gleichzeitig die g\u00fcnstigsten N\u00fcsse auf dem Markt.","breadcrumb":{"@id":"https:\/\/notenbeurs.nl\/de\/erdnuesse\/#breadcrumb"},"inLanguage":"de","potentialAction":[{"@type":"ReadAction","target":["https:\/\/notenbeurs.nl\/de\/erdnuesse\/"]}]},{"@type":"ImageObject","inLanguage":"de","@id":"https:\/\/notenbeurs.nl\/de\/erdnuesse\/#primaryimage","url":"https:\/\/notenbeurs.nl\/wp-content\/uploads\/2021\/03\/DNB127656-5.jpg","contentUrl":"https:\/\/notenbeurs.nl\/wp-content\/uploads\/2021\/03\/DNB127656-5.jpg","width":1300,"height":1300},{"@type":"BreadcrumbList","@id":"https:\/\/notenbeurs.nl\/de\/erdnuesse\/#breadcrumb","itemListElement":[{"@type":"ListItem","position":1,"name":"Home","item":"https:\/\/notenbeurs.nl\/de\/"},{"@type":"ListItem","position":2,"name":"Erdn\u00fcsse"}]},{"@type":"WebSite","@id":"https:\/\/notenbeurs.nl\/de\/#website","url":"https:\/\/notenbeurs.nl\/de\/","name":"De NotenBeurs","description":"Totaal Groothandel in pinda&#039;s, noten en zuidvruchten","publisher":{"@id":"https:\/\/notenbeurs.nl\/de\/#organization"},"potentialAction":[{"@type":"SearchAction","target":{"@type":"EntryPoint","urlTemplate":"https:\/\/notenbeurs.nl\/de\/?s={search_term_string}"},"query-input":{"@type":"PropertyValueSpecification","valueRequired":true,"valueName":"search_term_string"}}],"inLanguage":"de"},{"@type":"Organization","@id":"https:\/\/notenbeurs.nl\/de\/#organization","name":"de NotenBeurs","url":"https:\/\/notenbeurs.nl\/de\/","logo":{"@type":"ImageObject","inLanguage":"de","@id":"https:\/\/notenbeurs.nl\/de\/#\/schema\/logo\/image\/","url":"https:\/\/notenbeurs.nl\/wp-content\/uploads\/2024\/04\/DNB-premium-logo-400px-new-1.png","contentUrl":"https:\/\/notenbeurs.nl\/wp-content\/uploads\/2024\/04\/DNB-premium-logo-400px-new-1.png","width":480,"height":400,"caption":"de NotenBeurs"},"image":{"@id":"https:\/\/notenbeurs.nl\/de\/#\/schema\/logo\/image\/"},"sameAs":["https:\/\/www.facebook.com\/deNotenbeurs\/","https:\/\/nl.linkedin.com\/company\/denotenbeurs"]}]}},"_links":{"self":[{"href":"https:\/\/notenbeurs.nl\/de\/wp-json\/wp\/v2\/pages\/188763","targetHints":{"allow":["GET"]}}],"collection":[{"href":"https:\/\/notenbeurs.nl\/de\/wp-json\/wp\/v2\/pages"}],"about":[{"href":"https:\/\/notenbeurs.nl\/de\/wp-json\/wp\/v2\/types\/page"}],"author":[{"embeddable":true,"href":"https:\/\/notenbeurs.nl\/de\/wp-json\/wp\/v2\/users\/7"}],"replies":[{"embeddable":true,"href":"https:\/\/notenbeurs.nl\/de\/wp-json\/wp\/v2\/comments?post=188763"}],"version-history":[{"count":5,"href":"https:\/\/notenbeurs.nl\/de\/wp-json\/wp\/v2\/pages\/188763\/revisions"}],"predecessor-version":[{"id":189314,"href":"https:\/\/notenbeurs.nl\/de\/wp-json\/wp\/v2\/pages\/188763\/revisions\/189314"}],"wp:featuredmedia":[{"embeddable":true,"href":"https:\/\/notenbeurs.nl\/de\/wp-json\/wp\/v2\/media\/188764"}],"wp:attachment":[{"href":"https:\/\/notenbeurs.nl\/de\/wp-json\/wp\/v2\/media?parent=188763"}],"curies":[{"name":"wp","href":"https:\/\/api.w.org\/{rel}","templated":true}]}}