{"id":188769,"date":"2024-10-22T14:30:09","date_gmt":"2024-10-22T13:30:09","guid":{"rendered":"https:\/\/notenbeurs.nl\/?page_id=188769"},"modified":"2024-10-23T10:21:01","modified_gmt":"2024-10-23T09:21:01","slug":"pistazienn","status":"publish","type":"page","link":"https:\/\/notenbeurs.nl\/de\/pistazienn\/","title":{"rendered":"Pistazienn"},"content":{"rendered":"<h1><strong>Pistazienn<\/strong><\/h1>\n<p><strong>Eigenschaften<\/strong><br \/>\nPistazien enthalten wie andere N\u00fcsse viele unges\u00e4ttigte Fette. Das sind die \u201eguten\u201c Fette. Im Vergleich zu anderen N\u00fcssen enth\u00e4lt die Pistazie weniger Kalorien und mehr Ballaststoffe, was sich positiv auf die Gewichtserhaltung auswirkt. Wer also auf sein Gewicht achten m\u00f6chte, ist mit der Pistazie genau richtig. Ein weiterer Vorteil ist der Phosphorgehalt, der zusammen mit Kalzium gut f\u00fcr Knochen und Z\u00e4hne ist.<\/p>\n<p><strong>Herkunft<\/strong><br \/>\nDer urspr\u00fcngliche Ursprung der Pistazien ist unbekannt, es ist jedoch fast sicher, dass sie aus dem Nahen Osten stammen. Mittlerweile findet man Pistazien in L\u00e4ndern wie Afghanistan, Iran, der T\u00fcrkei, Syrien, Griechenland, Italien und Amerika.<\/p>\n<p><strong>Anwendung<\/strong><br \/>\nDie Pistaziennuss hat einen einzigartigen typischen Pistaziengeschmack, ist leicht s\u00fc\u00dflich und l\u00e4sst sich gut in s\u00fc\u00dfen Gerichten kombinieren.<\/p>\n<p><strong>Bibel<\/strong><br \/>\nDie Pistazien werden auch als der urspr\u00fcngliche Snack der Urzeit bezeichnet! Es ist auch einer der \u00e4ltesten bl\u00fchenden Nussb\u00e4ume. Seit mindestens 9.000 Jahren essen Menschen Pistazien. Dar\u00fcber hinaus sind Pistazien eine von nur zwei N\u00fcssen, die in der Bibel erw\u00e4hnt werden.<\/p>\n<p>&nbsp;<\/p>\n<p><strong>F\u00fcr weitere Informationen wenden Sie sich bitte an unsere Verk\u00e4ufer.<\/strong><\/p>\n<p>Rufen Sie +31180 63 70 63 an oder senden Sie eine E-Mail an <a href=\"mailto:orders@notenbeurs.nl\">orders@notenbeurs.nl<\/a><\/p>\n<p>&nbsp;<\/p>\n","protected":false},"excerpt":{"rendered":"<p>Pistazienn Eigenschaften Pistazien enthalten wie andere N\u00fcsse viele unges\u00e4ttigte Fette. Das sind die \u201eguten\u201c Fette. Im Vergleich zu anderen N\u00fcssen enth\u00e4lt die Pistazie weniger Kalorien und mehr Ballaststoffe, was sich positiv auf die Gewichtserhaltung auswirkt. Wer also auf sein Gewicht achten m\u00f6chte, ist mit der Pistazie genau richtig. Ein weiterer Vorteil ist der Phosphorgehalt, der [&hellip;]<\/p>\n","protected":false},"author":7,"featured_media":188770,"parent":0,"menu_order":0,"comment_status":"closed","ping_status":"closed","template":"","meta":{"footnotes":""},"class_list":["post-188769","page","type-page","status-publish","has-post-thumbnail","hentry"],"yoast_head":"<!-- This site is optimized with the Yoast SEO plugin v26.9 - https:\/\/yoast.com\/product\/yoast-seo-wordpress\/ -->\n<title>Pistazienn - De NotenBeurs<\/title>\n<meta name=\"description\" content=\"Pistazien enthalten wie andere N\u00fcsse viele unges\u00e4ttigte Fette. Das sind die \u201eguten\u201c Fette. Im Vergleich zu anderen N\u00fcssen enth\u00e4lt die Pistazie weniger Kalorien und mehr Ballaststoffe, was sich positiv auf die Gewichtserhaltung auswirkt. Wer also auf sein Gewicht achten m\u00f6chte, ist mit der Pistazie genau richtig. Ein weiterer Vorteil ist der Phosphorgehalt, der zusammen mit Kalzium gut f\u00fcr Knochen und Z\u00e4hne ist.\" \/>\n<meta name=\"robots\" content=\"index, follow, max-snippet:-1, max-image-preview:large, max-video-preview:-1\" \/>\n<link rel=\"canonical\" href=\"https:\/\/notenbeurs.nl\/de\/pistazienn\/\" \/>\n<meta property=\"og:locale\" content=\"de_DE\" \/>\n<meta property=\"og:type\" content=\"article\" \/>\n<meta property=\"og:title\" content=\"Pistazienn - De NotenBeurs\" \/>\n<meta property=\"og:description\" content=\"Pistazien enthalten wie andere N\u00fcsse viele unges\u00e4ttigte Fette. Das sind die \u201eguten\u201c Fette. Im Vergleich zu anderen N\u00fcssen enth\u00e4lt die Pistazie weniger Kalorien und mehr Ballaststoffe, was sich positiv auf die Gewichtserhaltung auswirkt. Wer also auf sein Gewicht achten m\u00f6chte, ist mit der Pistazie genau richtig. Ein weiterer Vorteil ist der Phosphorgehalt, der zusammen mit Kalzium gut f\u00fcr Knochen und Z\u00e4hne ist.\" \/>\n<meta property=\"og:url\" content=\"https:\/\/notenbeurs.nl\/de\/pistazienn\/\" \/>\n<meta property=\"og:site_name\" content=\"De NotenBeurs\" \/>\n<meta property=\"article:publisher\" content=\"https:\/\/www.facebook.com\/deNotenbeurs\/\" \/>\n<meta property=\"article:modified_time\" content=\"2024-10-23T09:21:01+00:00\" \/>\n<meta property=\"og:image\" content=\"https:\/\/notenbeurs.nl\/wp-content\/uploads\/2021\/03\/DNB281445-5.jpg\" \/>\n\t<meta property=\"og:image:width\" content=\"1300\" \/>\n\t<meta property=\"og:image:height\" content=\"1300\" \/>\n\t<meta property=\"og:image:type\" content=\"image\/jpeg\" \/>\n<meta name=\"twitter:label1\" content=\"Gesch\u00e4tzte Lesezeit\" \/>\n\t<meta name=\"twitter:data1\" content=\"1\u00a0Minute\" \/>\n<script type=\"application\/ld+json\" class=\"yoast-schema-graph\">{\"@context\":\"https:\/\/schema.org\",\"@graph\":[{\"@type\":\"WebPage\",\"@id\":\"https:\/\/notenbeurs.nl\/de\/pistazienn\/\",\"url\":\"https:\/\/notenbeurs.nl\/de\/pistazienn\/\",\"name\":\"Pistazienn - De NotenBeurs\",\"isPartOf\":{\"@id\":\"https:\/\/notenbeurs.nl\/de\/#website\"},\"primaryImageOfPage\":{\"@id\":\"https:\/\/notenbeurs.nl\/de\/pistazienn\/#primaryimage\"},\"image\":{\"@id\":\"https:\/\/notenbeurs.nl\/de\/pistazienn\/#primaryimage\"},\"thumbnailUrl\":\"https:\/\/notenbeurs.nl\/wp-content\/uploads\/2021\/03\/DNB281445-5.jpg\",\"datePublished\":\"2024-10-22T13:30:09+00:00\",\"dateModified\":\"2024-10-23T09:21:01+00:00\",\"description\":\"Pistazien enthalten wie andere N\u00fcsse viele unges\u00e4ttigte Fette. Das sind die \u201eguten\u201c Fette. Im Vergleich zu anderen N\u00fcssen enth\u00e4lt die Pistazie weniger Kalorien und mehr Ballaststoffe, was sich positiv auf die Gewichtserhaltung auswirkt. Wer also auf sein Gewicht achten m\u00f6chte, ist mit der Pistazie genau richtig. Ein weiterer Vorteil ist der Phosphorgehalt, der zusammen mit Kalzium gut f\u00fcr Knochen und Z\u00e4hne ist.\",\"breadcrumb\":{\"@id\":\"https:\/\/notenbeurs.nl\/de\/pistazienn\/#breadcrumb\"},\"inLanguage\":\"de\",\"potentialAction\":[{\"@type\":\"ReadAction\",\"target\":[\"https:\/\/notenbeurs.nl\/de\/pistazienn\/\"]}]},{\"@type\":\"ImageObject\",\"inLanguage\":\"de\",\"@id\":\"https:\/\/notenbeurs.nl\/de\/pistazienn\/#primaryimage\",\"url\":\"https:\/\/notenbeurs.nl\/wp-content\/uploads\/2021\/03\/DNB281445-5.jpg\",\"contentUrl\":\"https:\/\/notenbeurs.nl\/wp-content\/uploads\/2021\/03\/DNB281445-5.jpg\",\"width\":1300,\"height\":1300},{\"@type\":\"BreadcrumbList\",\"@id\":\"https:\/\/notenbeurs.nl\/de\/pistazienn\/#breadcrumb\",\"itemListElement\":[{\"@type\":\"ListItem\",\"position\":1,\"name\":\"Home\",\"item\":\"https:\/\/notenbeurs.nl\/de\/\"},{\"@type\":\"ListItem\",\"position\":2,\"name\":\"Pistazienn\"}]},{\"@type\":\"WebSite\",\"@id\":\"https:\/\/notenbeurs.nl\/de\/#website\",\"url\":\"https:\/\/notenbeurs.nl\/de\/\",\"name\":\"De NotenBeurs\",\"description\":\"Totaal Groothandel in pinda&#039;s, noten en zuidvruchten\",\"publisher\":{\"@id\":\"https:\/\/notenbeurs.nl\/de\/#organization\"},\"potentialAction\":[{\"@type\":\"SearchAction\",\"target\":{\"@type\":\"EntryPoint\",\"urlTemplate\":\"https:\/\/notenbeurs.nl\/de\/?s={search_term_string}\"},\"query-input\":{\"@type\":\"PropertyValueSpecification\",\"valueRequired\":true,\"valueName\":\"search_term_string\"}}],\"inLanguage\":\"de\"},{\"@type\":\"Organization\",\"@id\":\"https:\/\/notenbeurs.nl\/de\/#organization\",\"name\":\"de NotenBeurs\",\"url\":\"https:\/\/notenbeurs.nl\/de\/\",\"logo\":{\"@type\":\"ImageObject\",\"inLanguage\":\"de\",\"@id\":\"https:\/\/notenbeurs.nl\/de\/#\/schema\/logo\/image\/\",\"url\":\"https:\/\/notenbeurs.nl\/wp-content\/uploads\/2024\/04\/DNB-premium-logo-400px-new-1.png\",\"contentUrl\":\"https:\/\/notenbeurs.nl\/wp-content\/uploads\/2024\/04\/DNB-premium-logo-400px-new-1.png\",\"width\":480,\"height\":400,\"caption\":\"de NotenBeurs\"},\"image\":{\"@id\":\"https:\/\/notenbeurs.nl\/de\/#\/schema\/logo\/image\/\"},\"sameAs\":[\"https:\/\/www.facebook.com\/deNotenbeurs\/\",\"https:\/\/nl.linkedin.com\/company\/denotenbeurs\"]}]}<\/script>\n<!-- \/ Yoast SEO plugin. -->","yoast_head_json":{"title":"Pistazienn - De NotenBeurs","description":"Pistazien enthalten wie andere N\u00fcsse viele unges\u00e4ttigte Fette. Das sind die \u201eguten\u201c Fette. Im Vergleich zu anderen N\u00fcssen enth\u00e4lt die Pistazie weniger Kalorien und mehr Ballaststoffe, was sich positiv auf die Gewichtserhaltung auswirkt. Wer also auf sein Gewicht achten m\u00f6chte, ist mit der Pistazie genau richtig. Ein weiterer Vorteil ist der Phosphorgehalt, der zusammen mit Kalzium gut f\u00fcr Knochen und Z\u00e4hne ist.","robots":{"index":"index","follow":"follow","max-snippet":"max-snippet:-1","max-image-preview":"max-image-preview:large","max-video-preview":"max-video-preview:-1"},"canonical":"https:\/\/notenbeurs.nl\/de\/pistazienn\/","og_locale":"de_DE","og_type":"article","og_title":"Pistazienn - De NotenBeurs","og_description":"Pistazien enthalten wie andere N\u00fcsse viele unges\u00e4ttigte Fette. Das sind die \u201eguten\u201c Fette. Im Vergleich zu anderen N\u00fcssen enth\u00e4lt die Pistazie weniger Kalorien und mehr Ballaststoffe, was sich positiv auf die Gewichtserhaltung auswirkt. Wer also auf sein Gewicht achten m\u00f6chte, ist mit der Pistazie genau richtig. Ein weiterer Vorteil ist der Phosphorgehalt, der zusammen mit Kalzium gut f\u00fcr Knochen und Z\u00e4hne ist.","og_url":"https:\/\/notenbeurs.nl\/de\/pistazienn\/","og_site_name":"De NotenBeurs","article_publisher":"https:\/\/www.facebook.com\/deNotenbeurs\/","article_modified_time":"2024-10-23T09:21:01+00:00","og_image":[{"width":1300,"height":1300,"url":"https:\/\/notenbeurs.nl\/wp-content\/uploads\/2021\/03\/DNB281445-5.jpg","type":"image\/jpeg"}],"twitter_misc":{"Gesch\u00e4tzte Lesezeit":"1\u00a0Minute"},"schema":{"@context":"https:\/\/schema.org","@graph":[{"@type":"WebPage","@id":"https:\/\/notenbeurs.nl\/de\/pistazienn\/","url":"https:\/\/notenbeurs.nl\/de\/pistazienn\/","name":"Pistazienn - De NotenBeurs","isPartOf":{"@id":"https:\/\/notenbeurs.nl\/de\/#website"},"primaryImageOfPage":{"@id":"https:\/\/notenbeurs.nl\/de\/pistazienn\/#primaryimage"},"image":{"@id":"https:\/\/notenbeurs.nl\/de\/pistazienn\/#primaryimage"},"thumbnailUrl":"https:\/\/notenbeurs.nl\/wp-content\/uploads\/2021\/03\/DNB281445-5.jpg","datePublished":"2024-10-22T13:30:09+00:00","dateModified":"2024-10-23T09:21:01+00:00","description":"Pistazien enthalten wie andere N\u00fcsse viele unges\u00e4ttigte Fette. Das sind die \u201eguten\u201c Fette. Im Vergleich zu anderen N\u00fcssen enth\u00e4lt die Pistazie weniger Kalorien und mehr Ballaststoffe, was sich positiv auf die Gewichtserhaltung auswirkt. Wer also auf sein Gewicht achten m\u00f6chte, ist mit der Pistazie genau richtig. Ein weiterer Vorteil ist der Phosphorgehalt, der zusammen mit Kalzium gut f\u00fcr Knochen und Z\u00e4hne ist.","breadcrumb":{"@id":"https:\/\/notenbeurs.nl\/de\/pistazienn\/#breadcrumb"},"inLanguage":"de","potentialAction":[{"@type":"ReadAction","target":["https:\/\/notenbeurs.nl\/de\/pistazienn\/"]}]},{"@type":"ImageObject","inLanguage":"de","@id":"https:\/\/notenbeurs.nl\/de\/pistazienn\/#primaryimage","url":"https:\/\/notenbeurs.nl\/wp-content\/uploads\/2021\/03\/DNB281445-5.jpg","contentUrl":"https:\/\/notenbeurs.nl\/wp-content\/uploads\/2021\/03\/DNB281445-5.jpg","width":1300,"height":1300},{"@type":"BreadcrumbList","@id":"https:\/\/notenbeurs.nl\/de\/pistazienn\/#breadcrumb","itemListElement":[{"@type":"ListItem","position":1,"name":"Home","item":"https:\/\/notenbeurs.nl\/de\/"},{"@type":"ListItem","position":2,"name":"Pistazienn"}]},{"@type":"WebSite","@id":"https:\/\/notenbeurs.nl\/de\/#website","url":"https:\/\/notenbeurs.nl\/de\/","name":"De NotenBeurs","description":"Totaal Groothandel in pinda&#039;s, noten en zuidvruchten","publisher":{"@id":"https:\/\/notenbeurs.nl\/de\/#organization"},"potentialAction":[{"@type":"SearchAction","target":{"@type":"EntryPoint","urlTemplate":"https:\/\/notenbeurs.nl\/de\/?s={search_term_string}"},"query-input":{"@type":"PropertyValueSpecification","valueRequired":true,"valueName":"search_term_string"}}],"inLanguage":"de"},{"@type":"Organization","@id":"https:\/\/notenbeurs.nl\/de\/#organization","name":"de NotenBeurs","url":"https:\/\/notenbeurs.nl\/de\/","logo":{"@type":"ImageObject","inLanguage":"de","@id":"https:\/\/notenbeurs.nl\/de\/#\/schema\/logo\/image\/","url":"https:\/\/notenbeurs.nl\/wp-content\/uploads\/2024\/04\/DNB-premium-logo-400px-new-1.png","contentUrl":"https:\/\/notenbeurs.nl\/wp-content\/uploads\/2024\/04\/DNB-premium-logo-400px-new-1.png","width":480,"height":400,"caption":"de NotenBeurs"},"image":{"@id":"https:\/\/notenbeurs.nl\/de\/#\/schema\/logo\/image\/"},"sameAs":["https:\/\/www.facebook.com\/deNotenbeurs\/","https:\/\/nl.linkedin.com\/company\/denotenbeurs"]}]}},"_links":{"self":[{"href":"https:\/\/notenbeurs.nl\/de\/wp-json\/wp\/v2\/pages\/188769","targetHints":{"allow":["GET"]}}],"collection":[{"href":"https:\/\/notenbeurs.nl\/de\/wp-json\/wp\/v2\/pages"}],"about":[{"href":"https:\/\/notenbeurs.nl\/de\/wp-json\/wp\/v2\/types\/page"}],"author":[{"embeddable":true,"href":"https:\/\/notenbeurs.nl\/de\/wp-json\/wp\/v2\/users\/7"}],"replies":[{"embeddable":true,"href":"https:\/\/notenbeurs.nl\/de\/wp-json\/wp\/v2\/comments?post=188769"}],"version-history":[{"count":5,"href":"https:\/\/notenbeurs.nl\/de\/wp-json\/wp\/v2\/pages\/188769\/revisions"}],"predecessor-version":[{"id":189025,"href":"https:\/\/notenbeurs.nl\/de\/wp-json\/wp\/v2\/pages\/188769\/revisions\/189025"}],"wp:featuredmedia":[{"embeddable":true,"href":"https:\/\/notenbeurs.nl\/de\/wp-json\/wp\/v2\/media\/188770"}],"wp:attachment":[{"href":"https:\/\/notenbeurs.nl\/de\/wp-json\/wp\/v2\/media?parent=188769"}],"curies":[{"name":"wp","href":"https:\/\/api.w.org\/{rel}","templated":true}]}}