{"id":188797,"date":"2024-10-22T15:04:33","date_gmt":"2024-10-22T14:04:33","guid":{"rendered":"https:\/\/notenbeurs.nl\/?page_id=188797"},"modified":"2024-10-23T10:21:49","modified_gmt":"2024-10-23T09:21:49","slug":"pekannuesse","status":"publish","type":"page","link":"https:\/\/notenbeurs.nl\/de\/pekannuesse\/","title":{"rendered":"Pekann\u00fcsse"},"content":{"rendered":"<h1><strong>Pekann\u00fcsse<\/strong><\/h1>\n<p><strong>Eigenschaften<\/strong><br \/>\nEs \u00e4hnelt der Walnuss, ist aber etwas s\u00fc\u00dfer. Die Pekannuss ist nicht nur reich an guten Fetten, sondern zeichnet sich auch durch ihren hohen Gehalt an Zink und Vitamin B1 aus. Eine 25-Gramm-Handvoll Pekann\u00fcsse enth\u00e4lt ein Viertel der t\u00e4glich empfohlenen Menge an Zink. Zink ist f\u00fcr das Wachstum und die Entwicklung von Gewebe sowie f\u00fcr das reibungslose Funktionieren des Immunsystems notwendig. Vitamin B1 ist f\u00fcr die Energieversorgung des K\u00f6rpers unerl\u00e4sslich. Vitamin B1 reagiert sehr empfindlich auf Sonnenlicht und Hitze, daher unser Rat: Pekann\u00fcsse dunkel lagern und roh essen!<\/p>\n<p><strong>Herkunft<\/strong><br \/>\nDiese schmackhafte Nuss w\u00e4chst in Amerika und ist dort der mit Abstand gr\u00f6\u00dfte und wichtigste Produzent, aber der Pekannussbaum w\u00e4chst auch in Israel, S\u00fcdafrika, Mexiko und Australien. Wie andere Nussb\u00e4ume haben auch diese B\u00e4ume einen Erntezyklus von zwei Jahren, mit einer gro\u00dfen Ernte alle zwei Jahre. Genau wie bei der Walnuss befindet sich um die Nuss herum eine gr\u00fcne Rinde, die sich \u00f6ffnet, wenn die Frucht reif ist, dann kommt die braune Nuss zum Vorschein.<\/p>\n<p><strong>Anwendung<\/strong><br \/>\nDie Pekannuss hat viele Verwendungsm\u00f6glichkeiten, sie ist k\u00f6stlich, wenn man sie roh verzehrt. Aber man sieht diese Nuss oft in Karamellkuchen oder verwendet sie in einem Eintopf.<\/p>\n<p><strong>Brainfood<\/strong><br \/>\nDie unges\u00e4ttigten Fette, die Sie in Pekann\u00fcssen finden, sind gut f\u00fcr das Gehirn. Dar\u00fcber hinaus enthalten Pekann\u00fcsse viel Vitamin B. Dieses Vitamin f\u00f6rdert die Gehirnfunktion und hilft dem Ged\u00e4chtnis.<\/p>\n<p><strong>F\u00fcr weitere Informationen wenden Sie sich bitte an unsere Verk\u00e4ufer.<\/strong><\/p>\n<p>Rufen Sie +31180 63 70 63 an oder senden Sie eine E-Mail an <a href=\"mailto:orders@notenbeurs.nl\">orders@notenbeurs.nl<\/a><\/p>\n<p>&nbsp;<\/p>\n","protected":false},"excerpt":{"rendered":"<p>Pekann\u00fcsse Eigenschaften Es \u00e4hnelt der Walnuss, ist aber etwas s\u00fc\u00dfer. Die Pekannuss ist nicht nur reich an guten Fetten, sondern zeichnet sich auch durch ihren hohen Gehalt an Zink und Vitamin B1 aus. Eine 25-Gramm-Handvoll Pekann\u00fcsse enth\u00e4lt ein Viertel der t\u00e4glich empfohlenen Menge an Zink. Zink ist f\u00fcr das Wachstum und die Entwicklung von Gewebe [&hellip;]<\/p>\n","protected":false},"author":7,"featured_media":188798,"parent":0,"menu_order":0,"comment_status":"closed","ping_status":"closed","template":"","meta":{"footnotes":""},"class_list":["post-188797","page","type-page","status-publish","has-post-thumbnail","hentry"],"yoast_head":"<!-- This site is optimized with the Yoast SEO plugin v26.9 - https:\/\/yoast.com\/product\/yoast-seo-wordpress\/ -->\n<title>Pekann\u00fcssePekann\u00fcsse - De NotenBeurs<\/title>\n<meta name=\"description\" content=\"Es \u00e4hnelt der Walnuss, ist aber etwas s\u00fc\u00dfer. Die Pekannuss ist nicht nur reich an guten Fetten, sondern zeichnet sich auch durch ihren hohen Gehalt an Zink und Vitamin B1 aus. Eine 25-Gramm-Handvoll Pekann\u00fcsse enth\u00e4lt ein Viertel der t\u00e4glich empfohlenen Menge an Zink. Zink ist f\u00fcr das Wachstum und die Entwicklung von Gewebe sowie f\u00fcr das reibungslose Funktionieren des Immunsystems notwendig. Vitamin B1 ist f\u00fcr die Energieversorgung des K\u00f6rpers unerl\u00e4sslich. Vitamin B1 reagiert sehr empfindlich auf Sonnenlicht und Hitze, daher unser Rat: Pekann\u00fcsse dunkel lagern und roh essen!\" \/>\n<meta name=\"robots\" content=\"index, follow, max-snippet:-1, max-image-preview:large, max-video-preview:-1\" \/>\n<link rel=\"canonical\" href=\"https:\/\/notenbeurs.nl\/de\/pekannuesse\/\" \/>\n<meta property=\"og:locale\" content=\"de_DE\" \/>\n<meta property=\"og:type\" content=\"article\" \/>\n<meta property=\"og:title\" content=\"Pekann\u00fcssePekann\u00fcsse - De NotenBeurs\" \/>\n<meta property=\"og:description\" content=\"Es \u00e4hnelt der Walnuss, ist aber etwas s\u00fc\u00dfer. Die Pekannuss ist nicht nur reich an guten Fetten, sondern zeichnet sich auch durch ihren hohen Gehalt an Zink und Vitamin B1 aus. Eine 25-Gramm-Handvoll Pekann\u00fcsse enth\u00e4lt ein Viertel der t\u00e4glich empfohlenen Menge an Zink. Zink ist f\u00fcr das Wachstum und die Entwicklung von Gewebe sowie f\u00fcr das reibungslose Funktionieren des Immunsystems notwendig. Vitamin B1 ist f\u00fcr die Energieversorgung des K\u00f6rpers unerl\u00e4sslich. Vitamin B1 reagiert sehr empfindlich auf Sonnenlicht und Hitze, daher unser Rat: Pekann\u00fcsse dunkel lagern und roh essen!\" \/>\n<meta property=\"og:url\" content=\"https:\/\/notenbeurs.nl\/de\/pekannuesse\/\" \/>\n<meta property=\"og:site_name\" content=\"De NotenBeurs\" \/>\n<meta property=\"article:publisher\" content=\"https:\/\/www.facebook.com\/deNotenbeurs\/\" \/>\n<meta property=\"article:modified_time\" content=\"2024-10-23T09:21:49+00:00\" \/>\n<meta property=\"og:image\" content=\"https:\/\/notenbeurs.nl\/wp-content\/uploads\/2021\/03\/DNB411623-5.jpg\" \/>\n\t<meta property=\"og:image:width\" content=\"1300\" \/>\n\t<meta property=\"og:image:height\" content=\"1300\" \/>\n\t<meta property=\"og:image:type\" content=\"image\/jpeg\" \/>\n<meta name=\"twitter:label1\" content=\"Gesch\u00e4tzte Lesezeit\" \/>\n\t<meta name=\"twitter:data1\" content=\"1\u00a0Minute\" \/>\n<script type=\"application\/ld+json\" class=\"yoast-schema-graph\">{\"@context\":\"https:\/\/schema.org\",\"@graph\":[{\"@type\":\"WebPage\",\"@id\":\"https:\/\/notenbeurs.nl\/de\/pekannuesse\/\",\"url\":\"https:\/\/notenbeurs.nl\/de\/pekannuesse\/\",\"name\":\"Pekann\u00fcssePekann\u00fcsse - De NotenBeurs\",\"isPartOf\":{\"@id\":\"https:\/\/notenbeurs.nl\/de\/#website\"},\"primaryImageOfPage\":{\"@id\":\"https:\/\/notenbeurs.nl\/de\/pekannuesse\/#primaryimage\"},\"image\":{\"@id\":\"https:\/\/notenbeurs.nl\/de\/pekannuesse\/#primaryimage\"},\"thumbnailUrl\":\"https:\/\/notenbeurs.nl\/wp-content\/uploads\/2021\/03\/DNB411623-5.jpg\",\"datePublished\":\"2024-10-22T14:04:33+00:00\",\"dateModified\":\"2024-10-23T09:21:49+00:00\",\"description\":\"Es \u00e4hnelt der Walnuss, ist aber etwas s\u00fc\u00dfer. Die Pekannuss ist nicht nur reich an guten Fetten, sondern zeichnet sich auch durch ihren hohen Gehalt an Zink und Vitamin B1 aus. Eine 25-Gramm-Handvoll Pekann\u00fcsse enth\u00e4lt ein Viertel der t\u00e4glich empfohlenen Menge an Zink. Zink ist f\u00fcr das Wachstum und die Entwicklung von Gewebe sowie f\u00fcr das reibungslose Funktionieren des Immunsystems notwendig. Vitamin B1 ist f\u00fcr die Energieversorgung des K\u00f6rpers unerl\u00e4sslich. Vitamin B1 reagiert sehr empfindlich auf Sonnenlicht und Hitze, daher unser Rat: Pekann\u00fcsse dunkel lagern und roh essen!\",\"breadcrumb\":{\"@id\":\"https:\/\/notenbeurs.nl\/de\/pekannuesse\/#breadcrumb\"},\"inLanguage\":\"de\",\"potentialAction\":[{\"@type\":\"ReadAction\",\"target\":[\"https:\/\/notenbeurs.nl\/de\/pekannuesse\/\"]}]},{\"@type\":\"ImageObject\",\"inLanguage\":\"de\",\"@id\":\"https:\/\/notenbeurs.nl\/de\/pekannuesse\/#primaryimage\",\"url\":\"https:\/\/notenbeurs.nl\/wp-content\/uploads\/2021\/03\/DNB411623-5.jpg\",\"contentUrl\":\"https:\/\/notenbeurs.nl\/wp-content\/uploads\/2021\/03\/DNB411623-5.jpg\",\"width\":1300,\"height\":1300},{\"@type\":\"BreadcrumbList\",\"@id\":\"https:\/\/notenbeurs.nl\/de\/pekannuesse\/#breadcrumb\",\"itemListElement\":[{\"@type\":\"ListItem\",\"position\":1,\"name\":\"Home\",\"item\":\"https:\/\/notenbeurs.nl\/de\/\"},{\"@type\":\"ListItem\",\"position\":2,\"name\":\"Pekann\u00fcsse\"}]},{\"@type\":\"WebSite\",\"@id\":\"https:\/\/notenbeurs.nl\/de\/#website\",\"url\":\"https:\/\/notenbeurs.nl\/de\/\",\"name\":\"De NotenBeurs\",\"description\":\"Totaal Groothandel in pinda&#039;s, noten en zuidvruchten\",\"publisher\":{\"@id\":\"https:\/\/notenbeurs.nl\/de\/#organization\"},\"potentialAction\":[{\"@type\":\"SearchAction\",\"target\":{\"@type\":\"EntryPoint\",\"urlTemplate\":\"https:\/\/notenbeurs.nl\/de\/?s={search_term_string}\"},\"query-input\":{\"@type\":\"PropertyValueSpecification\",\"valueRequired\":true,\"valueName\":\"search_term_string\"}}],\"inLanguage\":\"de\"},{\"@type\":\"Organization\",\"@id\":\"https:\/\/notenbeurs.nl\/de\/#organization\",\"name\":\"de NotenBeurs\",\"url\":\"https:\/\/notenbeurs.nl\/de\/\",\"logo\":{\"@type\":\"ImageObject\",\"inLanguage\":\"de\",\"@id\":\"https:\/\/notenbeurs.nl\/de\/#\/schema\/logo\/image\/\",\"url\":\"https:\/\/notenbeurs.nl\/wp-content\/uploads\/2024\/04\/DNB-premium-logo-400px-new-1.png\",\"contentUrl\":\"https:\/\/notenbeurs.nl\/wp-content\/uploads\/2024\/04\/DNB-premium-logo-400px-new-1.png\",\"width\":480,\"height\":400,\"caption\":\"de NotenBeurs\"},\"image\":{\"@id\":\"https:\/\/notenbeurs.nl\/de\/#\/schema\/logo\/image\/\"},\"sameAs\":[\"https:\/\/www.facebook.com\/deNotenbeurs\/\",\"https:\/\/nl.linkedin.com\/company\/denotenbeurs\"]}]}<\/script>\n<!-- \/ Yoast SEO plugin. -->","yoast_head_json":{"title":"Pekann\u00fcssePekann\u00fcsse - De NotenBeurs","description":"Es \u00e4hnelt der Walnuss, ist aber etwas s\u00fc\u00dfer. Die Pekannuss ist nicht nur reich an guten Fetten, sondern zeichnet sich auch durch ihren hohen Gehalt an Zink und Vitamin B1 aus. Eine 25-Gramm-Handvoll Pekann\u00fcsse enth\u00e4lt ein Viertel der t\u00e4glich empfohlenen Menge an Zink. Zink ist f\u00fcr das Wachstum und die Entwicklung von Gewebe sowie f\u00fcr das reibungslose Funktionieren des Immunsystems notwendig. Vitamin B1 ist f\u00fcr die Energieversorgung des K\u00f6rpers unerl\u00e4sslich. Vitamin B1 reagiert sehr empfindlich auf Sonnenlicht und Hitze, daher unser Rat: Pekann\u00fcsse dunkel lagern und roh essen!","robots":{"index":"index","follow":"follow","max-snippet":"max-snippet:-1","max-image-preview":"max-image-preview:large","max-video-preview":"max-video-preview:-1"},"canonical":"https:\/\/notenbeurs.nl\/de\/pekannuesse\/","og_locale":"de_DE","og_type":"article","og_title":"Pekann\u00fcssePekann\u00fcsse - De NotenBeurs","og_description":"Es \u00e4hnelt der Walnuss, ist aber etwas s\u00fc\u00dfer. Die Pekannuss ist nicht nur reich an guten Fetten, sondern zeichnet sich auch durch ihren hohen Gehalt an Zink und Vitamin B1 aus. Eine 25-Gramm-Handvoll Pekann\u00fcsse enth\u00e4lt ein Viertel der t\u00e4glich empfohlenen Menge an Zink. Zink ist f\u00fcr das Wachstum und die Entwicklung von Gewebe sowie f\u00fcr das reibungslose Funktionieren des Immunsystems notwendig. Vitamin B1 ist f\u00fcr die Energieversorgung des K\u00f6rpers unerl\u00e4sslich. Vitamin B1 reagiert sehr empfindlich auf Sonnenlicht und Hitze, daher unser Rat: Pekann\u00fcsse dunkel lagern und roh essen!","og_url":"https:\/\/notenbeurs.nl\/de\/pekannuesse\/","og_site_name":"De NotenBeurs","article_publisher":"https:\/\/www.facebook.com\/deNotenbeurs\/","article_modified_time":"2024-10-23T09:21:49+00:00","og_image":[{"width":1300,"height":1300,"url":"https:\/\/notenbeurs.nl\/wp-content\/uploads\/2021\/03\/DNB411623-5.jpg","type":"image\/jpeg"}],"twitter_misc":{"Gesch\u00e4tzte Lesezeit":"1\u00a0Minute"},"schema":{"@context":"https:\/\/schema.org","@graph":[{"@type":"WebPage","@id":"https:\/\/notenbeurs.nl\/de\/pekannuesse\/","url":"https:\/\/notenbeurs.nl\/de\/pekannuesse\/","name":"Pekann\u00fcssePekann\u00fcsse - De NotenBeurs","isPartOf":{"@id":"https:\/\/notenbeurs.nl\/de\/#website"},"primaryImageOfPage":{"@id":"https:\/\/notenbeurs.nl\/de\/pekannuesse\/#primaryimage"},"image":{"@id":"https:\/\/notenbeurs.nl\/de\/pekannuesse\/#primaryimage"},"thumbnailUrl":"https:\/\/notenbeurs.nl\/wp-content\/uploads\/2021\/03\/DNB411623-5.jpg","datePublished":"2024-10-22T14:04:33+00:00","dateModified":"2024-10-23T09:21:49+00:00","description":"Es \u00e4hnelt der Walnuss, ist aber etwas s\u00fc\u00dfer. Die Pekannuss ist nicht nur reich an guten Fetten, sondern zeichnet sich auch durch ihren hohen Gehalt an Zink und Vitamin B1 aus. Eine 25-Gramm-Handvoll Pekann\u00fcsse enth\u00e4lt ein Viertel der t\u00e4glich empfohlenen Menge an Zink. Zink ist f\u00fcr das Wachstum und die Entwicklung von Gewebe sowie f\u00fcr das reibungslose Funktionieren des Immunsystems notwendig. Vitamin B1 ist f\u00fcr die Energieversorgung des K\u00f6rpers unerl\u00e4sslich. Vitamin B1 reagiert sehr empfindlich auf Sonnenlicht und Hitze, daher unser Rat: Pekann\u00fcsse dunkel lagern und roh essen!","breadcrumb":{"@id":"https:\/\/notenbeurs.nl\/de\/pekannuesse\/#breadcrumb"},"inLanguage":"de","potentialAction":[{"@type":"ReadAction","target":["https:\/\/notenbeurs.nl\/de\/pekannuesse\/"]}]},{"@type":"ImageObject","inLanguage":"de","@id":"https:\/\/notenbeurs.nl\/de\/pekannuesse\/#primaryimage","url":"https:\/\/notenbeurs.nl\/wp-content\/uploads\/2021\/03\/DNB411623-5.jpg","contentUrl":"https:\/\/notenbeurs.nl\/wp-content\/uploads\/2021\/03\/DNB411623-5.jpg","width":1300,"height":1300},{"@type":"BreadcrumbList","@id":"https:\/\/notenbeurs.nl\/de\/pekannuesse\/#breadcrumb","itemListElement":[{"@type":"ListItem","position":1,"name":"Home","item":"https:\/\/notenbeurs.nl\/de\/"},{"@type":"ListItem","position":2,"name":"Pekann\u00fcsse"}]},{"@type":"WebSite","@id":"https:\/\/notenbeurs.nl\/de\/#website","url":"https:\/\/notenbeurs.nl\/de\/","name":"De NotenBeurs","description":"Totaal Groothandel in pinda&#039;s, noten en zuidvruchten","publisher":{"@id":"https:\/\/notenbeurs.nl\/de\/#organization"},"potentialAction":[{"@type":"SearchAction","target":{"@type":"EntryPoint","urlTemplate":"https:\/\/notenbeurs.nl\/de\/?s={search_term_string}"},"query-input":{"@type":"PropertyValueSpecification","valueRequired":true,"valueName":"search_term_string"}}],"inLanguage":"de"},{"@type":"Organization","@id":"https:\/\/notenbeurs.nl\/de\/#organization","name":"de NotenBeurs","url":"https:\/\/notenbeurs.nl\/de\/","logo":{"@type":"ImageObject","inLanguage":"de","@id":"https:\/\/notenbeurs.nl\/de\/#\/schema\/logo\/image\/","url":"https:\/\/notenbeurs.nl\/wp-content\/uploads\/2024\/04\/DNB-premium-logo-400px-new-1.png","contentUrl":"https:\/\/notenbeurs.nl\/wp-content\/uploads\/2024\/04\/DNB-premium-logo-400px-new-1.png","width":480,"height":400,"caption":"de NotenBeurs"},"image":{"@id":"https:\/\/notenbeurs.nl\/de\/#\/schema\/logo\/image\/"},"sameAs":["https:\/\/www.facebook.com\/deNotenbeurs\/","https:\/\/nl.linkedin.com\/company\/denotenbeurs"]}]}},"_links":{"self":[{"href":"https:\/\/notenbeurs.nl\/de\/wp-json\/wp\/v2\/pages\/188797","targetHints":{"allow":["GET"]}}],"collection":[{"href":"https:\/\/notenbeurs.nl\/de\/wp-json\/wp\/v2\/pages"}],"about":[{"href":"https:\/\/notenbeurs.nl\/de\/wp-json\/wp\/v2\/types\/page"}],"author":[{"embeddable":true,"href":"https:\/\/notenbeurs.nl\/de\/wp-json\/wp\/v2\/users\/7"}],"replies":[{"embeddable":true,"href":"https:\/\/notenbeurs.nl\/de\/wp-json\/wp\/v2\/comments?post=188797"}],"version-history":[{"count":4,"href":"https:\/\/notenbeurs.nl\/de\/wp-json\/wp\/v2\/pages\/188797\/revisions"}],"predecessor-version":[{"id":188800,"href":"https:\/\/notenbeurs.nl\/de\/wp-json\/wp\/v2\/pages\/188797\/revisions\/188800"}],"wp:featuredmedia":[{"embeddable":true,"href":"https:\/\/notenbeurs.nl\/de\/wp-json\/wp\/v2\/media\/188798"}],"wp:attachment":[{"href":"https:\/\/notenbeurs.nl\/de\/wp-json\/wp\/v2\/media?parent=188797"}],"curies":[{"name":"wp","href":"https:\/\/api.w.org\/{rel}","templated":true}]}}