{"id":188802,"date":"2024-10-22T15:06:42","date_gmt":"2024-10-22T14:06:42","guid":{"rendered":"https:\/\/notenbeurs.nl\/?page_id=188802"},"modified":"2024-10-23T08:35:53","modified_gmt":"2024-10-23T07:35:53","slug":"walnuesse","status":"publish","type":"page","link":"https:\/\/notenbeurs.nl\/de\/walnuesse\/","title":{"rendered":"Waln\u00fcsse"},"content":{"rendered":"<p><strong>Eigenschaften<\/strong><br \/>\nWaln\u00fcsse enthalten viel Eiwei\u00df, Kalzium und Kalium. Dar\u00fcber hinaus passen sie auch in eine cholesterinsenkende Ern\u00e4hrung, da sie viele unges\u00e4ttigte Fette enthalten. Sie enthalten au\u00dferdem viele Antioxidantien, die den K\u00f6rper gut vor Krankheiten sch\u00fctzen. Antioxidantien ist eine Sammelbezeichnung f\u00fcr die Vitamine E und C, Beta-Carotin, das k\u00f6rpereigene Glutathion, die Spurenelemente Selen und Zink sowie bioaktive Substanzen wie Flavonoide aus Obst und Gem\u00fcse.<\/p>\n<p><strong>Herkunft<\/strong><br \/>\nDie meisten Waln\u00fcsse kommen in Amerika, Frankreich und China vor. Aber auch in den Niederlanden wachsen Waln\u00fcsse, in vielen G\u00e4rten steht ein Walnussbaum.<\/p>\n<p><strong>Anwendung<\/strong><br \/>\nWaln\u00fcsse werden h\u00e4ufig gegessen. Beliebt sind sie in Nussmischungen, Desserts und beispielsweise Walnusspesto.<\/p>\n<p><strong>Nussbaum<\/strong><br \/>\nEin anderer Name f\u00fcr Walnuss ist Walnuss und ist eine der bekanntesten N\u00fcsse. Ein Walnussbaum kann 20 bis 25 Meter hoch werden. Die Waln\u00fcsse werden getrocknet, wenn die gr\u00fcne Rinde aufgebrochen ist. Je l\u00e4nger und besser sie getrocknet werden, desto l\u00e4nger sind die N\u00fcsse haltbar.<\/p>\n<p>&nbsp;<\/p>\n<p><strong>F\u00fcr weitere Informationen wenden Sie sich bitte an unsere Verk\u00e4ufer.<\/strong><\/p>\n<p>Rufen Sie +31180 63 70 63 an oder senden Sie eine E-Mail an <a href=\"mailto:orders@notenbeurs.nl\">orders@notenbeurs.nl<\/a><\/p>\n<p>&nbsp;<\/p>\n","protected":false},"excerpt":{"rendered":"<p>Eigenschaften Waln\u00fcsse enthalten viel Eiwei\u00df, Kalzium und Kalium. Dar\u00fcber hinaus passen sie auch in eine cholesterinsenkende Ern\u00e4hrung, da sie viele unges\u00e4ttigte Fette enthalten. Sie enthalten au\u00dferdem viele Antioxidantien, die den K\u00f6rper gut vor Krankheiten sch\u00fctzen. Antioxidantien ist eine Sammelbezeichnung f\u00fcr die Vitamine E und C, Beta-Carotin, das k\u00f6rpereigene Glutathion, die Spurenelemente Selen und Zink sowie [&hellip;]<\/p>\n","protected":false},"author":7,"featured_media":188803,"parent":0,"menu_order":0,"comment_status":"closed","ping_status":"closed","template":"","meta":{"footnotes":""},"class_list":["post-188802","page","type-page","status-publish","has-post-thumbnail","hentry"],"yoast_head":"<!-- This site is optimized with the Yoast SEO plugin v26.9 - https:\/\/yoast.com\/product\/yoast-seo-wordpress\/ -->\n<title>Waln\u00fcsse - De NotenBeurs<\/title>\n<meta name=\"description\" content=\"Waln\u00fcsse enthalten viel Eiwei\u00df, Kalzium und Kalium. Dar\u00fcber hinaus passen sie auch in eine cholesterinsenkende Ern\u00e4hrung, da sie viele unges\u00e4ttigte Fette enthalten. Sie enthalten au\u00dferdem viele Antioxidantien, die den K\u00f6rper gut vor Krankheiten sch\u00fctzen. Antioxidantien ist eine Sammelbezeichnung f\u00fcr die Vitamine E und C, Beta-Carotin, das k\u00f6rpereigene Glutathion, die Spurenelemente Selen und Zink sowie bioaktive Substanzen wie Flavonoide aus Obst und Gem\u00fcse.\" \/>\n<meta name=\"robots\" content=\"index, follow, max-snippet:-1, max-image-preview:large, max-video-preview:-1\" \/>\n<link rel=\"canonical\" href=\"https:\/\/notenbeurs.nl\/de\/walnuesse\/\" \/>\n<meta property=\"og:locale\" content=\"de_DE\" \/>\n<meta property=\"og:type\" content=\"article\" \/>\n<meta property=\"og:title\" content=\"Waln\u00fcsse - De NotenBeurs\" \/>\n<meta property=\"og:description\" content=\"Waln\u00fcsse enthalten viel Eiwei\u00df, Kalzium und Kalium. Dar\u00fcber hinaus passen sie auch in eine cholesterinsenkende Ern\u00e4hrung, da sie viele unges\u00e4ttigte Fette enthalten. Sie enthalten au\u00dferdem viele Antioxidantien, die den K\u00f6rper gut vor Krankheiten sch\u00fctzen. Antioxidantien ist eine Sammelbezeichnung f\u00fcr die Vitamine E und C, Beta-Carotin, das k\u00f6rpereigene Glutathion, die Spurenelemente Selen und Zink sowie bioaktive Substanzen wie Flavonoide aus Obst und Gem\u00fcse.\" \/>\n<meta property=\"og:url\" content=\"https:\/\/notenbeurs.nl\/de\/walnuesse\/\" \/>\n<meta property=\"og:site_name\" content=\"De NotenBeurs\" \/>\n<meta property=\"article:publisher\" content=\"https:\/\/www.facebook.com\/deNotenbeurs\/\" \/>\n<meta property=\"article:modified_time\" content=\"2024-10-23T07:35:53+00:00\" \/>\n<meta property=\"og:image\" content=\"https:\/\/notenbeurs.nl\/wp-content\/uploads\/2021\/03\/DNB331538-5.jpg\" \/>\n\t<meta property=\"og:image:width\" content=\"1300\" \/>\n\t<meta property=\"og:image:height\" content=\"1300\" \/>\n\t<meta property=\"og:image:type\" content=\"image\/jpeg\" \/>\n<meta name=\"twitter:label1\" content=\"Gesch\u00e4tzte Lesezeit\" \/>\n\t<meta name=\"twitter:data1\" content=\"1\u00a0Minute\" \/>\n<script type=\"application\/ld+json\" class=\"yoast-schema-graph\">{\"@context\":\"https:\/\/schema.org\",\"@graph\":[{\"@type\":\"WebPage\",\"@id\":\"https:\/\/notenbeurs.nl\/de\/walnuesse\/\",\"url\":\"https:\/\/notenbeurs.nl\/de\/walnuesse\/\",\"name\":\"Waln\u00fcsse - De NotenBeurs\",\"isPartOf\":{\"@id\":\"https:\/\/notenbeurs.nl\/de\/#website\"},\"primaryImageOfPage\":{\"@id\":\"https:\/\/notenbeurs.nl\/de\/walnuesse\/#primaryimage\"},\"image\":{\"@id\":\"https:\/\/notenbeurs.nl\/de\/walnuesse\/#primaryimage\"},\"thumbnailUrl\":\"https:\/\/notenbeurs.nl\/wp-content\/uploads\/2021\/03\/DNB331538-5.jpg\",\"datePublished\":\"2024-10-22T14:06:42+00:00\",\"dateModified\":\"2024-10-23T07:35:53+00:00\",\"description\":\"Waln\u00fcsse enthalten viel Eiwei\u00df, Kalzium und Kalium. Dar\u00fcber hinaus passen sie auch in eine cholesterinsenkende Ern\u00e4hrung, da sie viele unges\u00e4ttigte Fette enthalten. Sie enthalten au\u00dferdem viele Antioxidantien, die den K\u00f6rper gut vor Krankheiten sch\u00fctzen. Antioxidantien ist eine Sammelbezeichnung f\u00fcr die Vitamine E und C, Beta-Carotin, das k\u00f6rpereigene Glutathion, die Spurenelemente Selen und Zink sowie bioaktive Substanzen wie Flavonoide aus Obst und Gem\u00fcse.\",\"breadcrumb\":{\"@id\":\"https:\/\/notenbeurs.nl\/de\/walnuesse\/#breadcrumb\"},\"inLanguage\":\"de\",\"potentialAction\":[{\"@type\":\"ReadAction\",\"target\":[\"https:\/\/notenbeurs.nl\/de\/walnuesse\/\"]}]},{\"@type\":\"ImageObject\",\"inLanguage\":\"de\",\"@id\":\"https:\/\/notenbeurs.nl\/de\/walnuesse\/#primaryimage\",\"url\":\"https:\/\/notenbeurs.nl\/wp-content\/uploads\/2021\/03\/DNB331538-5.jpg\",\"contentUrl\":\"https:\/\/notenbeurs.nl\/wp-content\/uploads\/2021\/03\/DNB331538-5.jpg\",\"width\":1300,\"height\":1300},{\"@type\":\"BreadcrumbList\",\"@id\":\"https:\/\/notenbeurs.nl\/de\/walnuesse\/#breadcrumb\",\"itemListElement\":[{\"@type\":\"ListItem\",\"position\":1,\"name\":\"Home\",\"item\":\"https:\/\/notenbeurs.nl\/de\/\"},{\"@type\":\"ListItem\",\"position\":2,\"name\":\"Waln\u00fcsse\"}]},{\"@type\":\"WebSite\",\"@id\":\"https:\/\/notenbeurs.nl\/de\/#website\",\"url\":\"https:\/\/notenbeurs.nl\/de\/\",\"name\":\"De NotenBeurs\",\"description\":\"Totaal Groothandel in pinda&#039;s, noten en zuidvruchten\",\"publisher\":{\"@id\":\"https:\/\/notenbeurs.nl\/de\/#organization\"},\"potentialAction\":[{\"@type\":\"SearchAction\",\"target\":{\"@type\":\"EntryPoint\",\"urlTemplate\":\"https:\/\/notenbeurs.nl\/de\/?s={search_term_string}\"},\"query-input\":{\"@type\":\"PropertyValueSpecification\",\"valueRequired\":true,\"valueName\":\"search_term_string\"}}],\"inLanguage\":\"de\"},{\"@type\":\"Organization\",\"@id\":\"https:\/\/notenbeurs.nl\/de\/#organization\",\"name\":\"de NotenBeurs\",\"url\":\"https:\/\/notenbeurs.nl\/de\/\",\"logo\":{\"@type\":\"ImageObject\",\"inLanguage\":\"de\",\"@id\":\"https:\/\/notenbeurs.nl\/de\/#\/schema\/logo\/image\/\",\"url\":\"https:\/\/notenbeurs.nl\/wp-content\/uploads\/2024\/04\/DNB-premium-logo-400px-new-1.png\",\"contentUrl\":\"https:\/\/notenbeurs.nl\/wp-content\/uploads\/2024\/04\/DNB-premium-logo-400px-new-1.png\",\"width\":480,\"height\":400,\"caption\":\"de NotenBeurs\"},\"image\":{\"@id\":\"https:\/\/notenbeurs.nl\/de\/#\/schema\/logo\/image\/\"},\"sameAs\":[\"https:\/\/www.facebook.com\/deNotenbeurs\/\",\"https:\/\/nl.linkedin.com\/company\/denotenbeurs\"]}]}<\/script>\n<!-- \/ Yoast SEO plugin. -->","yoast_head_json":{"title":"Waln\u00fcsse - De NotenBeurs","description":"Waln\u00fcsse enthalten viel Eiwei\u00df, Kalzium und Kalium. Dar\u00fcber hinaus passen sie auch in eine cholesterinsenkende Ern\u00e4hrung, da sie viele unges\u00e4ttigte Fette enthalten. Sie enthalten au\u00dferdem viele Antioxidantien, die den K\u00f6rper gut vor Krankheiten sch\u00fctzen. Antioxidantien ist eine Sammelbezeichnung f\u00fcr die Vitamine E und C, Beta-Carotin, das k\u00f6rpereigene Glutathion, die Spurenelemente Selen und Zink sowie bioaktive Substanzen wie Flavonoide aus Obst und Gem\u00fcse.","robots":{"index":"index","follow":"follow","max-snippet":"max-snippet:-1","max-image-preview":"max-image-preview:large","max-video-preview":"max-video-preview:-1"},"canonical":"https:\/\/notenbeurs.nl\/de\/walnuesse\/","og_locale":"de_DE","og_type":"article","og_title":"Waln\u00fcsse - De NotenBeurs","og_description":"Waln\u00fcsse enthalten viel Eiwei\u00df, Kalzium und Kalium. Dar\u00fcber hinaus passen sie auch in eine cholesterinsenkende Ern\u00e4hrung, da sie viele unges\u00e4ttigte Fette enthalten. Sie enthalten au\u00dferdem viele Antioxidantien, die den K\u00f6rper gut vor Krankheiten sch\u00fctzen. Antioxidantien ist eine Sammelbezeichnung f\u00fcr die Vitamine E und C, Beta-Carotin, das k\u00f6rpereigene Glutathion, die Spurenelemente Selen und Zink sowie bioaktive Substanzen wie Flavonoide aus Obst und Gem\u00fcse.","og_url":"https:\/\/notenbeurs.nl\/de\/walnuesse\/","og_site_name":"De NotenBeurs","article_publisher":"https:\/\/www.facebook.com\/deNotenbeurs\/","article_modified_time":"2024-10-23T07:35:53+00:00","og_image":[{"width":1300,"height":1300,"url":"https:\/\/notenbeurs.nl\/wp-content\/uploads\/2021\/03\/DNB331538-5.jpg","type":"image\/jpeg"}],"twitter_misc":{"Gesch\u00e4tzte Lesezeit":"1\u00a0Minute"},"schema":{"@context":"https:\/\/schema.org","@graph":[{"@type":"WebPage","@id":"https:\/\/notenbeurs.nl\/de\/walnuesse\/","url":"https:\/\/notenbeurs.nl\/de\/walnuesse\/","name":"Waln\u00fcsse - De NotenBeurs","isPartOf":{"@id":"https:\/\/notenbeurs.nl\/de\/#website"},"primaryImageOfPage":{"@id":"https:\/\/notenbeurs.nl\/de\/walnuesse\/#primaryimage"},"image":{"@id":"https:\/\/notenbeurs.nl\/de\/walnuesse\/#primaryimage"},"thumbnailUrl":"https:\/\/notenbeurs.nl\/wp-content\/uploads\/2021\/03\/DNB331538-5.jpg","datePublished":"2024-10-22T14:06:42+00:00","dateModified":"2024-10-23T07:35:53+00:00","description":"Waln\u00fcsse enthalten viel Eiwei\u00df, Kalzium und Kalium. Dar\u00fcber hinaus passen sie auch in eine cholesterinsenkende Ern\u00e4hrung, da sie viele unges\u00e4ttigte Fette enthalten. Sie enthalten au\u00dferdem viele Antioxidantien, die den K\u00f6rper gut vor Krankheiten sch\u00fctzen. Antioxidantien ist eine Sammelbezeichnung f\u00fcr die Vitamine E und C, Beta-Carotin, das k\u00f6rpereigene Glutathion, die Spurenelemente Selen und Zink sowie bioaktive Substanzen wie Flavonoide aus Obst und Gem\u00fcse.","breadcrumb":{"@id":"https:\/\/notenbeurs.nl\/de\/walnuesse\/#breadcrumb"},"inLanguage":"de","potentialAction":[{"@type":"ReadAction","target":["https:\/\/notenbeurs.nl\/de\/walnuesse\/"]}]},{"@type":"ImageObject","inLanguage":"de","@id":"https:\/\/notenbeurs.nl\/de\/walnuesse\/#primaryimage","url":"https:\/\/notenbeurs.nl\/wp-content\/uploads\/2021\/03\/DNB331538-5.jpg","contentUrl":"https:\/\/notenbeurs.nl\/wp-content\/uploads\/2021\/03\/DNB331538-5.jpg","width":1300,"height":1300},{"@type":"BreadcrumbList","@id":"https:\/\/notenbeurs.nl\/de\/walnuesse\/#breadcrumb","itemListElement":[{"@type":"ListItem","position":1,"name":"Home","item":"https:\/\/notenbeurs.nl\/de\/"},{"@type":"ListItem","position":2,"name":"Waln\u00fcsse"}]},{"@type":"WebSite","@id":"https:\/\/notenbeurs.nl\/de\/#website","url":"https:\/\/notenbeurs.nl\/de\/","name":"De NotenBeurs","description":"Totaal Groothandel in pinda&#039;s, noten en zuidvruchten","publisher":{"@id":"https:\/\/notenbeurs.nl\/de\/#organization"},"potentialAction":[{"@type":"SearchAction","target":{"@type":"EntryPoint","urlTemplate":"https:\/\/notenbeurs.nl\/de\/?s={search_term_string}"},"query-input":{"@type":"PropertyValueSpecification","valueRequired":true,"valueName":"search_term_string"}}],"inLanguage":"de"},{"@type":"Organization","@id":"https:\/\/notenbeurs.nl\/de\/#organization","name":"de NotenBeurs","url":"https:\/\/notenbeurs.nl\/de\/","logo":{"@type":"ImageObject","inLanguage":"de","@id":"https:\/\/notenbeurs.nl\/de\/#\/schema\/logo\/image\/","url":"https:\/\/notenbeurs.nl\/wp-content\/uploads\/2024\/04\/DNB-premium-logo-400px-new-1.png","contentUrl":"https:\/\/notenbeurs.nl\/wp-content\/uploads\/2024\/04\/DNB-premium-logo-400px-new-1.png","width":480,"height":400,"caption":"de NotenBeurs"},"image":{"@id":"https:\/\/notenbeurs.nl\/de\/#\/schema\/logo\/image\/"},"sameAs":["https:\/\/www.facebook.com\/deNotenbeurs\/","https:\/\/nl.linkedin.com\/company\/denotenbeurs"]}]}},"_links":{"self":[{"href":"https:\/\/notenbeurs.nl\/de\/wp-json\/wp\/v2\/pages\/188802","targetHints":{"allow":["GET"]}}],"collection":[{"href":"https:\/\/notenbeurs.nl\/de\/wp-json\/wp\/v2\/pages"}],"about":[{"href":"https:\/\/notenbeurs.nl\/de\/wp-json\/wp\/v2\/types\/page"}],"author":[{"embeddable":true,"href":"https:\/\/notenbeurs.nl\/de\/wp-json\/wp\/v2\/users\/7"}],"replies":[{"embeddable":true,"href":"https:\/\/notenbeurs.nl\/de\/wp-json\/wp\/v2\/comments?post=188802"}],"version-history":[{"count":3,"href":"https:\/\/notenbeurs.nl\/de\/wp-json\/wp\/v2\/pages\/188802\/revisions"}],"predecessor-version":[{"id":188805,"href":"https:\/\/notenbeurs.nl\/de\/wp-json\/wp\/v2\/pages\/188802\/revisions\/188805"}],"wp:featuredmedia":[{"embeddable":true,"href":"https:\/\/notenbeurs.nl\/de\/wp-json\/wp\/v2\/media\/188803"}],"wp:attachment":[{"href":"https:\/\/notenbeurs.nl\/de\/wp-json\/wp\/v2\/media?parent=188802"}],"curies":[{"name":"wp","href":"https:\/\/api.w.org\/{rel}","templated":true}]}}