{"id":188988,"date":"2024-10-28T09:55:13","date_gmt":"2024-10-28T08:55:13","guid":{"rendered":"https:\/\/notenbeurs.nl\/?page_id=188988"},"modified":"2024-10-28T09:55:13","modified_gmt":"2024-10-28T08:55:13","slug":"faq-der-notenbeurs-webshop","status":"publish","type":"page","link":"https:\/\/notenbeurs.nl\/de\/faq-der-notenbeurs-webshop\/","title":{"rendered":"FAQ Der NotenBeurs-Webshop"},"content":{"rendered":"<h1>Der NotenBeurs-Webshop<\/h1>\n<p>Nachfolgend finden Sie einige einfache Video-Tutorials, die Ihnen erkl\u00e4ren, wie das Bestellen in unserem Webshop funktioniert. Wenn Sie Fragen haben, wenden Sie sich bitte an unseren Vertriebsinnendienst <strong>0180-63 70 63<\/strong> oder per E-Mail: <strong>orders@notenbeurs.nl<\/strong><\/p>\n<p>&nbsp;<\/p>\n<h2>Wie funktioniert das?<\/h2>\n<p><strong>SCHRITT 1.<\/strong> Fordern Sie Ihre Zugangsdaten f\u00fcr den Webshop per E-Mail an: orders@notenbeurs.nl. Bitte geben Sie Ihren Firmennamen an. Unser B\u00fcropersonal wird das Konto mit unserem System verkn\u00fcpfen und Sie erhalten die Zugangsdaten per E-Mail.<\/p>\n<p><strong>SCHRITT 2.<\/strong> Klicken Sie oben auf den <strong>Webshop-Button<\/strong>. Sie gelangen nun in die Shopumgebung. Hier k\u00f6nnen Sie sich mit Benutzernamen und Passwort anmelden. Von nun an k\u00f6nnen Sie alle Ihre Bestellungen von einem PC oder Smartphone aus aufgeben.<\/p>\n<p><strong>TIPP<\/strong> Speichern Sie die URL des Webshops als Verkn\u00fcpfung auf Ihrem Handy<\/p>\n<p>&nbsp;<\/p>\n<h2>ANMELDEN<\/h2>\n<p>Klicken Sie auf die Schaltfl\u00e4che <strong>WEBSHOP<\/strong> oben.<\/p>\n<div style=\"padding: 64.67% 0 0 0; position: relative;\"><iframe style=\"position: absolute; top: 0; left: 0; width: 100%; height: 100%;\" src=\"https:\/\/player.vimeo.com\/video\/687145690?h=bcd391aa82&amp;title=0&amp;byline=0&amp;portrait=0\" frameborder=\"0\" allowfullscreen=\"allowfullscreen\" data-mce-fragment=\"1\"><\/iframe><\/div>\n<p><script src=\"https:\/\/player.vimeo.com\/api\/player.js\"><\/script><\/p>\n<h2>MEIN KONTO<\/h2>\n<p>Hier finden Sie alle Ihre Daten wie <strong>Auftragshistorie<\/strong>, <strong>Rechnungen<\/strong> und <strong>Vertr\u00e4ge<\/strong>.<\/p>\n<div style=\"padding: 64.67% 0 0 0; position: relative;\"><iframe style=\"position: absolute; top: 0; left: 0; width: 100%; height: 100%;\" src=\"https:\/\/player.vimeo.com\/video\/687149883?h=01cd03c687&amp;title=0&amp;byline=0&amp;portrait=0\" frameborder=\"0\" allowfullscreen=\"allowfullscreen\" data-mce-fragment=\"1\"><\/iframe><\/div>\n<p><script src=\"https:\/\/player.vimeo.com\/api\/player.js\"><\/script><\/p>\n<h2>BESTELLUNG<\/h2>\n<p>Hier erfahren Sie, wie Sie eine Bestellung aufgeben k\u00f6nnen. Dies kann auf verschiedene Arten geschehen. \u00dcber \u201e<strong>zuletzt bestellt<\/strong>\u201c , \u00fcber das <strong>Navigationsmen\u00fc<\/strong> oder durch einfaches Anklicken der Bilder.<\/p>\n<div style=\"padding: 57.88% 0 0 0; position: relative;\"><iframe style=\"position: absolute; top: 0; left: 0; width: 100%; height: 100%;\" src=\"https:\/\/player.vimeo.com\/video\/687145656?h=e2c6d227dc&amp;title=0&amp;byline=0\" frameborder=\"0\" allowfullscreen=\"allowfullscreen\" data-mce-fragment=\"1\"><\/iframe><\/div>\n<p><script src=\"https:\/\/player.vimeo.com\/api\/player.js\"><\/script><\/p>\n<h2>SPECIFICATIES DOWNLOADEN<\/h2>\n<p>Suchen Sie nach <strong>Produktspezifikationen<\/strong>? Diese finden Sie als PDF-Dateien auf jeder Produktseite. Sie k\u00f6nnen sie auf zwei Arten finden. Klicken Sie auf Ihre <strong>zuletzt bestellten Produkte<\/strong> oder geben Sie den <strong>Produktartikel<\/strong> in das Suchfeld ein.<\/p>\n<div style=\"padding: 64.67% 0 0 0; position: relative;\"><iframe style=\"position: absolute; top: 0; left: 0; width: 100%; height: 100%;\" src=\"https:\/\/player.vimeo.com\/video\/687145772?h=937c71f89c&amp;title=0&amp;byline=0&amp;portrait=0\" frameborder=\"0\" allowfullscreen=\"allowfullscreen\" data-mce-fragment=\"1\"><\/iframe><\/div>\n<p><script src=\"https:\/\/player.vimeo.com\/api\/player.js\"><\/script><\/p>\n","protected":false},"excerpt":{"rendered":"<p>Der NotenBeurs-Webshop Nachfolgend finden Sie einige einfache Video-Tutorials, die Ihnen erkl\u00e4ren, wie das Bestellen in unserem Webshop funktioniert. Wenn Sie Fragen haben, wenden Sie sich bitte an unseren Vertriebsinnendienst 0180-63 70 63 oder per E-Mail: orders@notenbeurs.nl &nbsp; Wie funktioniert das? SCHRITT 1. Fordern Sie Ihre Zugangsdaten f\u00fcr den Webshop per E-Mail an: orders@notenbeurs.nl. Bitte geben [&hellip;]<\/p>\n","protected":false},"author":7,"featured_media":0,"parent":0,"menu_order":0,"comment_status":"closed","ping_status":"closed","template":"","meta":{"footnotes":""},"class_list":["post-188988","page","type-page","status-publish","hentry"],"yoast_head":"<!-- This site is optimized with the Yoast SEO plugin v26.9 - https:\/\/yoast.com\/product\/yoast-seo-wordpress\/ -->\n<title>FAQ Der NotenBeurs-Webshop - De NotenBeurs<\/title>\n<meta name=\"robots\" content=\"index, follow, max-snippet:-1, max-image-preview:large, max-video-preview:-1\" \/>\n<link rel=\"canonical\" href=\"https:\/\/notenbeurs.nl\/de\/faq-der-notenbeurs-webshop\/\" \/>\n<meta property=\"og:locale\" content=\"de_DE\" \/>\n<meta property=\"og:type\" content=\"article\" \/>\n<meta property=\"og:title\" content=\"FAQ Der NotenBeurs-Webshop - De NotenBeurs\" \/>\n<meta property=\"og:description\" content=\"Der NotenBeurs-Webshop Nachfolgend finden Sie einige einfache Video-Tutorials, die Ihnen erkl\u00e4ren, wie das Bestellen in unserem Webshop funktioniert. Wenn Sie Fragen haben, wenden Sie sich bitte an unseren Vertriebsinnendienst 0180-63 70 63 oder per E-Mail: orders@notenbeurs.nl &nbsp; Wie funktioniert das? SCHRITT 1. Fordern Sie Ihre Zugangsdaten f\u00fcr den Webshop per E-Mail an: orders@notenbeurs.nl. Bitte geben [&hellip;]\" \/>\n<meta property=\"og:url\" content=\"https:\/\/notenbeurs.nl\/de\/faq-der-notenbeurs-webshop\/\" \/>\n<meta property=\"og:site_name\" content=\"De NotenBeurs\" \/>\n<meta property=\"article:publisher\" content=\"https:\/\/www.facebook.com\/deNotenbeurs\/\" \/>\n<meta name=\"twitter:label1\" content=\"Gesch\u00e4tzte Lesezeit\" \/>\n\t<meta name=\"twitter:data1\" content=\"1\u00a0Minute\" \/>\n<script type=\"application\/ld+json\" class=\"yoast-schema-graph\">{\"@context\":\"https:\/\/schema.org\",\"@graph\":[{\"@type\":\"WebPage\",\"@id\":\"https:\/\/notenbeurs.nl\/de\/faq-der-notenbeurs-webshop\/\",\"url\":\"https:\/\/notenbeurs.nl\/de\/faq-der-notenbeurs-webshop\/\",\"name\":\"FAQ Der NotenBeurs-Webshop - De NotenBeurs\",\"isPartOf\":{\"@id\":\"https:\/\/notenbeurs.nl\/de\/#website\"},\"datePublished\":\"2024-10-28T08:55:13+00:00\",\"breadcrumb\":{\"@id\":\"https:\/\/notenbeurs.nl\/de\/faq-der-notenbeurs-webshop\/#breadcrumb\"},\"inLanguage\":\"de\",\"potentialAction\":[{\"@type\":\"ReadAction\",\"target\":[\"https:\/\/notenbeurs.nl\/de\/faq-der-notenbeurs-webshop\/\"]}]},{\"@type\":\"BreadcrumbList\",\"@id\":\"https:\/\/notenbeurs.nl\/de\/faq-der-notenbeurs-webshop\/#breadcrumb\",\"itemListElement\":[{\"@type\":\"ListItem\",\"position\":1,\"name\":\"Home\",\"item\":\"https:\/\/notenbeurs.nl\/de\/\"},{\"@type\":\"ListItem\",\"position\":2,\"name\":\"FAQ Der NotenBeurs-Webshop\"}]},{\"@type\":\"WebSite\",\"@id\":\"https:\/\/notenbeurs.nl\/de\/#website\",\"url\":\"https:\/\/notenbeurs.nl\/de\/\",\"name\":\"De NotenBeurs\",\"description\":\"Totaal Groothandel in pinda&#039;s, noten en zuidvruchten\",\"publisher\":{\"@id\":\"https:\/\/notenbeurs.nl\/de\/#organization\"},\"potentialAction\":[{\"@type\":\"SearchAction\",\"target\":{\"@type\":\"EntryPoint\",\"urlTemplate\":\"https:\/\/notenbeurs.nl\/de\/?s={search_term_string}\"},\"query-input\":{\"@type\":\"PropertyValueSpecification\",\"valueRequired\":true,\"valueName\":\"search_term_string\"}}],\"inLanguage\":\"de\"},{\"@type\":\"Organization\",\"@id\":\"https:\/\/notenbeurs.nl\/de\/#organization\",\"name\":\"de NotenBeurs\",\"url\":\"https:\/\/notenbeurs.nl\/de\/\",\"logo\":{\"@type\":\"ImageObject\",\"inLanguage\":\"de\",\"@id\":\"https:\/\/notenbeurs.nl\/de\/#\/schema\/logo\/image\/\",\"url\":\"https:\/\/notenbeurs.nl\/wp-content\/uploads\/2024\/04\/DNB-premium-logo-400px-new-1.png\",\"contentUrl\":\"https:\/\/notenbeurs.nl\/wp-content\/uploads\/2024\/04\/DNB-premium-logo-400px-new-1.png\",\"width\":480,\"height\":400,\"caption\":\"de NotenBeurs\"},\"image\":{\"@id\":\"https:\/\/notenbeurs.nl\/de\/#\/schema\/logo\/image\/\"},\"sameAs\":[\"https:\/\/www.facebook.com\/deNotenbeurs\/\",\"https:\/\/nl.linkedin.com\/company\/denotenbeurs\"]}]}<\/script>\n<!-- \/ Yoast SEO plugin. -->","yoast_head_json":{"title":"FAQ Der NotenBeurs-Webshop - De NotenBeurs","robots":{"index":"index","follow":"follow","max-snippet":"max-snippet:-1","max-image-preview":"max-image-preview:large","max-video-preview":"max-video-preview:-1"},"canonical":"https:\/\/notenbeurs.nl\/de\/faq-der-notenbeurs-webshop\/","og_locale":"de_DE","og_type":"article","og_title":"FAQ Der NotenBeurs-Webshop - De NotenBeurs","og_description":"Der NotenBeurs-Webshop Nachfolgend finden Sie einige einfache Video-Tutorials, die Ihnen erkl\u00e4ren, wie das Bestellen in unserem Webshop funktioniert. Wenn Sie Fragen haben, wenden Sie sich bitte an unseren Vertriebsinnendienst 0180-63 70 63 oder per E-Mail: orders@notenbeurs.nl &nbsp; Wie funktioniert das? SCHRITT 1. Fordern Sie Ihre Zugangsdaten f\u00fcr den Webshop per E-Mail an: orders@notenbeurs.nl. Bitte geben [&hellip;]","og_url":"https:\/\/notenbeurs.nl\/de\/faq-der-notenbeurs-webshop\/","og_site_name":"De NotenBeurs","article_publisher":"https:\/\/www.facebook.com\/deNotenbeurs\/","twitter_misc":{"Gesch\u00e4tzte Lesezeit":"1\u00a0Minute"},"schema":{"@context":"https:\/\/schema.org","@graph":[{"@type":"WebPage","@id":"https:\/\/notenbeurs.nl\/de\/faq-der-notenbeurs-webshop\/","url":"https:\/\/notenbeurs.nl\/de\/faq-der-notenbeurs-webshop\/","name":"FAQ Der NotenBeurs-Webshop - De NotenBeurs","isPartOf":{"@id":"https:\/\/notenbeurs.nl\/de\/#website"},"datePublished":"2024-10-28T08:55:13+00:00","breadcrumb":{"@id":"https:\/\/notenbeurs.nl\/de\/faq-der-notenbeurs-webshop\/#breadcrumb"},"inLanguage":"de","potentialAction":[{"@type":"ReadAction","target":["https:\/\/notenbeurs.nl\/de\/faq-der-notenbeurs-webshop\/"]}]},{"@type":"BreadcrumbList","@id":"https:\/\/notenbeurs.nl\/de\/faq-der-notenbeurs-webshop\/#breadcrumb","itemListElement":[{"@type":"ListItem","position":1,"name":"Home","item":"https:\/\/notenbeurs.nl\/de\/"},{"@type":"ListItem","position":2,"name":"FAQ Der NotenBeurs-Webshop"}]},{"@type":"WebSite","@id":"https:\/\/notenbeurs.nl\/de\/#website","url":"https:\/\/notenbeurs.nl\/de\/","name":"De NotenBeurs","description":"Totaal Groothandel in pinda&#039;s, noten en zuidvruchten","publisher":{"@id":"https:\/\/notenbeurs.nl\/de\/#organization"},"potentialAction":[{"@type":"SearchAction","target":{"@type":"EntryPoint","urlTemplate":"https:\/\/notenbeurs.nl\/de\/?s={search_term_string}"},"query-input":{"@type":"PropertyValueSpecification","valueRequired":true,"valueName":"search_term_string"}}],"inLanguage":"de"},{"@type":"Organization","@id":"https:\/\/notenbeurs.nl\/de\/#organization","name":"de NotenBeurs","url":"https:\/\/notenbeurs.nl\/de\/","logo":{"@type":"ImageObject","inLanguage":"de","@id":"https:\/\/notenbeurs.nl\/de\/#\/schema\/logo\/image\/","url":"https:\/\/notenbeurs.nl\/wp-content\/uploads\/2024\/04\/DNB-premium-logo-400px-new-1.png","contentUrl":"https:\/\/notenbeurs.nl\/wp-content\/uploads\/2024\/04\/DNB-premium-logo-400px-new-1.png","width":480,"height":400,"caption":"de NotenBeurs"},"image":{"@id":"https:\/\/notenbeurs.nl\/de\/#\/schema\/logo\/image\/"},"sameAs":["https:\/\/www.facebook.com\/deNotenbeurs\/","https:\/\/nl.linkedin.com\/company\/denotenbeurs"]}]}},"_links":{"self":[{"href":"https:\/\/notenbeurs.nl\/de\/wp-json\/wp\/v2\/pages\/188988","targetHints":{"allow":["GET"]}}],"collection":[{"href":"https:\/\/notenbeurs.nl\/de\/wp-json\/wp\/v2\/pages"}],"about":[{"href":"https:\/\/notenbeurs.nl\/de\/wp-json\/wp\/v2\/types\/page"}],"author":[{"embeddable":true,"href":"https:\/\/notenbeurs.nl\/de\/wp-json\/wp\/v2\/users\/7"}],"replies":[{"embeddable":true,"href":"https:\/\/notenbeurs.nl\/de\/wp-json\/wp\/v2\/comments?post=188988"}],"version-history":[{"count":2,"href":"https:\/\/notenbeurs.nl\/de\/wp-json\/wp\/v2\/pages\/188988\/revisions"}],"predecessor-version":[{"id":188990,"href":"https:\/\/notenbeurs.nl\/de\/wp-json\/wp\/v2\/pages\/188988\/revisions\/188990"}],"wp:attachment":[{"href":"https:\/\/notenbeurs.nl\/de\/wp-json\/wp\/v2\/media?parent=188988"}],"curies":[{"name":"wp","href":"https:\/\/api.w.org\/{rel}","templated":true}]}}